{"id":709919,"date":"2025-08-27T16:30:48","date_gmt":"2025-08-27T13:30:48","guid":{"rendered":"https:\/\/roveyayinevi.com.tr\/index.php\/urun\/alice-harikalar-diyarinda-5\/"},"modified":"2026-04-16T02:18:46","modified_gmt":"2026-04-15T23:18:46","slug":"alice-harikalar-diyarinda-5","status":"publish","type":"product","link":"https:\/\/roveyayinevi.com.tr\/index.php\/urun\/alice-harikalar-diyarinda-5\/","title":{"rendered":"Alice Harikalar Diyar\u0131nda"},"content":{"rendered":"<p>Ablas\u0131n\u0131n kuca\u011f\u0131nda bir bankta uyuyakalan k\u00fc\u00e7\u00fck Alice, kendi kendine konu\u015fan bir tav\u015fan\u0131n pe\u015fine tak\u0131l\u0131r ve bir anda kendini hi\u00e7 beklemedi\u011fi bir d\u00fcnyan\u0131n i\u00e7inde bulur. Bu d\u00fcnya \u00f6ylesine b\u00fcy\u00fcl\u00fc bir yerdir ki k\u00fc\u00e7\u00fck Alice ilk ba\u015fta \u015fa\u015f\u0131rsa da, zamanla bu garip ve heyecan verici d\u00fcnyaya al\u0131\u015f\u0131r. Bu d\u00fcnyada t\u00fcm canl\u0131lar konu\u015fmaktad\u0131r, iskambil ka\u011f\u0131tlar\u0131 asker olmu\u015ftur. D\u00fc\u015fes, tela\u015fl\u0131 ve krali\u00e7eyi k\u0131zd\u0131rmaktan \u00f6lesiye korkan Beyaz Tav\u015fan, \u00fcz\u00fclecek hi\u00e7bir \u015feyi olmad\u0131\u011f\u0131 i\u00e7in a\u011flayan Sahte Kaplumba\u011fa, filozof Cheshire Kedisi, ka\u00e7\u0131k \u015eapkac\u0131 ve Mart Tav\u015fan\u0131, \u00fclkedeki herkesin kafas\u0131n\u0131 u\u00e7urmak i\u00e7in en az bir kere emir vermi\u015f olan ama kimsenin dinlemedi\u011fi Kupa Krali\u00e7esi. Size fantastik ve b\u00fcy\u00fcl\u00fc bir d\u00fcnyan\u0131n kap\u0131lar\u0131n\u0131 a\u00e7an bu kitap, hayal g\u00fcc\u00fcn\u00fcz\u00fcn s\u0131n\u0131rlar\u0131n\u0131 zorlayacak <\/p>\n","protected":false},"excerpt":{"rendered":"<p>Ablas\u0131n\u0131n kuca\u011f\u0131nda bir bankta uyuyakalan k\u00fc\u00e7\u00fck Alice, kendi kendine konu\u015fan bir tav\u015fan\u0131n pe\u015fine tak\u0131l\u0131r ve bir anda kendini hi\u00e7 beklemedi\u011fi bir d\u00fcnyan\u0131n i\u00e7inde bulur. Bu d\u00fcnya<span class=\"excerpt-hellip\"> [\u2026]<\/span><\/p>\n","protected":false},"featured_media":0,"template":"","meta":{"_monsterinsights_skip_tracking":false,"_monsterinsights_sitenote_active":false,"_monsterinsights_sitenote_note":"","_monsterinsights_sitenote_category":0},"product_brand":[],"product_cat":[12274,12284],"product_tag":[],"class_list":{"0":"post-709919","1":"product","2":"type-product","3":"status-publish","5":"product_cat-cocuk-ve-genclik-kitaplari","6":"product_cat-hikayeler","7":"pa_cilt-ciltsiz","8":"pa_tur-kitap","9":"pa_yayinevi-fark-yayinlari","10":"pa_yazar-lewis-carroll","12":"first","13":"instock","14":"sale","15":"shipping-taxable","16":"purchasable","17":"product-type-simple"},"_links":{"self":[{"href":"https:\/\/roveyayinevi.com.tr\/index.php\/wp-json\/wp\/v2\/product\/709919","targetHints":{"allow":["GET"]}}],"collection":[{"href":"https:\/\/roveyayinevi.com.tr\/index.php\/wp-json\/wp\/v2\/product"}],"about":[{"href":"https:\/\/roveyayinevi.com.tr\/index.php\/wp-json\/wp\/v2\/types\/product"}],"wp:attachment":[{"href":"https:\/\/roveyayinevi.com.tr\/index.php\/wp-json\/wp\/v2\/media?parent=709919"}],"wp:term":[{"taxonomy":"product_brand","embeddable":true,"href":"https:\/\/roveyayinevi.com.tr\/index.php\/wp-json\/wp\/v2\/product_brand?post=709919"},{"taxonomy":"product_cat","embeddable":true,"href":"https:\/\/roveyayinevi.com.tr\/index.php\/wp-json\/wp\/v2\/product_cat?post=709919"},{"taxonomy":"product_tag","embeddable":true,"href":"https:\/\/roveyayinevi.com.tr\/index.php\/wp-json\/wp\/v2\/product_tag?post=709919"}],"curies":[{"name":"wp","href":"https:\/\/api.w.org\/{rel}","templated":true}]}}