{"id":709918,"date":"2025-08-27T16:30:47","date_gmt":"2025-08-27T13:30:47","guid":{"rendered":"https:\/\/roveyayinevi.com.tr\/index.php\/urun\/babalar-ve-ogullar-8\/"},"modified":"2026-04-16T02:18:46","modified_gmt":"2026-04-15T23:18:46","slug":"babalar-ve-ogullar-8","status":"publish","type":"product","link":"https:\/\/roveyayinevi.com.tr\/index.php\/urun\/babalar-ve-ogullar-8\/","title":{"rendered":"Babalar ve O\u011fullar"},"content":{"rendered":"<p>Modernle\u015fen Rusya\u2019da hala geleneklere tutunan bir babayla, onun modernli\u011fi ve yenili\u011fi savunan o\u011flunun ve arkada\u015f\u0131n\u0131n ya\u015fad\u0131\u011f\u0131 \u00e7eli\u015fkilerin, anla\u015fmazl\u0131klar\u0131n ve tart\u0131\u015fmalar\u0131n anlat\u0131ld\u0131\u011f\u0131 Babalar ve O\u011fullar, Turgenyev\u2019in unutulmaz eserlerinden biridir. G\u00fcn\u00fcm\u00fczde de hala ge\u00e7erlili\u011fini koruyan ku\u015fak \u00e7at\u0131\u015fmas\u0131na \u0131\u015f\u0131k tutan bu kitab\u0131 okurken, kendi ya\u015fam\u0131n\u0131za dair mutlaka izler bulacaks\u0131n\u0131z. <\/p>\n","protected":false},"excerpt":{"rendered":"<p>Modernle\u015fen Rusya\u2019da hala geleneklere tutunan bir babayla, onun modernli\u011fi ve yenili\u011fi savunan o\u011flunun ve arkada\u015f\u0131n\u0131n ya\u015fad\u0131\u011f\u0131 \u00e7eli\u015fkilerin, anla\u015fmazl\u0131klar\u0131n ve tart\u0131\u015fmalar\u0131n anlat\u0131ld\u0131\u011f\u0131 Babalar ve O\u011fullar, Turgenyev\u2019in unutulmaz<span class=\"excerpt-hellip\"> [\u2026]<\/span><\/p>\n","protected":false},"featured_media":0,"template":"","meta":{"_monsterinsights_skip_tracking":false,"_monsterinsights_sitenote_active":false,"_monsterinsights_sitenote_note":"","_monsterinsights_sitenote_category":0},"product_brand":[],"product_cat":[12274,12284],"product_tag":[],"class_list":{"0":"post-709918","1":"product","2":"type-product","3":"status-publish","5":"product_cat-cocuk-ve-genclik-kitaplari","6":"product_cat-hikayeler","7":"pa_cilt-ciltsiz","8":"pa_tur-kitap","9":"pa_yayinevi-fark-yayinlari","10":"pa_yazar-ivan-sergeyevic-turgenyev","12":"first","13":"instock","14":"sale","15":"shipping-taxable","16":"purchasable","17":"product-type-simple"},"_links":{"self":[{"href":"https:\/\/roveyayinevi.com.tr\/index.php\/wp-json\/wp\/v2\/product\/709918","targetHints":{"allow":["GET"]}}],"collection":[{"href":"https:\/\/roveyayinevi.com.tr\/index.php\/wp-json\/wp\/v2\/product"}],"about":[{"href":"https:\/\/roveyayinevi.com.tr\/index.php\/wp-json\/wp\/v2\/types\/product"}],"wp:attachment":[{"href":"https:\/\/roveyayinevi.com.tr\/index.php\/wp-json\/wp\/v2\/media?parent=709918"}],"wp:term":[{"taxonomy":"product_brand","embeddable":true,"href":"https:\/\/roveyayinevi.com.tr\/index.php\/wp-json\/wp\/v2\/product_brand?post=709918"},{"taxonomy":"product_cat","embeddable":true,"href":"https:\/\/roveyayinevi.com.tr\/index.php\/wp-json\/wp\/v2\/product_cat?post=709918"},{"taxonomy":"product_tag","embeddable":true,"href":"https:\/\/roveyayinevi.com.tr\/index.php\/wp-json\/wp\/v2\/product_tag?post=709918"}],"curies":[{"name":"wp","href":"https:\/\/api.w.org\/{rel}","templated":true}]}}