{"id":709909,"date":"2025-08-27T16:30:42","date_gmt":"2025-08-27T13:30:42","guid":{"rendered":"https:\/\/roveyayinevi.com.tr\/index.php\/urun\/jacobun-odasi-2\/"},"modified":"2026-04-16T02:18:46","modified_gmt":"2026-04-15T23:18:46","slug":"jacobun-odasi-2","status":"publish","type":"product","link":"https:\/\/roveyayinevi.com.tr\/index.php\/urun\/jacobun-odasi-2\/","title":{"rendered":"Jacob&#8217;un Odas\u0131"},"content":{"rendered":"<p>Jacob\u2019un Odas\u0131, Virginia Woolf\u2019un ilk deneysel roman\u0131d\u0131r. Bu kitapta bilinen t\u00fcm geleneksel y\u00f6ntemleri k\u0131rm\u0131\u015f, imkans\u0131z\u0131 ba\u015farm\u0131\u015f ve yeni bir teknikle okurun kar\u015f\u0131s\u0131na \u00e7\u0131km\u0131\u015ft\u0131r. Kelimeler, zihnin ak\u0131\u015f\u0131yla uyum i\u00e7indedir ve geleneksel anlat\u0131mda \u00e7ok uzaktad\u0131r ; hikayenin ak\u0131\u015f\u0131nda kopukluklar vard\u0131r ve par\u00e7alara ayr\u0131lm\u0131\u015ft\u0131r. Belirli bir olay \u00f6rg\u00fcs\u00fc yoktur ; zaman ve mekan da belirsizdir. <\/p>\n","protected":false},"excerpt":{"rendered":"<p>Jacob\u2019un Odas\u0131, Virginia Woolf\u2019un ilk deneysel roman\u0131d\u0131r. Bu kitapta bilinen t\u00fcm geleneksel y\u00f6ntemleri k\u0131rm\u0131\u015f, imkans\u0131z\u0131 ba\u015farm\u0131\u015f ve yeni bir teknikle okurun kar\u015f\u0131s\u0131na \u00e7\u0131km\u0131\u015ft\u0131r. Kelimeler, zihnin ak\u0131\u015f\u0131yla<span class=\"excerpt-hellip\"> [\u2026]<\/span><\/p>\n","protected":false},"featured_media":0,"template":"","meta":{"_monsterinsights_skip_tracking":false,"_monsterinsights_sitenote_active":false,"_monsterinsights_sitenote_note":"","_monsterinsights_sitenote_category":0},"product_brand":[],"product_cat":[12291,12711],"product_tag":[],"class_list":{"0":"post-709909","1":"product","2":"type-product","3":"status-publish","5":"product_cat-edebiyat","6":"product_cat-roman-oyku","7":"pa_cilt-ciltsiz","8":"pa_tur-kitap","9":"pa_yayinevi-oda-yayinlari","10":"pa_yazar-virginia-woolf","12":"first","13":"instock","14":"sale","15":"shipping-taxable","16":"purchasable","17":"product-type-simple"},"_links":{"self":[{"href":"https:\/\/roveyayinevi.com.tr\/index.php\/wp-json\/wp\/v2\/product\/709909","targetHints":{"allow":["GET"]}}],"collection":[{"href":"https:\/\/roveyayinevi.com.tr\/index.php\/wp-json\/wp\/v2\/product"}],"about":[{"href":"https:\/\/roveyayinevi.com.tr\/index.php\/wp-json\/wp\/v2\/types\/product"}],"wp:attachment":[{"href":"https:\/\/roveyayinevi.com.tr\/index.php\/wp-json\/wp\/v2\/media?parent=709909"}],"wp:term":[{"taxonomy":"product_brand","embeddable":true,"href":"https:\/\/roveyayinevi.com.tr\/index.php\/wp-json\/wp\/v2\/product_brand?post=709909"},{"taxonomy":"product_cat","embeddable":true,"href":"https:\/\/roveyayinevi.com.tr\/index.php\/wp-json\/wp\/v2\/product_cat?post=709909"},{"taxonomy":"product_tag","embeddable":true,"href":"https:\/\/roveyayinevi.com.tr\/index.php\/wp-json\/wp\/v2\/product_tag?post=709909"}],"curies":[{"name":"wp","href":"https:\/\/api.w.org\/{rel}","templated":true}]}}