{"id":709906,"date":"2025-08-27T16:30:41","date_gmt":"2025-08-27T13:30:41","guid":{"rendered":"https:\/\/roveyayinevi.com.tr\/index.php\/urun\/dunyayi-gezmek-isteyen-horoz\/"},"modified":"2026-04-16T02:18:46","modified_gmt":"2026-04-15T23:18:46","slug":"dunyayi-gezmek-isteyen-horoz","status":"publish","type":"product","link":"https:\/\/roveyayinevi.com.tr\/index.php\/urun\/dunyayi-gezmek-isteyen-horoz\/","title":{"rendered":"D\u00fcnyay\u0131 Gezmek \u0130steyen Horoz"},"content":{"rendered":"<p>Bir horoz, iki kedi, \u00fc\u00e7 kurba\u011fa, d\u00f6rt kaplumba\u011fa, be\u015f bal\u0131k&#8230; On be\u015f arkada\u015f d\u00fcnyay\u0131 gezmek i\u00e7in yola \u00e7\u0131kar: Peki uykular\u0131 gelince ne olacak? Ya kar\u0131nlar\u0131 ac\u0131kt\u0131\u011f\u0131ndaD\u00fcnyaca \u00fcnl\u00fc A\u00e7 T\u0131rt\u0131l kitab\u0131n\u0131n yarat\u0131c\u0131s\u0131 Eric Carle&#8217;\u0131n say\u0131larla yeni tan\u0131\u015fan \u00e7ocuklar i\u00e7in yaz\u0131p resimledi\u011fi bu harika \u00f6yk\u00fc, b\u00fcy\u00fck boyutu ve capcanl\u0131 resimleriyle miniklerin ellerinden d\u00fc\u015f\u00fcremeyecekleri bir kitap olacak. <\/p>\n","protected":false},"excerpt":{"rendered":"<p>Bir horoz, iki kedi, \u00fc\u00e7 kurba\u011fa, d\u00f6rt kaplumba\u011fa, be\u015f bal\u0131k&#8230; On be\u015f arkada\u015f d\u00fcnyay\u0131 gezmek i\u00e7in yola \u00e7\u0131kar: Peki uykular\u0131 gelince ne olacak? Ya kar\u0131nlar\u0131 ac\u0131kt\u0131\u011f\u0131ndaD\u00fcnyaca<span class=\"excerpt-hellip\"> [\u2026]<\/span><\/p>\n","protected":false},"featured_media":0,"template":"","meta":{"_monsterinsights_skip_tracking":false,"_monsterinsights_sitenote_active":false,"_monsterinsights_sitenote_note":"","_monsterinsights_sitenote_category":0},"product_brand":[],"product_cat":[12913,12274],"product_tag":[],"class_list":{"0":"post-709906","1":"product","2":"type-product","3":"status-publish","5":"product_cat-3-6-yas-kitaplari","6":"product_cat-cocuk-ve-genclik-kitaplari","7":"pa_cilt-ciltsiz","8":"pa_tur-kitap","9":"pa_yayinevi-mavi-bulut-yayinlari","10":"pa_yazar-eric-carle","12":"first","13":"instock","14":"sale","15":"shipping-taxable","16":"purchasable","17":"product-type-simple"},"_links":{"self":[{"href":"https:\/\/roveyayinevi.com.tr\/index.php\/wp-json\/wp\/v2\/product\/709906","targetHints":{"allow":["GET"]}}],"collection":[{"href":"https:\/\/roveyayinevi.com.tr\/index.php\/wp-json\/wp\/v2\/product"}],"about":[{"href":"https:\/\/roveyayinevi.com.tr\/index.php\/wp-json\/wp\/v2\/types\/product"}],"wp:attachment":[{"href":"https:\/\/roveyayinevi.com.tr\/index.php\/wp-json\/wp\/v2\/media?parent=709906"}],"wp:term":[{"taxonomy":"product_brand","embeddable":true,"href":"https:\/\/roveyayinevi.com.tr\/index.php\/wp-json\/wp\/v2\/product_brand?post=709906"},{"taxonomy":"product_cat","embeddable":true,"href":"https:\/\/roveyayinevi.com.tr\/index.php\/wp-json\/wp\/v2\/product_cat?post=709906"},{"taxonomy":"product_tag","embeddable":true,"href":"https:\/\/roveyayinevi.com.tr\/index.php\/wp-json\/wp\/v2\/product_tag?post=709906"}],"curies":[{"name":"wp","href":"https:\/\/api.w.org\/{rel}","templated":true}]}}