{"id":709905,"date":"2025-08-27T16:30:40","date_gmt":"2025-08-27T13:30:40","guid":{"rendered":"https:\/\/roveyayinevi.com.tr\/index.php\/urun\/tuhaf-bir-sabah-ciltli\/"},"modified":"2026-04-16T02:18:46","modified_gmt":"2026-04-15T23:18:46","slug":"tuhaf-bir-sabah-ciltli","status":"publish","type":"product","link":"https:\/\/roveyayinevi.com.tr\/index.php\/urun\/tuhaf-bir-sabah-ciltli\/","title":{"rendered":"Tuhaf Bir Sabah (Ciltli)"},"content":{"rendered":"<p>&#8220;\u00c7ocuktum ufac\u0131kt\u0131m&#8230; Bir sabah uyand\u0131\u011f\u0131mda kocaman bir surat bana bak\u0131yordu&#8230; Sonra g\u00fcne\u015f do\u011fdu&#8230;&#8221; \u00c7ocuklara okumay\u0131 sevdiren yazar Fatih Erdo\u011fan&#8217;dan \u00e7ok tuhaf ve \u00e7ok e\u011flenceli bir \u00f6yk\u00fc. \ufffcTan\u0131t\u0131m Metni<\/p>\n","protected":false},"excerpt":{"rendered":"<p>&#8220;\u00c7ocuktum ufac\u0131kt\u0131m&#8230; Bir sabah uyand\u0131\u011f\u0131mda kocaman bir surat bana bak\u0131yordu&#8230; Sonra g\u00fcne\u015f do\u011fdu&#8230;&#8221; \u00c7ocuklara okumay\u0131 sevdiren yazar Fatih Erdo\u011fan&#8217;dan \u00e7ok tuhaf ve \u00e7ok e\u011flenceli bir \u00f6yk\u00fc.<span class=\"excerpt-hellip\"> [\u2026]<\/span><\/p>\n","protected":false},"featured_media":0,"template":"","meta":{"_monsterinsights_skip_tracking":false,"_monsterinsights_sitenote_active":false,"_monsterinsights_sitenote_note":"","_monsterinsights_sitenote_category":0},"product_brand":[],"product_cat":[12274,12518],"product_tag":[],"class_list":{"0":"post-709905","1":"product","2":"type-product","3":"status-publish","5":"product_cat-cocuk-ve-genclik-kitaplari","6":"product_cat-okul-oncesi-kitaplar","7":"pa_cilt-ciltli","8":"pa_tur-kitap","9":"pa_yayinevi-mavi-bulut-yayinlari","10":"pa_yazar-fatih-erdogan","12":"first","13":"instock","14":"sale","15":"shipping-taxable","16":"purchasable","17":"product-type-simple"},"_links":{"self":[{"href":"https:\/\/roveyayinevi.com.tr\/index.php\/wp-json\/wp\/v2\/product\/709905","targetHints":{"allow":["GET"]}}],"collection":[{"href":"https:\/\/roveyayinevi.com.tr\/index.php\/wp-json\/wp\/v2\/product"}],"about":[{"href":"https:\/\/roveyayinevi.com.tr\/index.php\/wp-json\/wp\/v2\/types\/product"}],"wp:attachment":[{"href":"https:\/\/roveyayinevi.com.tr\/index.php\/wp-json\/wp\/v2\/media?parent=709905"}],"wp:term":[{"taxonomy":"product_brand","embeddable":true,"href":"https:\/\/roveyayinevi.com.tr\/index.php\/wp-json\/wp\/v2\/product_brand?post=709905"},{"taxonomy":"product_cat","embeddable":true,"href":"https:\/\/roveyayinevi.com.tr\/index.php\/wp-json\/wp\/v2\/product_cat?post=709905"},{"taxonomy":"product_tag","embeddable":true,"href":"https:\/\/roveyayinevi.com.tr\/index.php\/wp-json\/wp\/v2\/product_tag?post=709905"}],"curies":[{"name":"wp","href":"https:\/\/api.w.org\/{rel}","templated":true}]}}