{"id":709903,"date":"2025-08-27T16:30:39","date_gmt":"2025-08-27T13:30:39","guid":{"rendered":"https:\/\/roveyayinevi.com.tr\/index.php\/urun\/gezgin-fotogracilar-icin-elkitabi\/"},"modified":"2026-04-16T02:18:46","modified_gmt":"2026-04-15T23:18:46","slug":"gezgin-fotogracilar-icin-elkitabi","status":"publish","type":"product","link":"https:\/\/roveyayinevi.com.tr\/index.php\/urun\/gezgin-fotogracilar-icin-elkitabi\/","title":{"rendered":"Gezgin Foto\u011fra\u00e7\u0131lar \u0130\u00e7in Elkitab\u0131"},"content":{"rendered":"<p>Bug\u00fcn bir foto\u011fraf gezisine \u00e7\u0131kt\u0131\u011f\u0131n\u0131zda hem gezi ile ilgili ipu\u00e7lar\u0131na hem de bu gezi boyunca yapaca\u011f\u0131n\u0131z \u00e7ekimlerde nas\u0131l hareket etmeniz gerekti\u011fi ile ilgili teknik bilgilere ihtiya\u00e7 duyars\u0131n\u0131z. \u0130\u015fte bu kitap, bir foto\u011fraf gezisinde ihtiya\u00e7 duyaca\u011f\u0131n\u0131z otelden restorana, ula\u015f\u0131mdan g\u00fcvenli\u011fe, sa\u011fl\u0131ktan ara\u00e7 kiralamaya kadar bir\u00e7ok ipucunu sizinle payla\u015f\u0131yor. Gezgin Foto\u011fraf\u00e7\u0131lar \u0130\u00e7in Elkitab\u0131; manzara, portre, mimari, i\u00e7 mek\u00e2n, makro, uzun pozland\u0131rma, gece, h avai f i\u015fek, y\u0131ld\u0131z kaymas\u0131, s\u0131n\u0131rs\u0131z netlik, panorama ile Time Lapse \u00e7ekim gibi foto\u011fraf \u00e7ekim teknikleri hakk\u0131nda ayr\u0131nt\u0131l\u0131 bir\u00e7ok bilgi sunan, sundu\u011fu bilgileri \u00f6rneklerle peki\u015ftiren bir kaynak. <\/p>\n","protected":false},"excerpt":{"rendered":"<p>Bug\u00fcn bir foto\u011fraf gezisine \u00e7\u0131kt\u0131\u011f\u0131n\u0131zda hem gezi ile ilgili ipu\u00e7lar\u0131na hem de bu gezi boyunca yapaca\u011f\u0131n\u0131z \u00e7ekimlerde nas\u0131l hareket etmeniz gerekti\u011fi ile ilgili teknik bilgilere ihtiya\u00e7<span class=\"excerpt-hellip\"> [\u2026]<\/span><\/p>\n","protected":false},"featured_media":0,"template":"","meta":{"_monsterinsights_skip_tracking":false,"_monsterinsights_sitenote_active":false,"_monsterinsights_sitenote_note":"","_monsterinsights_sitenote_category":0},"product_brand":[],"product_cat":[12409,12408],"product_tag":[],"class_list":{"0":"post-709903","1":"product","2":"type-product","3":"status-publish","5":"product_cat-fotograf-sinema-tiyatro","6":"product_cat-sanat","7":"pa_cilt-ciltsiz","8":"pa_tur-kitap","9":"pa_yayinevi-say-yayinlari","10":"pa_yazar-ozan-kanburoglu","12":"first","13":"instock","14":"sale","15":"shipping-taxable","16":"purchasable","17":"product-type-simple"},"_links":{"self":[{"href":"https:\/\/roveyayinevi.com.tr\/index.php\/wp-json\/wp\/v2\/product\/709903","targetHints":{"allow":["GET"]}}],"collection":[{"href":"https:\/\/roveyayinevi.com.tr\/index.php\/wp-json\/wp\/v2\/product"}],"about":[{"href":"https:\/\/roveyayinevi.com.tr\/index.php\/wp-json\/wp\/v2\/types\/product"}],"wp:attachment":[{"href":"https:\/\/roveyayinevi.com.tr\/index.php\/wp-json\/wp\/v2\/media?parent=709903"}],"wp:term":[{"taxonomy":"product_brand","embeddable":true,"href":"https:\/\/roveyayinevi.com.tr\/index.php\/wp-json\/wp\/v2\/product_brand?post=709903"},{"taxonomy":"product_cat","embeddable":true,"href":"https:\/\/roveyayinevi.com.tr\/index.php\/wp-json\/wp\/v2\/product_cat?post=709903"},{"taxonomy":"product_tag","embeddable":true,"href":"https:\/\/roveyayinevi.com.tr\/index.php\/wp-json\/wp\/v2\/product_tag?post=709903"}],"curies":[{"name":"wp","href":"https:\/\/api.w.org\/{rel}","templated":true}]}}