{"id":709902,"date":"2025-08-27T16:30:39","date_gmt":"2025-08-27T13:30:39","guid":{"rendered":"https:\/\/roveyayinevi.com.tr\/index.php\/urun\/ben-ugur-mumcuyum\/"},"modified":"2025-08-31T15:06:17","modified_gmt":"2025-08-31T12:06:17","slug":"ben-ugur-mumcuyum","status":"publish","type":"product","link":"https:\/\/roveyayinevi.com.tr\/index.php\/urun\/ben-ugur-mumcuyum\/","title":{"rendered":"Ben U\u011fur Mumcu&#8217;yum"},"content":{"rendered":"<p>\u201c\u0130sterler ki susal\u0131m; isterler ki yazd\u0131klar\u0131m\u0131z\u0131n hi\u00e7biri, hele bu d\u00f6nemde yaz\u0131lmas\u0131n. Bunun i\u00e7indir ki, bizleri susturmak i\u00e7in t\u00fcrl\u00fc yollara ba\u015fvururlar. Bizleri susturmak i\u00e7in ba\u015fvurduklar\u0131 ve ellerine y\u00fczlerine bula\u015ft\u0131rd\u0131klar\u0131 sinsi giri\u015fimleri ile ilgili ipu\u00e7lar\u0131 ellerimizdedir! Bunu da bilir, bunlar\u0131n a\u00e7\u0131\u011fa \u00e7\u0131kmamas\u0131 i\u00e7in k\u00f6\u015felerinde k\u0131vran\u0131p durular.Evet yazaca\u011f\u0131z, susmayaca\u011f\u0131z. B\u00fct\u00fcn yolsuzluklar\u0131, ka\u00e7ak\u00e7\u0131l\u0131klar\u0131, pislikleri, cinayetleri tek tek sergileyece\u011fiz.\u201dU\u011fur MUMCU<\/p>\n","protected":false},"excerpt":{"rendered":"<p>\u201c\u0130sterler ki susal\u0131m; isterler ki yazd\u0131klar\u0131m\u0131z\u0131n hi\u00e7biri, hele bu d\u00f6nemde yaz\u0131lmas\u0131n. Bunun i\u00e7indir ki, bizleri susturmak i\u00e7in t\u00fcrl\u00fc yollara ba\u015fvururlar. Bizleri susturmak i\u00e7in ba\u015fvurduklar\u0131 ve ellerine<span class=\"excerpt-hellip\"> [\u2026]<\/span><\/p>\n","protected":false},"featured_media":0,"template":"","meta":{"_monsterinsights_skip_tracking":false,"_monsterinsights_sitenote_active":false,"_monsterinsights_sitenote_note":"","_monsterinsights_sitenote_category":0},"product_brand":[],"product_cat":[12337,14543],"product_tag":[],"class_list":{"0":"post-709902","1":"product","2":"type-product","3":"status-publish","5":"product_cat-politika-siyaset","6":"product_cat-turkiye-siyaseti-ve-politikasi","7":"pa_cilt-ciltsiz","8":"pa_tur-kitap","9":"pa_yayinevi-umag-yayinevi","10":"pa_yazar-orhan-tuleylioglu","12":"first","13":"instock","14":"sale","15":"shipping-taxable","16":"purchasable","17":"product-type-simple"},"_links":{"self":[{"href":"https:\/\/roveyayinevi.com.tr\/index.php\/wp-json\/wp\/v2\/product\/709902","targetHints":{"allow":["GET"]}}],"collection":[{"href":"https:\/\/roveyayinevi.com.tr\/index.php\/wp-json\/wp\/v2\/product"}],"about":[{"href":"https:\/\/roveyayinevi.com.tr\/index.php\/wp-json\/wp\/v2\/types\/product"}],"wp:attachment":[{"href":"https:\/\/roveyayinevi.com.tr\/index.php\/wp-json\/wp\/v2\/media?parent=709902"}],"wp:term":[{"taxonomy":"product_brand","embeddable":true,"href":"https:\/\/roveyayinevi.com.tr\/index.php\/wp-json\/wp\/v2\/product_brand?post=709902"},{"taxonomy":"product_cat","embeddable":true,"href":"https:\/\/roveyayinevi.com.tr\/index.php\/wp-json\/wp\/v2\/product_cat?post=709902"},{"taxonomy":"product_tag","embeddable":true,"href":"https:\/\/roveyayinevi.com.tr\/index.php\/wp-json\/wp\/v2\/product_tag?post=709902"}],"curies":[{"name":"wp","href":"https:\/\/api.w.org\/{rel}","templated":true}]}}