{"id":709901,"date":"2025-08-27T16:30:38","date_gmt":"2025-08-27T13:30:38","guid":{"rendered":"https:\/\/roveyayinevi.com.tr\/index.php\/urun\/kendine-ait-bir-odabez-ciltli\/"},"modified":"2026-04-16T02:18:46","modified_gmt":"2026-04-15T23:18:46","slug":"kendine-ait-bir-odabez-ciltli","status":"publish","type":"product","link":"https:\/\/roveyayinevi.com.tr\/index.php\/urun\/kendine-ait-bir-odabez-ciltli\/","title":{"rendered":"Kendine Ait Bir Oda(Bez Ciltli)"},"content":{"rendered":"<p>En \u00e7ok okunan klasikler, T\u00fcrkiye&#8217;nin \u00f6nde gelen \u00e7evirmenlerinin \u00f6zenli \u00e7evirileri ve alan\u0131nda uzman akademisyenlerin edit\u00f6rl\u00fc\u011f\u00fcnde okuyucularla bulu\u015fuyor.Kad\u0131nlardan neden Shakespeare gibi bir deha \u00e7\u0131km\u0131yor sorusuna Kendine Ait Bir Oda ile tokat gibi bir cevap veren Virginia Woolf, yarat\u0131c\u0131l\u0131\u011f\u0131n gizemli ama tehlikeli co\u011frafyas\u0131na a\u00e7\u0131lan kap\u0131lar\u0131 aralam\u0131\u015f ve kad\u0131nlar\u0131n sesini edebiyata kaz\u0131m\u0131\u015ft\u0131r.Kad\u0131n \u00f6zg\u00fcrl\u00fc\u011f\u00fcn\u00fcn her anlamda k\u0131s\u0131tland\u0131\u011f\u0131 bir d\u00f6nemde ya\u015famas\u0131na ra\u011fmen edebiyat tarihinin gelmi\u015f ge\u00e7mi\u015f en \u00f6nemli yazarlar\u0131ndan biri olarak an\u0131lan Woolf&#8217;a g\u00f6re, d\u00fcnyan\u0131n gidi\u015fat\u0131n\u0131 de\u011fi\u015ftirebilecek g\u00fc\u00e7te eserler b\u0131rakman\u0131n anahtar\u0131 zihinsel \u00f6zg\u00fcrl\u00fckt\u00fcr. Bu da ancak &#8220;kendine ait bir oda\u201d ile m\u00fcmk\u00fcnd\u00fcr.Yay\u0131mland\u0131\u011f\u0131 g\u00fcnden beri say\u0131s\u0131z kad\u0131na ilham ve cesaret vermi\u015f olan bu eseri, Handan Haktan\u0131r&#8217;\u0131n \u00f6zenli \u00e7evirisiyle sunuyoruz.<\/p>\n","protected":false},"excerpt":{"rendered":"<p>En \u00e7ok okunan klasikler, T\u00fcrkiye&#8217;nin \u00f6nde gelen \u00e7evirmenlerinin \u00f6zenli \u00e7evirileri ve alan\u0131nda uzman akademisyenlerin edit\u00f6rl\u00fc\u011f\u00fcnde okuyucularla bulu\u015fuyor.Kad\u0131nlardan neden Shakespeare gibi bir deha \u00e7\u0131km\u0131yor sorusuna Kendine Ait<span class=\"excerpt-hellip\"> [\u2026]<\/span><\/p>\n","protected":false},"featured_media":0,"template":"","meta":{"_monsterinsights_skip_tracking":false,"_monsterinsights_sitenote_active":false,"_monsterinsights_sitenote_note":"","_monsterinsights_sitenote_category":0},"product_brand":[],"product_cat":[12291,12711],"product_tag":[],"class_list":{"0":"post-709901","1":"product","2":"type-product","3":"status-publish","5":"product_cat-edebiyat","6":"product_cat-roman-oyku","7":"pa_cilt-ciltli","8":"pa_tur-kitap","9":"pa_yayinevi-koridor-yayincilik","10":"pa_yazar-virginia-woolf","12":"first","13":"instock","14":"sale","15":"shipping-taxable","16":"purchasable","17":"product-type-simple"},"_links":{"self":[{"href":"https:\/\/roveyayinevi.com.tr\/index.php\/wp-json\/wp\/v2\/product\/709901","targetHints":{"allow":["GET"]}}],"collection":[{"href":"https:\/\/roveyayinevi.com.tr\/index.php\/wp-json\/wp\/v2\/product"}],"about":[{"href":"https:\/\/roveyayinevi.com.tr\/index.php\/wp-json\/wp\/v2\/types\/product"}],"wp:attachment":[{"href":"https:\/\/roveyayinevi.com.tr\/index.php\/wp-json\/wp\/v2\/media?parent=709901"}],"wp:term":[{"taxonomy":"product_brand","embeddable":true,"href":"https:\/\/roveyayinevi.com.tr\/index.php\/wp-json\/wp\/v2\/product_brand?post=709901"},{"taxonomy":"product_cat","embeddable":true,"href":"https:\/\/roveyayinevi.com.tr\/index.php\/wp-json\/wp\/v2\/product_cat?post=709901"},{"taxonomy":"product_tag","embeddable":true,"href":"https:\/\/roveyayinevi.com.tr\/index.php\/wp-json\/wp\/v2\/product_tag?post=709901"}],"curies":[{"name":"wp","href":"https:\/\/api.w.org\/{rel}","templated":true}]}}