{"id":709899,"date":"2025-08-27T16:30:37","date_gmt":"2025-08-27T13:30:37","guid":{"rendered":"https:\/\/roveyayinevi.com.tr\/index.php\/urun\/mesajiniz-var\/"},"modified":"2026-02-03T02:29:48","modified_gmt":"2026-02-02T23:29:48","slug":"mesajiniz-var","status":"publish","type":"product","link":"https:\/\/roveyayinevi.com.tr\/index.php\/urun\/mesajiniz-var\/","title":{"rendered":"Mesaj\u0131n\u0131z Var"},"content":{"rendered":"<p>Elinizdeki bu kitap, ki\u015fisel geli\u015fim yolunda; yola nas\u0131l \u00e7\u0131kaca\u011f\u0131n\u0131z, nereden ba\u015flayaca\u011f\u0131n\u0131z, kendinizi nas\u0131l ar\u0131nd\u0131r\u0131p hayat\u0131n\u0131z\u0131n iyiye do\u011fru ilerlemesini sa\u011flayabilece\u011finiz gibi konularda size ba\u015flang\u0131\u00e7 ipu\u00e7lar\u0131 vermekte yard\u0131mc\u0131 olacakt\u0131r.Kitab\u0131n \u201csizinle konu\u015ftu\u011funu\u201d fark edeceksiniz.\u201c\u015eu an\u0131n niyetine&#8230;\u201d diyerek derin bir nefes al\u0131n ve herhangi bir sayfay\u0131 a\u00e7\u0131n. A\u00e7t\u0131\u011f\u0131n\u0131z sayfadaki konu \u015fu an i\u00e7inde bulundu\u011funuz bir duruma aynal\u0131k yap\u0131yor olabilir mi?\u0130lk denemelerde b\u00fcy\u00fck ihtimalle i\u00e7sel diren\u00e7ler olu\u015fturabilirsiniz ama bu normaldir.Kitab\u0131 ilk anda ba\u015ftan sona okumaya kalkmay\u0131n. Sab\u0131rl\u0131 olun. Her g\u00fcn kendiniz i\u00e7in bir sayfa a\u00e7\u0131n ve o konu \u00fczerinde biraz d\u00fc\u015f\u00fcn\u00fcn. Hayat\u0131n\u0131z\u0131 g\u00f6zden ge\u00e7irin.Arkada\u015flar\u0131n\u0131zdan izin alarak, onlar\u0131n niyetine de sayfa a\u00e7abilir, onlar\u0131n k\u0131smetine \u00e7\u0131kan sayfan\u0131n foto\u011fraf\u0131n\u0131 \u00e7ekip g\u00f6nderebilirsiniz.\u015eimdiden size ve t\u00fcm sevdiklerinize fark\u0131ndal\u0131k dolu \u201can\u201dlar niyet ediyoruz&#8230; <\/p>\n","protected":false},"excerpt":{"rendered":"<p>Elinizdeki bu kitap, ki\u015fisel geli\u015fim yolunda; yola nas\u0131l \u00e7\u0131kaca\u011f\u0131n\u0131z, nereden ba\u015flayaca\u011f\u0131n\u0131z, kendinizi nas\u0131l ar\u0131nd\u0131r\u0131p hayat\u0131n\u0131z\u0131n iyiye do\u011fru ilerlemesini sa\u011flayabilece\u011finiz gibi konularda size ba\u015flang\u0131\u00e7 ipu\u00e7lar\u0131 vermekte yard\u0131mc\u0131<span class=\"excerpt-hellip\"> [\u2026]<\/span><\/p>\n","protected":false},"featured_media":0,"template":"","meta":{"_monsterinsights_skip_tracking":false,"_monsterinsights_sitenote_active":false,"_monsterinsights_sitenote_note":"","_monsterinsights_sitenote_category":0},"product_brand":[],"product_cat":[12364,12376],"product_tag":[],"class_list":{"0":"post-709899","1":"product","2":"type-product","3":"status-publish","5":"product_cat-genel-konular","6":"product_cat-kisisel-gelisim","7":"pa_cilt-ciltsiz","8":"pa_tur-kitap","9":"pa_yayinevi-destek-yayinlari","10":"pa_yazar-bulent-gardiyanoglu","12":"first","13":"instock","14":"sale","15":"shipping-taxable","16":"purchasable","17":"product-type-simple"},"_links":{"self":[{"href":"https:\/\/roveyayinevi.com.tr\/index.php\/wp-json\/wp\/v2\/product\/709899","targetHints":{"allow":["GET"]}}],"collection":[{"href":"https:\/\/roveyayinevi.com.tr\/index.php\/wp-json\/wp\/v2\/product"}],"about":[{"href":"https:\/\/roveyayinevi.com.tr\/index.php\/wp-json\/wp\/v2\/types\/product"}],"wp:attachment":[{"href":"https:\/\/roveyayinevi.com.tr\/index.php\/wp-json\/wp\/v2\/media?parent=709899"}],"wp:term":[{"taxonomy":"product_brand","embeddable":true,"href":"https:\/\/roveyayinevi.com.tr\/index.php\/wp-json\/wp\/v2\/product_brand?post=709899"},{"taxonomy":"product_cat","embeddable":true,"href":"https:\/\/roveyayinevi.com.tr\/index.php\/wp-json\/wp\/v2\/product_cat?post=709899"},{"taxonomy":"product_tag","embeddable":true,"href":"https:\/\/roveyayinevi.com.tr\/index.php\/wp-json\/wp\/v2\/product_tag?post=709899"}],"curies":[{"name":"wp","href":"https:\/\/api.w.org\/{rel}","templated":true}]}}