{"id":709896,"date":"2025-08-27T16:30:36","date_gmt":"2025-08-27T13:30:36","guid":{"rendered":"https:\/\/roveyayinevi.com.tr\/index.php\/urun\/hesaplasma-4\/"},"modified":"2026-04-08T02:24:22","modified_gmt":"2026-04-07T23:24:22","slug":"hesaplasma-4","status":"publish","type":"product","link":"https:\/\/roveyayinevi.com.tr\/index.php\/urun\/hesaplasma-4\/","title":{"rendered":"Hesapla\u015fma"},"content":{"rendered":"<p>\u201cEvet de\u011ferli dinleyiciler. Bug\u00fcn tarihin belki de en karanl\u0131k g\u00fcn\u00fc.Almanya sabah saatlerinde Londra\u2019ya ve Moskova\u2019ya e\u015fzamanl\u0131 olarak att\u0131\u011f\u0131 atom bombalar\u0131yla d\u00fcnya tarihinin en ac\u0131mas\u0131z katliam\u0131n\u0131 ger\u00e7ekle\u015ftirdi. Hem Londra hem de Moskova sokaklar\u0131 can pazar\u0131na d\u00f6nm\u00fc\u015f durumda, \u00f6l\u00fc say\u0131s\u0131 milyonlar\u0131 a\u015ft\u0131. Yerde yatan insanlar\u0131n y\u00fczleri se\u00e7ilmiyor, patlamaya yak\u0131n olanlar\u0131n ise bedenlerinden eser yok.\u201dE\u011fer bu kitapta anlat\u0131lan gizli tarih ya\u015fanmasayd\u0131 1940&#8217;lar\u0131n ortalar\u0131nda herkes yeni g\u00fcne b\u00f6yle bir radyo yay\u0131n\u0131 ile uyanabilirdi.Amerika ve \u0130ngiltere sava\u015f s\u0131ras\u0131nda bu korkuyla nas\u0131l ya\u015fayabildiler?Almanlar n\u00fckleer silah program\u0131 ba\u015flat\u0131rken onlar ne yap\u0131yorlard\u0131?Almanya atom bombas\u0131n\u0131 neden icat edemedi? Bir sabotaj m\u0131 ger\u00e7ekle\u015fti? Peki nas\u0131l?Amerika, Almanya\u2019n\u0131n teslim olmas\u0131na ra\u011fmen neden atom bombas\u0131 projesini devam ettirdi?Ba\u015fka ama\u00e7lar\u0131 m\u0131 vard\u0131?Sava\u015f sonras\u0131 t\u00fcm o Alman teknolojisine ne oldu?Sivillerin g\u00fcnah\u0131 neydi?Hesapla\u015fma ile ilk defa T\u00fcrk\u00e7e literat\u00fcre girmekte olan ar\u015fiv bilgileriyle, \u00fclkemizde daha \u00f6nce \u00e7o\u011fu cevaplanmam\u0131\u015f t\u00fcm bu sorulara cevap bulacak ve bu benzersiz bilgi ke\u015ffini Hitler\u2019in, Churchill\u2019in, Stalin\u2019in ve Roosevelt\u2019in hatta bazen Truman\u2019\u0131n botlar\u0131yla, II. D\u00fcnya Sava\u015f\u0131\u2019n\u0131n ya\u015fand\u0131\u011f\u0131 topraklarda seyahate \u00e7\u0131karak, o anlar\u0131 ya\u015fayarak ger\u00e7ekle\u015ftireceksiniz. <\/p>\n","protected":false},"excerpt":{"rendered":"<p>\u201cEvet de\u011ferli dinleyiciler. Bug\u00fcn tarihin belki de en karanl\u0131k g\u00fcn\u00fc.Almanya sabah saatlerinde Londra\u2019ya ve Moskova\u2019ya e\u015fzamanl\u0131 olarak att\u0131\u011f\u0131 atom bombalar\u0131yla d\u00fcnya tarihinin en ac\u0131mas\u0131z katliam\u0131n\u0131 ger\u00e7ekle\u015ftirdi.<span class=\"excerpt-hellip\"> [\u2026]<\/span><\/p>\n","protected":false},"featured_media":0,"template":"","meta":{"_monsterinsights_skip_tracking":false,"_monsterinsights_sitenote_active":false,"_monsterinsights_sitenote_note":"","_monsterinsights_sitenote_category":0},"product_brand":[],"product_cat":[13590,12337],"product_tag":[],"class_list":{"0":"post-709896","1":"product","2":"type-product","3":"status-publish","5":"product_cat-arastirma-inceleme-politika-siyaset","6":"product_cat-politika-siyaset","7":"pa_cilt-ciltsiz","8":"pa_tur-kitap","9":"pa_yayinevi-destek-yayinlari","10":"pa_yazar-atakan-buyukdag","12":"first","13":"instock","14":"sale","15":"shipping-taxable","16":"purchasable","17":"product-type-simple"},"_links":{"self":[{"href":"https:\/\/roveyayinevi.com.tr\/index.php\/wp-json\/wp\/v2\/product\/709896","targetHints":{"allow":["GET"]}}],"collection":[{"href":"https:\/\/roveyayinevi.com.tr\/index.php\/wp-json\/wp\/v2\/product"}],"about":[{"href":"https:\/\/roveyayinevi.com.tr\/index.php\/wp-json\/wp\/v2\/types\/product"}],"wp:attachment":[{"href":"https:\/\/roveyayinevi.com.tr\/index.php\/wp-json\/wp\/v2\/media?parent=709896"}],"wp:term":[{"taxonomy":"product_brand","embeddable":true,"href":"https:\/\/roveyayinevi.com.tr\/index.php\/wp-json\/wp\/v2\/product_brand?post=709896"},{"taxonomy":"product_cat","embeddable":true,"href":"https:\/\/roveyayinevi.com.tr\/index.php\/wp-json\/wp\/v2\/product_cat?post=709896"},{"taxonomy":"product_tag","embeddable":true,"href":"https:\/\/roveyayinevi.com.tr\/index.php\/wp-json\/wp\/v2\/product_tag?post=709896"}],"curies":[{"name":"wp","href":"https:\/\/api.w.org\/{rel}","templated":true}]}}