{"id":709895,"date":"2025-08-27T16:30:35","date_gmt":"2025-08-27T13:30:35","guid":{"rendered":"https:\/\/roveyayinevi.com.tr\/index.php\/urun\/dinozorlar-don-sever\/"},"modified":"2026-04-16T02:18:46","modified_gmt":"2026-04-15T23:18:46","slug":"dinozorlar-don-sever","status":"publish","type":"product","link":"https:\/\/roveyayinevi.com.tr\/index.php\/urun\/dinozorlar-don-sever\/","title":{"rendered":"Dinozorlar Don Sever"},"content":{"rendered":"<p>Donlarca y\u0131l \u00f6nce, Dinozorlar\u0131n hepsi silindi yery\u00fcz\u00fcnden birdenbire, Kimse bilmez nas\u0131l ve neden diye, \u0130\u015fte bu kitap \u00e7\u00f6zer bu gizemi sizlere&#8230;   T-rex ve t\u00fcm dinozorlar \u00e7etesi, B\u00fcy\u00fck Don Sava\u015f\u0131\u2019nda kendi tarih \u00f6ncesi donlar\u0131 i\u00e7in canlar\u0131 pahas\u0131na m\u00fccadele verirken, g\u00fclmekten donunuzu tutamayacaks\u0131n\u0131z!   UZAYLILAR DON SEVER serisinin yarat\u0131c\u0131lar\u0131ndan Ben Cort\u2019un capcanl\u0131 \u00e7izimleri ve Claire Freedman\u2019\u0131n kelime oyunlar\u0131yla hayat bulan bu yepyeni, \u00e7ok daha komik ve delidolu hik\u00e2ye, ailenin t\u00fcm \u00fcyelerini kahkahalara bo\u011facak. G\u00fclmekten donunuzu tutamayacaks\u0131n\u0131z! <\/p>\n","protected":false},"excerpt":{"rendered":"<p>Donlarca y\u0131l \u00f6nce, Dinozorlar\u0131n hepsi silindi yery\u00fcz\u00fcnden birdenbire, Kimse bilmez nas\u0131l ve neden diye, \u0130\u015fte bu kitap \u00e7\u00f6zer bu gizemi sizlere&#8230; T-rex ve t\u00fcm dinozorlar \u00e7etesi,<span class=\"excerpt-hellip\"> [\u2026]<\/span><\/p>\n","protected":false},"featured_media":0,"template":"","meta":{"_monsterinsights_skip_tracking":false,"_monsterinsights_sitenote_active":false,"_monsterinsights_sitenote_note":"","_monsterinsights_sitenote_category":0},"product_brand":[],"product_cat":[12274,12284],"product_tag":[],"class_list":{"0":"post-709895","1":"product","2":"type-product","3":"status-publish","5":"product_cat-cocuk-ve-genclik-kitaplari","6":"product_cat-hikayeler","7":"pa_cilt-ciltsiz","8":"pa_tur-kitap","9":"pa_yayinevi-beta-kids","10":"pa_yazar-claire-freedman","12":"first","13":"instock","14":"sale","15":"shipping-taxable","16":"purchasable","17":"product-type-simple"},"_links":{"self":[{"href":"https:\/\/roveyayinevi.com.tr\/index.php\/wp-json\/wp\/v2\/product\/709895","targetHints":{"allow":["GET"]}}],"collection":[{"href":"https:\/\/roveyayinevi.com.tr\/index.php\/wp-json\/wp\/v2\/product"}],"about":[{"href":"https:\/\/roveyayinevi.com.tr\/index.php\/wp-json\/wp\/v2\/types\/product"}],"wp:attachment":[{"href":"https:\/\/roveyayinevi.com.tr\/index.php\/wp-json\/wp\/v2\/media?parent=709895"}],"wp:term":[{"taxonomy":"product_brand","embeddable":true,"href":"https:\/\/roveyayinevi.com.tr\/index.php\/wp-json\/wp\/v2\/product_brand?post=709895"},{"taxonomy":"product_cat","embeddable":true,"href":"https:\/\/roveyayinevi.com.tr\/index.php\/wp-json\/wp\/v2\/product_cat?post=709895"},{"taxonomy":"product_tag","embeddable":true,"href":"https:\/\/roveyayinevi.com.tr\/index.php\/wp-json\/wp\/v2\/product_tag?post=709895"}],"curies":[{"name":"wp","href":"https:\/\/api.w.org\/{rel}","templated":true}]}}