{"id":709894,"date":"2025-08-27T16:30:35","date_gmt":"2025-08-27T13:30:35","guid":{"rendered":"https:\/\/roveyayinevi.com.tr\/index.php\/urun\/otizmde-basari-oykuleri-cocuklarinin-gelecegini-yeniden-yazdilar\/"},"modified":"2026-01-29T02:33:24","modified_gmt":"2026-01-28T23:33:24","slug":"otizmde-basari-oykuleri-cocuklarinin-gelecegini-yeniden-yazdilar","status":"publish","type":"product","link":"https:\/\/roveyayinevi.com.tr\/index.php\/urun\/otizmde-basari-oykuleri-cocuklarinin-gelecegini-yeniden-yazdilar\/","title":{"rendered":"Otizm\u2019de Ba\u015far\u0131 \u00d6yk\u00fcleri &#8211; \u00c7ocuklar\u0131n\u0131n Gelece\u011fini Yeniden Yazd\u0131lar"},"content":{"rendered":"<p>\u201cDoktorun muayenehanesinden d\u0131\u015far\u0131 \u00e7\u0131kt\u0131\u011f\u0131mda g\u00f6z\u00fcm g\u00f6rm\u00fcyordu. Hayat\u0131mda hi\u00e7 bu kadar \u00e7ok ac\u0131 \u00e7ekmemi\u015ftim. Y\u00fcr\u00fcyemeyip kald\u0131r\u0131ma oturdum, h\u0131\u00e7k\u0131ra h\u0131\u00e7k\u0131ra a\u011flamaya ba\u015flad\u0131m. Bitmi\u015fti her \u015fey, benim i\u00e7in art\u0131k hi\u00e7bir \u015feyin anlam\u0131 yoktu. O\u011flum d\u00fcnyadan habersiz ya\u015fayacakt\u0131. Hi\u00e7bir zaman konu\u015famayacakt\u0131, okula gidemeyecek, hi\u00e7 arkada\u015f\u0131 olamayacakt\u0131&#8230; O gece art\u0131k bizim ya\u015fam\u0131m\u0131z\u0131n bir anlam\u0131 olmad\u0131\u011f\u0131na karar verdim. Bir anne olarak t\u00fcm bu duruma katlanam\u0131yor, kabullenemiyordum. Benim ve o\u011flum i\u00e7in her \u015feyin biti\u011fini d\u00fc\u015f\u00fcn\u00fcyordum. Depresyonun tam orta yerinde, en dibindeydim ve bu d\u00fcnyadan nas\u0131l gideriz diye planlar yapmaya ba\u015flam\u0131\u015ft\u0131m&#8230;\u201d 1 numaral\u0131 \u00f6yk\u00fcn\u00fcn kahraman\u0131n\u0131n annesi Kolay bir meslek se\u00e7 S. ile bir g\u00fcn seansta rol \u00e7al\u0131\u015fmalar\u0131 yaparken o benim babam oldu. Ben de \u00fcniversite s\u0131nav\u0131na haz\u0131rlan\u0131yorum g\u00fcya. Ama tercihler konusunda yard\u0131ma ihtiyac\u0131m var ve babama fikrini soruyorum: \u201cBabac\u0131\u011f\u0131m, sence nas\u0131l bir meslek se\u00e7meliyim? Hangi \u00fcniversiteye gitmeliyim?\u201d Gelen cevap \u00e7ok kendisine hast\u0131. \u201cBence Atat\u00fcrk \u00dcniversitesi\u2019ne git. \u00c7\u00fcnk\u00fc biz Atat\u00fcrk\u2019\u00fc \u00e7ok seviyoruz. Bi de basit bir meslek se\u00e7, \u00e7ok yorulmazs\u0131n. Mesela Elektrik-Elektronik M\u00fchendisi falan ol.\u201d 7 numaral\u0131 \u00f6yk\u00fcn\u00fcn kahraman\u0131 Duygular\u0131 anlam\u0131yorum, ili\u015fkilerdeki davran\u0131\u015flar\u0131 durumlarla e\u015fle\u015ftiriyorum ve o tepkileri ezberliyorum, \u00f6yle anlamland\u0131r\u0131yorum. Olaylar\u0131 g\u00f6zlemliyorum; insanlar\u0131n \u00e7o\u011funlukla olaylara verdikleri tepkileri ezberliyorum. Benzer durumlarda nas\u0131l tepkiler vermi\u015flerse ben de \u00f6yle tepkiler veriyorum. Mesela sinirlenmeyi b\u00f6yle \u00f6\u011frendim. Asperger Sendromlu Yeti\u015fkin <\/p>\n","protected":false},"excerpt":{"rendered":"<p>\u201cDoktorun muayenehanesinden d\u0131\u015far\u0131 \u00e7\u0131kt\u0131\u011f\u0131mda g\u00f6z\u00fcm g\u00f6rm\u00fcyordu. Hayat\u0131mda hi\u00e7 bu kadar \u00e7ok ac\u0131 \u00e7ekmemi\u015ftim. Y\u00fcr\u00fcyemeyip kald\u0131r\u0131ma oturdum, h\u0131\u00e7k\u0131ra h\u0131\u00e7k\u0131ra a\u011flamaya ba\u015flad\u0131m. Bitmi\u015fti her \u015fey, benim i\u00e7in art\u0131k<span class=\"excerpt-hellip\"> [\u2026]<\/span><\/p>\n","protected":false},"featured_media":0,"template":"","meta":{"_monsterinsights_skip_tracking":false,"_monsterinsights_sitenote_active":false,"_monsterinsights_sitenote_note":"","_monsterinsights_sitenote_category":0},"product_brand":[],"product_cat":[12831,12324],"product_tag":[],"class_list":{"0":"post-709894","1":"product","2":"type-product","3":"status-publish","5":"product_cat-aile-ve-cocuk","6":"product_cat-sosyoloji","7":"pa_cilt-ciltsiz","8":"pa_tur-kitap","9":"pa_yayinevi-utopya-yayinevi","10":"pa_yazar-gamze-benli","12":"first","13":"instock","14":"sale","15":"shipping-taxable","16":"purchasable","17":"product-type-simple"},"_links":{"self":[{"href":"https:\/\/roveyayinevi.com.tr\/index.php\/wp-json\/wp\/v2\/product\/709894","targetHints":{"allow":["GET"]}}],"collection":[{"href":"https:\/\/roveyayinevi.com.tr\/index.php\/wp-json\/wp\/v2\/product"}],"about":[{"href":"https:\/\/roveyayinevi.com.tr\/index.php\/wp-json\/wp\/v2\/types\/product"}],"wp:attachment":[{"href":"https:\/\/roveyayinevi.com.tr\/index.php\/wp-json\/wp\/v2\/media?parent=709894"}],"wp:term":[{"taxonomy":"product_brand","embeddable":true,"href":"https:\/\/roveyayinevi.com.tr\/index.php\/wp-json\/wp\/v2\/product_brand?post=709894"},{"taxonomy":"product_cat","embeddable":true,"href":"https:\/\/roveyayinevi.com.tr\/index.php\/wp-json\/wp\/v2\/product_cat?post=709894"},{"taxonomy":"product_tag","embeddable":true,"href":"https:\/\/roveyayinevi.com.tr\/index.php\/wp-json\/wp\/v2\/product_tag?post=709894"}],"curies":[{"name":"wp","href":"https:\/\/api.w.org\/{rel}","templated":true}]}}