{"id":709893,"date":"2025-08-27T16:30:34","date_gmt":"2025-08-27T13:30:34","guid":{"rendered":"https:\/\/roveyayinevi.com.tr\/index.php\/urun\/toplumu-savunmak-gerekir\/"},"modified":"2025-11-13T04:16:17","modified_gmt":"2025-11-13T01:16:17","slug":"toplumu-savunmak-gerekir","status":"publish","type":"product","link":"https:\/\/roveyayinevi.com.tr\/index.php\/urun\/toplumu-savunmak-gerekir\/","title":{"rendered":"Toplumu Savunmak Gerekir"},"content":{"rendered":"<p>&#8220;Hayatta ne yap\u0131l\u0131yor? Y\u00fcksek memurlar sendikas\u0131 ve bunun gibi ba\u015fka kurumlar ne yap\u0131yorlar? Tam da o hukuku, ger\u00e7ekte h\u00fck\u00fcmdarl\u0131\u011f\u0131n hukuku olan \u015fu \u00fcnl\u00fc bi\u00e7imsel, burjuva hukukunu yard\u0131ma \u00e7a\u011f\u0131rmaktan ba\u015fka ne yap\u0131yoruz? San\u0131r\u0131m burada bir t\u00fcr darbo\u011faza d\u00fc\u015f\u00fcyoruz, sonsuza dek bu bi\u00e7imde y\u00fcr\u00fctemeyiz: disiplinci iktidar\u0131n etmenleri, disiplin kar\u015f\u0131s\u0131nda h\u00fck\u00fcmdarl\u0131\u011fa ba\u015fvurarak sunurlanamaz.&#8221; Michel Foucault&#8217;un 1976 y\u0131l\u0131nda verdi\u011fi derslerin notlar\u0131ndan olu\u015fan Toplumu Savunmak Gerekir, iktidar ili\u015fkilerini \u00e7\u00f6z\u00fcmleme yolunda sava\u015f modelinin yerindeli\u011fini ara\u015ft\u0131r\u0131yor. Foucault&#8217;ya g\u00f6re iktidar ve direni\u015f ili\u015fkilerinin mant\u0131\u011f\u0131 hukukun de\u011fil sava\u015f\u0131m\u0131n mant\u0131\u011f\u0131d\u0131r. Art\u0131k sorun, siyasetin, sava\u015f\u0131n ba\u015fka ara\u00e7larla s\u00fcrd\u00fcr\u00fclmesi oldu\u011funu \u00f6ne s\u00fcrmenin yerinde olup olmad\u0131\u011f\u0131n\u0131 bilmektir. Yirminci y\u00fczy\u0131l bu \u00f6nemli d\u00fc\u015f\u00fcn\u00fcr\u00fc, \u0131rklar sava\u015f\u0131na ili\u015fkin s\u00f6ylemleri ve fetih anlat\u0131lar\u0131n\u0131 \u00e7\u00f6z\u00fcmleyerek, toplumu &#8220;biyoiktidar&#8221;dan ve devlet \u0131rk\u00e7\u0131l\u0131klar\u0131ndan korumaya giri\u015fiyor. \ufffcTan\u0131t\u0131m Metni<\/p>\n","protected":false},"excerpt":{"rendered":"<p>&#8220;Hayatta ne yap\u0131l\u0131yor? Y\u00fcksek memurlar sendikas\u0131 ve bunun gibi ba\u015fka kurumlar ne yap\u0131yorlar? Tam da o hukuku, ger\u00e7ekte h\u00fck\u00fcmdarl\u0131\u011f\u0131n hukuku olan \u015fu \u00fcnl\u00fc bi\u00e7imsel, burjuva hukukunu<span class=\"excerpt-hellip\"> [\u2026]<\/span><\/p>\n","protected":false},"featured_media":0,"template":"","meta":{"_monsterinsights_skip_tracking":false,"_monsterinsights_sitenote_active":false,"_monsterinsights_sitenote_note":"","_monsterinsights_sitenote_category":0},"product_brand":[],"product_cat":[12388,15309],"product_tag":[],"class_list":{"0":"post-709893","1":"product","2":"type-product","3":"status-publish","5":"product_cat-felsefe","6":"product_cat-felsefi-akimlar","7":"pa_cilt-ciltsiz","8":"pa_tur-kitap","9":"pa_yayinevi-yapi-kredi-yayinlari","10":"pa_yazar-michel-foucault","12":"first","13":"instock","14":"sale","15":"shipping-taxable","16":"purchasable","17":"product-type-simple"},"_links":{"self":[{"href":"https:\/\/roveyayinevi.com.tr\/index.php\/wp-json\/wp\/v2\/product\/709893","targetHints":{"allow":["GET"]}}],"collection":[{"href":"https:\/\/roveyayinevi.com.tr\/index.php\/wp-json\/wp\/v2\/product"}],"about":[{"href":"https:\/\/roveyayinevi.com.tr\/index.php\/wp-json\/wp\/v2\/types\/product"}],"wp:attachment":[{"href":"https:\/\/roveyayinevi.com.tr\/index.php\/wp-json\/wp\/v2\/media?parent=709893"}],"wp:term":[{"taxonomy":"product_brand","embeddable":true,"href":"https:\/\/roveyayinevi.com.tr\/index.php\/wp-json\/wp\/v2\/product_brand?post=709893"},{"taxonomy":"product_cat","embeddable":true,"href":"https:\/\/roveyayinevi.com.tr\/index.php\/wp-json\/wp\/v2\/product_cat?post=709893"},{"taxonomy":"product_tag","embeddable":true,"href":"https:\/\/roveyayinevi.com.tr\/index.php\/wp-json\/wp\/v2\/product_tag?post=709893"}],"curies":[{"name":"wp","href":"https:\/\/api.w.org\/{rel}","templated":true}]}}