{"id":709891,"date":"2025-08-27T16:30:33","date_gmt":"2025-08-27T13:30:33","guid":{"rendered":"https:\/\/roveyayinevi.com.tr\/index.php\/urun\/146-basamakli-seruven\/"},"modified":"2026-04-16T02:18:46","modified_gmt":"2026-04-15T23:18:46","slug":"146-basamakli-seruven","status":"publish","type":"product","link":"https:\/\/roveyayinevi.com.tr\/index.php\/urun\/146-basamakli-seruven\/","title":{"rendered":"146 Basamakl\u0131 Ser\u00fcven"},"content":{"rendered":"<p>\u201cBirbirimize bir \u015fey s\u00f6ylemeden giderdik oraya. On dakika \u00f6nce ayr\u0131ld\u0131\u011f\u0131m\u0131z bir s\u0131n\u0131f arkada\u015f\u0131m\u0131zla on dakika sonra orada kar\u015f\u0131la\u015ft\u0131\u011f\u0131m\u0131zda ise, on dakika sonra orada kar\u015f\u0131la\u015ft\u0131\u011f\u0131m\u0131zda ise, bu kez beyaz yalanlar s\u00f6yleyerek, kocaman birer erkek oldu\u011fumuzu kan\u0131tlamaya \u00e7abalard\u0131k birbirimize: &#8220;Kayseri&#8217;yi seyretmeye geldim.&#8221; derdik&#8230; &#8220;Y\u0131lanl\u0131da\u011f&#8217;\u0131 seyredeyim estidim.&#8221; derdik&#8230; &#8220;G\u00fcne\u015fin bat\u0131\u015f\u0131n\u0131 seyretmek istedim.&#8221; derdik&#8230; Ger\u00e7ekte t\u00fcm\u00fcm\u00fcz bilirdik neden gitti\u011fimizi o an, oraya ama&#8230; Serde erkeklik var ya, annemizin ba\u015f\u0131m\u0131z\u0131 ok\u015fayan elinin s\u0131cakl\u0131\u011f\u0131n\u0131, babam\u0131z\u0131n y\u00fcz\u00fcm\u00fcze batan sakal\u0131n\u0131 duyumsamak ya da evdeki sesleri duymak i\u00e7in o an oraya geldi\u011fimizi birbirimize s\u00f6ylemezdik de, s\u00f6yleyemezdik de&#8230;\u201d-Mete Akyol-Elinizdeki kitap bir d\u00f6nem Talas Amerikan Koleji&#8217;nde \u00f6\u011frenim g\u00f6ren \u00f6znelerin kurum tarihi a\u00e7\u0131s\u0131ndan Talas Amerikan Koleji&#8217;nin zihinlerinde yeniden in\u015fas\u0131d\u0131r. \u00d6zne olarak ya\u015fad\u0131klar\u0131n\u0131, duygular\u0131n\u0131, keyif ve kederlerini, mek\u00e2n\u0131n ve kurumsal yap\u0131n\u0131n neli\u011finin nas\u0131l ortaya \u00e7\u0131kt\u0131\u011f\u0131n\u0131 kendi kalemlerind <\/p>\n","protected":false},"excerpt":{"rendered":"<p>\u201cBirbirimize bir \u015fey s\u00f6ylemeden giderdik oraya. On dakika \u00f6nce ayr\u0131ld\u0131\u011f\u0131m\u0131z bir s\u0131n\u0131f arkada\u015f\u0131m\u0131zla on dakika sonra orada kar\u015f\u0131la\u015ft\u0131\u011f\u0131m\u0131zda ise, on dakika sonra orada kar\u015f\u0131la\u015ft\u0131\u011f\u0131m\u0131zda ise, bu<span class=\"excerpt-hellip\"> [\u2026]<\/span><\/p>\n","protected":false},"featured_media":0,"template":"","meta":{"_monsterinsights_skip_tracking":false,"_monsterinsights_sitenote_active":false,"_monsterinsights_sitenote_note":"","_monsterinsights_sitenote_category":0},"product_brand":[],"product_cat":[13701,12291],"product_tag":[],"class_list":{"0":"post-709891","1":"product","2":"type-product","3":"status-publish","5":"product_cat-ani-mektup-gunluk","6":"product_cat-edebiyat","7":"pa_cilt-ciltsiz","8":"pa_tur-kitap","9":"pa_yayinevi-yeni-insan-yayinlari","10":"pa_yazar-metin-atamer","12":"first","13":"instock","14":"sale","15":"shipping-taxable","16":"purchasable","17":"product-type-simple"},"_links":{"self":[{"href":"https:\/\/roveyayinevi.com.tr\/index.php\/wp-json\/wp\/v2\/product\/709891","targetHints":{"allow":["GET"]}}],"collection":[{"href":"https:\/\/roveyayinevi.com.tr\/index.php\/wp-json\/wp\/v2\/product"}],"about":[{"href":"https:\/\/roveyayinevi.com.tr\/index.php\/wp-json\/wp\/v2\/types\/product"}],"wp:attachment":[{"href":"https:\/\/roveyayinevi.com.tr\/index.php\/wp-json\/wp\/v2\/media?parent=709891"}],"wp:term":[{"taxonomy":"product_brand","embeddable":true,"href":"https:\/\/roveyayinevi.com.tr\/index.php\/wp-json\/wp\/v2\/product_brand?post=709891"},{"taxonomy":"product_cat","embeddable":true,"href":"https:\/\/roveyayinevi.com.tr\/index.php\/wp-json\/wp\/v2\/product_cat?post=709891"},{"taxonomy":"product_tag","embeddable":true,"href":"https:\/\/roveyayinevi.com.tr\/index.php\/wp-json\/wp\/v2\/product_tag?post=709891"}],"curies":[{"name":"wp","href":"https:\/\/api.w.org\/{rel}","templated":true}]}}