{"id":709890,"date":"2025-08-27T16:30:33","date_gmt":"2025-08-27T13:30:33","guid":{"rendered":"https:\/\/roveyayinevi.com.tr\/index.php\/urun\/mikro-tarihin-gozunden-1924\/"},"modified":"2026-04-16T02:18:46","modified_gmt":"2026-04-15T23:18:46","slug":"mikro-tarihin-gozunden-1924","status":"publish","type":"product","link":"https:\/\/roveyayinevi.com.tr\/index.php\/urun\/mikro-tarihin-gozunden-1924\/","title":{"rendered":"Mikro Tarihin G\u00f6z\u00fcnden 1924"},"content":{"rendered":"<p>Tarih y\u00f6nteminin de\u011fi\u015fen yeni ko\u015fullar ba\u011flam\u0131nda i\u00e7ine girmi\u015f oldu\u011fu farkl\u0131la\u015fma s\u00fcreci, kaynaklar\u0131n irdelenme bi\u00e7imlerini de\u011fi\u015ftirmektedir. Makro birikimlerden mikro birikimlere i\u015faret edi\u015fin her g\u00fcn yeni ara\u015ft\u0131rmalarla artt\u0131\u011f\u0131 bu yeni d\u00f6nemde, tarih\u00e7iler \u00e7e\u015fitlili\u011fi zaman, mekan, ki\u015fi ve olayda daha da derinle\u015ferek a\u015fmaktad\u0131rlar. \u0130\u015fte bu s\u00fcrecin kurgulanmas\u0131nda hem ar\u015fiv kaynaklar\u0131ndaki hem de s\u00fcreli yay\u0131nlardaki birikime olduk\u00e7a i\u015f d\u00fc\u015fmektedir. T\u00fcrkiye\u2019nin i\u00e7 ve d\u0131\u015f politikada hassas oldu\u011fu 1924 y\u0131l\u0131na odaklanan bu eser, Resimli Y\u0131l almana\u011f\u0131ndan hareketle bir mikro analiz yap\u0131yor. 1924 y\u0131l\u0131n\u0131n i\u00e7 ve d\u0131\u015f politik geli\u015fmelerini, toplumsal karakterini ve k\u00fclt\u00fcrel birikimini ele alan bu \u00e7al\u0131\u015fma, kad\u0131ndan spora, teknikten d\u00fc\u015f\u00fcnsel hayata, mahkumdan siyaset\u00e7iye, frengiden zeplinlere uzanan geni\u015f bir tema a\u011f\u0131yla \u00e7er\u00e7eveleniyor. Sertellerin erken d\u00f6nem \u00e7abalar\u0131 ile hayat bulan Resimli Y\u0131l, Cumhuriyet\u2019in miras ald\u0131\u011f\u0131 birikimi karikat\u00fcrler, foto\u011fraflar, \u00e7er\u00e7eve yaz\u0131lar\u0131 ve makaleler ile anlatarak; akla ve bilime dayanan zihniyete ge\u00e7i\u015fin nas\u0131l olabilece\u011fini \u00f6rnekleyip, en \u00f6nemlisi ge\u00e7mi\u015fimizi y\u00f6nlendiren zihni de\u011ferlerin bug\u00fcne ve gelece\u011fe nas\u0131l miras kald\u0131\u011f\u0131n\u0131 g\u00f6steriyor. \u0130\u00e7indekiler: \u00d6ns\u00f6z, 9Giri\u015f: Tarih Metodolojisinin D\u00f6n\u00fc\u015f\u00fcm\u00fc, 11 1. Cumhuriyet Y\u0131llar\u0131 Dergicili\u011fine K\u0131sa bir Bak\u0131\u015f, 33        2. Mikro Bir D\u00f6nemde 1923-1924 Y\u0131llar\u0131 Aras\u0131nda Dergiler, 39    3. M\u00fccadeleler ile Dolu Bir Hayat: Serteller, 53      4. T\u00fcrkiye\u2019nin 1924 Y\u0131l\u0131, 57   4.1. Bir Almana\u011f\u0131n Bi\u00e7imsel \u00d6zellikleri, 60 4.2. 1924 Y\u0131l\u0131nda Siyaset, 66 4.3. 1924 Y\u0131l\u0131nda Toplum, 994.4. 1924 Y\u0131l\u0131nda K\u00fclt\u00fcr, 130Sonu\u00e7, 151     Ekler, 161      Kaynak\u00e7a, 187 <\/p>\n","protected":false},"excerpt":{"rendered":"<p>Tarih y\u00f6nteminin de\u011fi\u015fen yeni ko\u015fullar ba\u011flam\u0131nda i\u00e7ine girmi\u015f oldu\u011fu farkl\u0131la\u015fma s\u00fcreci, kaynaklar\u0131n irdelenme bi\u00e7imlerini de\u011fi\u015ftirmektedir. Makro birikimlerden mikro birikimlere i\u015faret edi\u015fin her g\u00fcn yeni ara\u015ft\u0131rmalarla artt\u0131\u011f\u0131<span class=\"excerpt-hellip\"> [\u2026]<\/span><\/p>\n","protected":false},"featured_media":0,"template":"","meta":{"_monsterinsights_skip_tracking":false,"_monsterinsights_sitenote_active":false,"_monsterinsights_sitenote_note":"","_monsterinsights_sitenote_category":0},"product_brand":[],"product_cat":[12304,13493],"product_tag":[],"class_list":{"0":"post-709890","1":"product","2":"type-product","3":"status-publish","5":"product_cat-tarih","6":"product_cat-turkiye-ve-cumhuriyet-tarihi","7":"pa_cilt-ciltsiz","8":"pa_tur-kitap","9":"pa_yayinevi-yeni-insan-yayinlari","10":"pa_yazar-umut-akagunduz","12":"first","13":"instock","14":"sale","15":"shipping-taxable","16":"purchasable","17":"product-type-simple"},"_links":{"self":[{"href":"https:\/\/roveyayinevi.com.tr\/index.php\/wp-json\/wp\/v2\/product\/709890","targetHints":{"allow":["GET"]}}],"collection":[{"href":"https:\/\/roveyayinevi.com.tr\/index.php\/wp-json\/wp\/v2\/product"}],"about":[{"href":"https:\/\/roveyayinevi.com.tr\/index.php\/wp-json\/wp\/v2\/types\/product"}],"wp:attachment":[{"href":"https:\/\/roveyayinevi.com.tr\/index.php\/wp-json\/wp\/v2\/media?parent=709890"}],"wp:term":[{"taxonomy":"product_brand","embeddable":true,"href":"https:\/\/roveyayinevi.com.tr\/index.php\/wp-json\/wp\/v2\/product_brand?post=709890"},{"taxonomy":"product_cat","embeddable":true,"href":"https:\/\/roveyayinevi.com.tr\/index.php\/wp-json\/wp\/v2\/product_cat?post=709890"},{"taxonomy":"product_tag","embeddable":true,"href":"https:\/\/roveyayinevi.com.tr\/index.php\/wp-json\/wp\/v2\/product_tag?post=709890"}],"curies":[{"name":"wp","href":"https:\/\/api.w.org\/{rel}","templated":true}]}}