{"id":709889,"date":"2025-08-27T16:30:32","date_gmt":"2025-08-27T13:30:32","guid":{"rendered":"https:\/\/roveyayinevi.com.tr\/index.php\/urun\/kotu-cocuk-4\/"},"modified":"2026-04-16T02:18:46","modified_gmt":"2026-04-15T23:18:46","slug":"kotu-cocuk-4","status":"publish","type":"product","link":"https:\/\/roveyayinevi.com.tr\/index.php\/urun\/kotu-cocuk-4\/","title":{"rendered":"K\u00f6t\u00fc \u00c7ocuk 4"},"content":{"rendered":"<p>S\u0130YAHIN \u0130\u00c7\u0130NDEK\u0130 BEYAZ NOKTANIN VEDASI\u2026Neredeyse \u00f6lmek bir \u015fey de\u011fi\u015ftirmez. Kayla d\u00fcnyaya g\u00f6zlerini yeniden a\u00e7t\u0131\u011f\u0131nda her \u015fey eskisi gibiydi. Bocalad\u0131\u011f\u0131nda onu aya\u011fa kald\u0131racak arkada\u015flar\u0131 ve ailesi vard\u0131. Ta ki yeni bir hata yapana dek\u2026\u00dcniversite yeni arkada\u015fl\u0131klar do\u011furdu. Yeti\u015fkin olma yolunda kar\u015f\u0131la\u015f\u0131lan zorluklar\u0131n yan\u0131nda baz\u0131lar\u0131 hata yapmaya devam etti, baz\u0131lar\u0131 ger\u00e7eklerin fark\u0131na vard\u0131. Bu sefer att\u0131klar\u0131 ad\u0131mlar ve ald\u0131klar\u0131 kararlar onlara ger\u00e7ek arkada\u015fl\u0131\u011f\u0131 \u00f6\u011fretti.Bazen ruhunu biri par\u00e7alar, bazen de bunu kendine sen yapars\u0131n. Kayla ve Meri\u00e7\u2019in \u00f6nce kendilerini iyile\u015ftirmeleri gerekiyordu. \u0130kisi de bunu farkl\u0131 yollardan denedi.A\u0130LE OLMAYA \u00c7ALI\u015eAN \u0130K\u0130 FARKLI EVDE, \u0130K\u0130 \u00c7OCU\u011eUN H\u0130K\u00c2YES\u0130\u2026\u201cO zaman turuncu umudumuz olsun, ba\u015f belas\u0131.\u201d <\/p>\n","protected":false},"excerpt":{"rendered":"<p>S\u0130YAHIN \u0130\u00c7\u0130NDEK\u0130 BEYAZ NOKTANIN VEDASI\u2026Neredeyse \u00f6lmek bir \u015fey de\u011fi\u015ftirmez. Kayla d\u00fcnyaya g\u00f6zlerini yeniden a\u00e7t\u0131\u011f\u0131nda her \u015fey eskisi gibiydi. Bocalad\u0131\u011f\u0131nda onu aya\u011fa kald\u0131racak arkada\u015flar\u0131 ve ailesi vard\u0131.<span class=\"excerpt-hellip\"> [\u2026]<\/span><\/p>\n","protected":false},"featured_media":0,"template":"","meta":{"_monsterinsights_skip_tracking":false,"_monsterinsights_sitenote_active":false,"_monsterinsights_sitenote_note":"","_monsterinsights_sitenote_category":0},"product_brand":[],"product_cat":[12291,12711],"product_tag":[],"class_list":{"0":"post-709889","1":"product","2":"type-product","3":"status-publish","5":"product_cat-edebiyat","6":"product_cat-roman-oyku","7":"pa_cilt-ciltli","8":"pa_tur-kitap","9":"pa_yayinevi-ephesus-yayinlari","10":"pa_yazar-busra-kucuk","12":"first","13":"instock","14":"sale","15":"shipping-taxable","16":"purchasable","17":"product-type-simple"},"_links":{"self":[{"href":"https:\/\/roveyayinevi.com.tr\/index.php\/wp-json\/wp\/v2\/product\/709889","targetHints":{"allow":["GET"]}}],"collection":[{"href":"https:\/\/roveyayinevi.com.tr\/index.php\/wp-json\/wp\/v2\/product"}],"about":[{"href":"https:\/\/roveyayinevi.com.tr\/index.php\/wp-json\/wp\/v2\/types\/product"}],"wp:attachment":[{"href":"https:\/\/roveyayinevi.com.tr\/index.php\/wp-json\/wp\/v2\/media?parent=709889"}],"wp:term":[{"taxonomy":"product_brand","embeddable":true,"href":"https:\/\/roveyayinevi.com.tr\/index.php\/wp-json\/wp\/v2\/product_brand?post=709889"},{"taxonomy":"product_cat","embeddable":true,"href":"https:\/\/roveyayinevi.com.tr\/index.php\/wp-json\/wp\/v2\/product_cat?post=709889"},{"taxonomy":"product_tag","embeddable":true,"href":"https:\/\/roveyayinevi.com.tr\/index.php\/wp-json\/wp\/v2\/product_tag?post=709889"}],"curies":[{"name":"wp","href":"https:\/\/api.w.org\/{rel}","templated":true}]}}