{"id":709886,"date":"2025-08-27T16:30:31","date_gmt":"2025-08-27T13:30:31","guid":{"rendered":"https:\/\/roveyayinevi.com.tr\/index.php\/urun\/almanyada-din-ve-felsefenin-tarihi-uzerine\/"},"modified":"2026-04-16T02:18:46","modified_gmt":"2026-04-15T23:18:46","slug":"almanyada-din-ve-felsefenin-tarihi-uzerine","status":"publish","type":"product","link":"https:\/\/roveyayinevi.com.tr\/index.php\/urun\/almanyada-din-ve-felsefenin-tarihi-uzerine\/","title":{"rendered":"Almanya\u2019da Din ve Felsefenin Tarihi \u00dczerine"},"content":{"rendered":"<p>Heinrich Heine, Almancan\u0131n gelmi\u015f ge\u00e7mi\u015f en b\u00fcy\u00fck, en etkili kalemlerinden biri. Ya\u015farken b\u00fcy\u00fck \u00fcne sahip oldu. \u00dcn\u00fc Almanya d\u0131\u015f\u0131na, b\u00fct\u00fcn Avrupa\u2019ya \u00f6zellikle Fransa\u2019ya yay\u0131ld\u0131.Nietzsche onun hakk\u0131nda \u015funlar\u0131 yazm\u0131\u015ft\u0131:\u201c\u015eairli\u011fe dair en y\u00fcce fikri bana Heinrich Heine verdi. Biny\u0131llar\u0131n b\u00fct\u00fcn diyarlar\u0131nda bo\u015f yere ar\u0131yorum onunki kadar tatl\u0131 ve tutkulu bir m\u00fczi\u011fi. Heine\u2019nin Tanr\u0131sal bir alayc\u0131l\u0131\u011f\u0131 vard\u0131, ki m\u00fckemmeliyeti bu alayc\u0131l\u0131k olmadan d\u00fc\u015f\u00fcnemem ve Almancaya nas\u0131l da h\u00e2kim! G\u00fcn\u00fcn birinde, Heine ile benim Almancan\u0131n a\u00e7\u0131k ara ilk sanatk\u00e2rlar\u0131 oldu\u011fumuzu s\u00f6yleyecekler.\u201dLuther\u2019le ba\u015flayan, Spinoza, Leibniz, Lessing, Goethe, Kant, Fichte, Schelling, Hegel gibi dev d\u00fc\u015f\u00fcn\u00fcrleri bir solukta i\u015fleyen bu kitap, Alman d\u00fc\u015f\u00fcncesini olu\u015fturan bu devlerin kalplerinin tam ortas\u0131na oklar\u0131n\u0131 at\u0131yor, onlar\u0131 \u015fairin anlat\u0131m\u0131yla birle\u015ftiriyor, Nil Nehri gibi verimli, \u0130skenderiye K\u00fct\u00fcphanesi gibi zengin bir etki yarat\u0131yor.\u201cPanteizm en kararl\u0131 ve belirgin \u015fekilde Goethe taraf\u0131ndan dile getirilmi\u015fti. Bu durum Werther\u2019de bile g\u00f6r\u00fcl\u00fcr. Werther ac\u0131lar i\u00e7inde do\u011fa ile sevgi dolu bir bi\u00e7imde \u00f6zde\u015fle\u015fmeyi arzular. Faust\u2019ta inat\u00e7\u0131, mistik ve do\u011frudan bir yolu izleyerek do\u011fa ile bir ili\u015fki kurmaya \u00e7al\u0131\u015f\u0131r: D\u00fcnyan\u0131n gizli g\u00fc\u00e7lerini b\u00fcy\u00fc kitaplar\u0131n\u0131n sihirli form\u00fclleriyle efsunlar. Fakat Goethe\u2019nin panteizmi kendini en saf, en g\u00fczel bi\u00e7imde k\u00fc\u00e7\u00fck \u015fark\u0131lar\u0131nda g\u00f6sterir. Spinoza \u00f6\u011fretisi matematiksel k\u0131l\u0131f\u0131ndan \u00e7\u0131km\u0131\u015ft\u0131r ve bir Goethe \u015fark\u0131s\u0131 olarak etraf\u0131m\u0131zda u\u00e7u\u015fur. Ortodokslar\u0131m\u0131zla Pietistlerimizin Goethe \u015fark\u0131lar\u0131na olan \u00f6fkeleri bundand\u0131r. S\u00fcrekli ellerinden ka\u00e7an bu kelebe\u011fi yakalamak i\u00e7in ay\u0131 pen\u00e7elerini ona do\u011fru savururlar. O kadar ince ve t\u00fcy gibidir, o kadar yumu\u015fac\u0131k kanatl\u0131d\u0131r Goethe \u015fark\u0131lar\u0131. Siz Frans\u0131zlar, dili bilmedi\u011finiz s\u00fcrece ne demek istedi\u011fimi anlayamazs\u0131n\u0131z. Tarifi imk\u00e2ns\u0131z, \u015fakac\u0131 bir sihri vard\u0131r bu \u015fark\u0131lar\u0131n. Ahenkli m\u0131sralar kalbini \u015fefkat dolu bir sevgili gibi sarmalar. S\u00f6z sar\u0131l\u0131r, d\u00fc\u015f\u00fcnce \u00f6per seni.\u201d <\/p>\n","protected":false},"excerpt":{"rendered":"<p>Heinrich Heine, Almancan\u0131n gelmi\u015f ge\u00e7mi\u015f en b\u00fcy\u00fck, en etkili kalemlerinden biri. Ya\u015farken b\u00fcy\u00fck \u00fcne sahip oldu. \u00dcn\u00fc Almanya d\u0131\u015f\u0131na, b\u00fct\u00fcn Avrupa\u2019ya \u00f6zellikle Fransa\u2019ya yay\u0131ld\u0131.Nietzsche onun hakk\u0131nda<span class=\"excerpt-hellip\"> [\u2026]<\/span><\/p>\n","protected":false},"featured_media":0,"template":"","meta":{"_monsterinsights_skip_tracking":false,"_monsterinsights_sitenote_active":false,"_monsterinsights_sitenote_note":"","_monsterinsights_sitenote_category":0},"product_brand":[],"product_cat":[12312,12304],"product_tag":[],"class_list":{"0":"post-709886","1":"product","2":"type-product","3":"status-publish","5":"product_cat-diger","6":"product_cat-tarih","7":"pa_cilt-ciltsiz","8":"pa_tur-kitap","9":"pa_yayinevi-ayrinti-yayinlari","10":"pa_yazar-heinrich-heine","12":"first","13":"instock","14":"sale","15":"shipping-taxable","16":"purchasable","17":"product-type-simple"},"_links":{"self":[{"href":"https:\/\/roveyayinevi.com.tr\/index.php\/wp-json\/wp\/v2\/product\/709886","targetHints":{"allow":["GET"]}}],"collection":[{"href":"https:\/\/roveyayinevi.com.tr\/index.php\/wp-json\/wp\/v2\/product"}],"about":[{"href":"https:\/\/roveyayinevi.com.tr\/index.php\/wp-json\/wp\/v2\/types\/product"}],"wp:attachment":[{"href":"https:\/\/roveyayinevi.com.tr\/index.php\/wp-json\/wp\/v2\/media?parent=709886"}],"wp:term":[{"taxonomy":"product_brand","embeddable":true,"href":"https:\/\/roveyayinevi.com.tr\/index.php\/wp-json\/wp\/v2\/product_brand?post=709886"},{"taxonomy":"product_cat","embeddable":true,"href":"https:\/\/roveyayinevi.com.tr\/index.php\/wp-json\/wp\/v2\/product_cat?post=709886"},{"taxonomy":"product_tag","embeddable":true,"href":"https:\/\/roveyayinevi.com.tr\/index.php\/wp-json\/wp\/v2\/product_tag?post=709886"}],"curies":[{"name":"wp","href":"https:\/\/api.w.org\/{rel}","templated":true}]}}