{"id":709885,"date":"2025-08-27T16:30:30","date_gmt":"2025-08-27T13:30:30","guid":{"rendered":"https:\/\/roveyayinevi.com.tr\/index.php\/urun\/hermenotigin-kokeni-kendilik-hakkinda-dartmouth-konferanslari-1980\/"},"modified":"2026-04-16T02:18:46","modified_gmt":"2026-04-15T23:18:46","slug":"hermenotigin-kokeni-kendilik-hakkinda-dartmouth-konferanslari-1980","status":"publish","type":"product","link":"https:\/\/roveyayinevi.com.tr\/index.php\/urun\/hermenotigin-kokeni-kendilik-hakkinda-dartmouth-konferanslari-1980\/","title":{"rendered":"Hermen\u00f6ti\u011fin K\u00f6keni (Kendilik Hakk\u0131nda &#8211; Dartmouth Konferanslar\u0131, 1980)"},"content":{"rendered":"<p>Foucault\u2019nun ele\u015ftirel \u00e7al\u0131\u015fmalar\u0131nda kendilik problemi esasl\u0131 bir yer te\u015fkil eder, elinizdeki kitap bu problemi enine boyuna tart\u0131\u015fan, araya spek\u00fclatif d\u00fc\u015f\u00fcncesinin de dahil edildi\u011fi, zihin a\u00e7\u0131c\u0131 ve k\u0131\u015fk\u0131rt\u0131c\u0131 bir \u00e7al\u0131\u015fma&#8230; Foucault, Kas\u0131m 1980\u2019de, Dartmouth College\u2019da \u201cHakikat ve \u00d6znellik\u201d ve \u201cH\u0131ristiyanl\u0131k ve \u0130tiraf\u201d ba\u015fl\u0131kl\u0131 iki \u0130ngilizce konferans vermi\u015ftir. Bu konferanslarda, Antik Yunan ve Roma d\u00f6nemindeki kendilik teknikleri, kendilik incelemesi ve vicdan y\u00f6netimi gibi konular\u0131 i\u015flemi\u015f, modern \u00f6znenin soyk\u00fct\u00fc\u011f\u00fcn\u00fcn ve bug\u00fcn bile karakterimizi olu\u015fturan kendilik meselesinin izinden gitmi\u015ftir.Foucault, Dartmouth College\u2019da verdi\u011fi bu konferans\u0131n bir benzerini Berkeley\u2019de, Kaliforniya \u00dcniversitesi\u2019nde de vermi\u015ftir. Bunlar\u0131n yan\u0131 s\u0131ra, Foucault\u2019nun daha \u00f6nce hi\u00e7 yay\u0131mlanmam\u0131\u015f iki m\u00fclakat\u0131 da bu \u00e7al\u0131\u015fmaya dahil edilmi\u015ftir.Modern felsefi tart\u0131\u015fmalarda \u00f6nemli yer te\u015fkil eden bir kitap. <\/p>\n","protected":false},"excerpt":{"rendered":"<p>Foucault\u2019nun ele\u015ftirel \u00e7al\u0131\u015fmalar\u0131nda kendilik problemi esasl\u0131 bir yer te\u015fkil eder, elinizdeki kitap bu problemi enine boyuna tart\u0131\u015fan, araya spek\u00fclatif d\u00fc\u015f\u00fcncesinin de dahil edildi\u011fi, zihin a\u00e7\u0131c\u0131 ve<span class=\"excerpt-hellip\"> [\u2026]<\/span><\/p>\n","protected":false},"featured_media":0,"template":"","meta":{"_monsterinsights_skip_tracking":false,"_monsterinsights_sitenote_active":false,"_monsterinsights_sitenote_note":"","_monsterinsights_sitenote_category":0},"product_brand":[],"product_cat":[13590,12337],"product_tag":[],"class_list":{"0":"post-709885","1":"product","2":"type-product","3":"status-publish","5":"product_cat-arastirma-inceleme-politika-siyaset","6":"product_cat-politika-siyaset","7":"pa_cilt-ciltsiz","8":"pa_tur-kitap","9":"pa_yayinevi-ayrinti-yayinlari","10":"pa_yazar-michel-foucault","12":"first","13":"instock","14":"sale","15":"shipping-taxable","16":"purchasable","17":"product-type-simple"},"_links":{"self":[{"href":"https:\/\/roveyayinevi.com.tr\/index.php\/wp-json\/wp\/v2\/product\/709885","targetHints":{"allow":["GET"]}}],"collection":[{"href":"https:\/\/roveyayinevi.com.tr\/index.php\/wp-json\/wp\/v2\/product"}],"about":[{"href":"https:\/\/roveyayinevi.com.tr\/index.php\/wp-json\/wp\/v2\/types\/product"}],"wp:attachment":[{"href":"https:\/\/roveyayinevi.com.tr\/index.php\/wp-json\/wp\/v2\/media?parent=709885"}],"wp:term":[{"taxonomy":"product_brand","embeddable":true,"href":"https:\/\/roveyayinevi.com.tr\/index.php\/wp-json\/wp\/v2\/product_brand?post=709885"},{"taxonomy":"product_cat","embeddable":true,"href":"https:\/\/roveyayinevi.com.tr\/index.php\/wp-json\/wp\/v2\/product_cat?post=709885"},{"taxonomy":"product_tag","embeddable":true,"href":"https:\/\/roveyayinevi.com.tr\/index.php\/wp-json\/wp\/v2\/product_tag?post=709885"}],"curies":[{"name":"wp","href":"https:\/\/api.w.org\/{rel}","templated":true}]}}