{"id":709884,"date":"2025-08-27T16:30:30","date_gmt":"2025-08-27T13:30:30","guid":{"rendered":"https:\/\/roveyayinevi.com.tr\/index.php\/urun\/yaratilis-mi-evrim-mi\/"},"modified":"2026-04-16T02:18:46","modified_gmt":"2026-04-15T23:18:46","slug":"yaratilis-mi-evrim-mi","status":"publish","type":"product","link":"https:\/\/roveyayinevi.com.tr\/index.php\/urun\/yaratilis-mi-evrim-mi\/","title":{"rendered":"Yarat\u0131l\u0131\u015f M\u0131 Evrim Mi?"},"content":{"rendered":"<p>Bu ola\u011fan\u00fcst\u00fc \u00e7al\u0131\u015fma, Kevin Padian, John R. Cole ve Wesley Elsberry gibi kendi alanlar\u0131n\u0131n en \u00f6nemli savunucular\u0131 taraf\u0131ndan kaleme al\u0131nm\u0131\u015f on alt\u0131 parlak denemeyle, evrim kar\u015f\u0131tl\u0131\u011f\u0131n\u0131 incelemektedir.Yarat\u0131l\u0131\u015f\u00e7\u0131l\u0131\u011f\u0131n tarihini g\u00f6zler \u00f6n\u00fcne seren bu g\u00fc\u00e7l\u00fc se\u00e7ki, evrim kar\u015f\u0131tlar\u0131 taraf\u0131ndan kullan\u0131lan en yeni taktikleri bo\u015fa \u00e7\u0131karmakta, evrim kar\u015f\u0131t\u0131 itirazlar\u0131na dini ve politik temeller bulan bu ki\u015filerin fikirlerini \u00e7\u00fcr\u00fctmekte ve okurlara evrim bahsinde bilimsel kan\u0131tlar sunmaktad\u0131r.Evrim kuram\u0131n\u0131n yeni biyokimyasal ve molek\u00fcler biyolojik verilerle desteklenmesi yarat\u0131l\u0131\u015f d\u00fc\u015f\u00fcncesini savunan bilim insanlar\u0131n\u0131 yeni ve inand\u0131r\u0131c\u0131 kuramlar geli\u015ftirmeye y\u00f6neltmi\u015ftir. Bilim insanlar\u0131n\u0131 art\u0131k, \u201cD\u00fcnya alt\u0131 g\u00fcnde yarat\u0131ld\u0131\u201d diyerek inand\u0131rmak m\u00fcmk\u00fcn de\u011fil. Ak\u0131ll\u0131 Tasar\u0131m d\u00fc\u015f\u00fcn\u00fcrlerine kar\u015f\u0131 evrim yanl\u0131lar\u0131 bilimsel deliller sunmaktalar. Bu kitap bu delillerin \u0131\u015f\u0131\u011f\u0131nda Evrim ve Ak\u0131ll\u0131 Tasar\u0131m d\u00fc\u015f\u00fcncelerinin irdelenmesini sa\u011flamakta; \u00f6\u011frenciler, \u00f6\u011fretmenler ve konuya ilgi duyanlar i\u00e7in \u00f6nemli bir kaynak&#8230;\u201cYarat\u0131l\u0131\u015f\u00e7\u0131l\u0131k kar\u015f\u0131t\u0131 alan\u0131n en b\u00fcy\u00fck isimleri taraf\u0131ndan yaz\u0131lm\u0131\u015f, ciddi ve kapsaml\u0131 denemelerden olu\u015fan bir se\u00e7ki&#8230;\u201d- Publishers Weekly\u201cYarat\u0131l\u0131\u015f\u00e7\u0131l\u0131\u011f\u0131n yanl\u0131\u015flar\u0131n\u0131 anlamak isteyenler a\u00e7\u0131s\u0131ndan paha bi\u00e7ilmez bir \u00e7al\u0131\u015fma&#8230;\u201d- Glenn Branch, BioScience\u201cAk\u0131ll\u0131 Tasar\u0131m hareketini anlamak isteyenler i\u00e7in faydal\u0131 bir kaynak kitap; \u015fiddetle tavsiye edilir.\u201d- Bruce E. Fleury, Choice <\/p>\n","protected":false},"excerpt":{"rendered":"<p>Bu ola\u011fan\u00fcst\u00fc \u00e7al\u0131\u015fma, Kevin Padian, John R. Cole ve Wesley Elsberry gibi kendi alanlar\u0131n\u0131n en \u00f6nemli savunucular\u0131 taraf\u0131ndan kaleme al\u0131nm\u0131\u015f on alt\u0131 parlak denemeyle, evrim kar\u015f\u0131tl\u0131\u011f\u0131n\u0131<span class=\"excerpt-hellip\"> [\u2026]<\/span><\/p>\n","protected":false},"featured_media":0,"template":"","meta":{"_monsterinsights_skip_tracking":false,"_monsterinsights_sitenote_active":false,"_monsterinsights_sitenote_note":"","_monsterinsights_sitenote_category":0},"product_brand":[],"product_cat":[13005,13006],"product_tag":[],"class_list":{"0":"post-709884","1":"product","2":"type-product","3":"status-publish","5":"product_cat-bilim-muhendislik","6":"product_cat-populer-bilim","7":"pa_cilt-ciltsiz","8":"pa_tur-kitap","9":"pa_yayinevi-ayrinti-yayinlari","10":"pa_yazar-andrew-j-petto","11":"pa_yazar-laurie-r-godfrey","13":"first","14":"instock","15":"sale","16":"shipping-taxable","17":"purchasable","18":"product-type-simple"},"_links":{"self":[{"href":"https:\/\/roveyayinevi.com.tr\/index.php\/wp-json\/wp\/v2\/product\/709884","targetHints":{"allow":["GET"]}}],"collection":[{"href":"https:\/\/roveyayinevi.com.tr\/index.php\/wp-json\/wp\/v2\/product"}],"about":[{"href":"https:\/\/roveyayinevi.com.tr\/index.php\/wp-json\/wp\/v2\/types\/product"}],"wp:attachment":[{"href":"https:\/\/roveyayinevi.com.tr\/index.php\/wp-json\/wp\/v2\/media?parent=709884"}],"wp:term":[{"taxonomy":"product_brand","embeddable":true,"href":"https:\/\/roveyayinevi.com.tr\/index.php\/wp-json\/wp\/v2\/product_brand?post=709884"},{"taxonomy":"product_cat","embeddable":true,"href":"https:\/\/roveyayinevi.com.tr\/index.php\/wp-json\/wp\/v2\/product_cat?post=709884"},{"taxonomy":"product_tag","embeddable":true,"href":"https:\/\/roveyayinevi.com.tr\/index.php\/wp-json\/wp\/v2\/product_tag?post=709884"}],"curies":[{"name":"wp","href":"https:\/\/api.w.org\/{rel}","templated":true}]}}