{"id":709883,"date":"2025-08-27T16:30:29","date_gmt":"2025-08-27T13:30:29","guid":{"rendered":"https:\/\/roveyayinevi.com.tr\/index.php\/urun\/zuzu-coplukte\/"},"modified":"2026-04-16T02:18:46","modified_gmt":"2026-04-15T23:18:46","slug":"zuzu-coplukte","status":"publish","type":"product","link":"https:\/\/roveyayinevi.com.tr\/index.php\/urun\/zuzu-coplukte\/","title":{"rendered":"Zuzu \u00c7\u00f6pl\u00fckte"},"content":{"rendered":"<p>\u00c7evrenize iyi bak\u0131n, neler neler g\u00f6receksiniz!Zuzu\u2019nun maceralar\u0131 devam ediyor&#8230;Zuzu bu defa \u00e7\u00f6pl\u00fckte e\u015finiyor. Neden mi? Kedi arkada\u015flar\u0131 \u00e7at\u0131dan kitaplar\u0131n\u0131 \u00e7\u00f6pe d\u00fc\u015f\u00fcr\u00fcnce, ko\u015fa ko\u015fa ondan yard\u0131m istemeye gelirler. \u00c7\u00f6p\u00e7\u00fclerin kitab\u0131 kamyona at\u0131p g\u00f6t\u00fcrd\u00fckleri \u00e7\u00f6p da\u011f\u0131n\u0131n \u00f6n\u00fcnde Zuzu ve arkada\u015flar\u0131n\u0131 \u00e7ok i\u015f beklemektedir. Kitaplar\u0131n\u0131 arayan yolda\u015flar, beklenmedik, yeni arkada\u015flarla tan\u0131\u015f\u0131rlar. Eski kitaplar, \u015fi\u015feler, giysiler&#8230; daha neler neler&#8230; Can\u0131 s\u0131k\u0131lan b\u00fct\u00fcn bu at\u0131klar, Zuzu\u2019nun ve arkada\u015flar\u0131n\u0131n yard\u0131m\u0131yla hayata geri d\u00f6ner&#8230;Zuzu \u00c7\u00f6pl\u00fckte kitab\u0131n\u0131 G\u00f6rkem Kantar Arsoy yazd\u0131, Simeon Tennant resimledi.<\/p>\n","protected":false},"excerpt":{"rendered":"<p>\u00c7evrenize iyi bak\u0131n, neler neler g\u00f6receksiniz!Zuzu\u2019nun maceralar\u0131 devam ediyor&#8230;Zuzu bu defa \u00e7\u00f6pl\u00fckte e\u015finiyor. Neden mi? Kedi arkada\u015flar\u0131 \u00e7at\u0131dan kitaplar\u0131n\u0131 \u00e7\u00f6pe d\u00fc\u015f\u00fcr\u00fcnce, ko\u015fa ko\u015fa ondan yard\u0131m istemeye<span class=\"excerpt-hellip\"> [\u2026]<\/span><\/p>\n","protected":false},"featured_media":0,"template":"","meta":{"_monsterinsights_skip_tracking":false,"_monsterinsights_sitenote_active":false,"_monsterinsights_sitenote_note":"","_monsterinsights_sitenote_category":0},"product_brand":[],"product_cat":[12274,12518],"product_tag":[],"class_list":{"0":"post-709883","1":"product","2":"type-product","3":"status-publish","5":"product_cat-cocuk-ve-genclik-kitaplari","6":"product_cat-okul-oncesi-kitaplar","7":"pa_cilt-ciltsiz","8":"pa_tur-kitap","9":"pa_yayinevi-yapi-kredi-yayinlari","10":"pa_yazar-gorkem-kantar-arsoy","12":"first","13":"instock","14":"sale","15":"shipping-taxable","16":"purchasable","17":"product-type-simple"},"_links":{"self":[{"href":"https:\/\/roveyayinevi.com.tr\/index.php\/wp-json\/wp\/v2\/product\/709883","targetHints":{"allow":["GET"]}}],"collection":[{"href":"https:\/\/roveyayinevi.com.tr\/index.php\/wp-json\/wp\/v2\/product"}],"about":[{"href":"https:\/\/roveyayinevi.com.tr\/index.php\/wp-json\/wp\/v2\/types\/product"}],"wp:attachment":[{"href":"https:\/\/roveyayinevi.com.tr\/index.php\/wp-json\/wp\/v2\/media?parent=709883"}],"wp:term":[{"taxonomy":"product_brand","embeddable":true,"href":"https:\/\/roveyayinevi.com.tr\/index.php\/wp-json\/wp\/v2\/product_brand?post=709883"},{"taxonomy":"product_cat","embeddable":true,"href":"https:\/\/roveyayinevi.com.tr\/index.php\/wp-json\/wp\/v2\/product_cat?post=709883"},{"taxonomy":"product_tag","embeddable":true,"href":"https:\/\/roveyayinevi.com.tr\/index.php\/wp-json\/wp\/v2\/product_tag?post=709883"}],"curies":[{"name":"wp","href":"https:\/\/api.w.org\/{rel}","templated":true}]}}