{"id":709881,"date":"2025-08-27T16:30:28","date_gmt":"2025-08-27T13:30:28","guid":{"rendered":"https:\/\/roveyayinevi.com.tr\/index.php\/urun\/turkiyede-kulturel-iktidarin-kurulusu\/"},"modified":"2026-04-16T02:18:46","modified_gmt":"2026-04-15T23:18:46","slug":"turkiyede-kulturel-iktidarin-kurulusu","status":"publish","type":"product","link":"https:\/\/roveyayinevi.com.tr\/index.php\/urun\/turkiyede-kulturel-iktidarin-kurulusu\/","title":{"rendered":"T\u00fcrkiye&#8217;de K\u00fclt\u00fcrel \u0130ktidar\u0131n Kurulu\u015fu"},"content":{"rendered":"<p>T\u00fcrkiye\u2019deki siyasal iktidar m\u00fccadelesi,b\u00fcy\u00fck \u00f6l\u00e7\u00fcde, hayat tarzlar\u0131 \u00fczerinden y\u00fcr\u00fcm\u00fc\u015ft\u00fcr. Hik\u00e2yeyi, Tanzimat\u2019a kadar geri g\u00f6t\u00fcrmek m\u00fcmk\u00fcnse de, bu sahadaki en \u015fedit \u00e7at\u0131\u015fmalara, Cumhuriyet\u2019in \u00e7ok partili d\u00f6nemi sahne olmu\u015ftur. Gerilimin temel nedeni, devlet alan\u0131n\u0131 tahakk\u00fcm\u00fcnde tutan k\u00fc\u00e7\u00fck bir b\u00fcrokratik oligar\u015finin, siyasal s\u0131n\u0131rlar\u0131 da kendi hayat tarz\u0131 istikametinde ve tek tarafl\u0131 bi\u00e7imde \u00e7izmi\u015f olmas\u0131d\u0131r. Hatlar\u0131 tek partili d\u00f6nemde belirginle\u015fen ve asker\u00ee darbeler vas\u0131tas\u0131yla defaatle tahkim edilen bu k\u00fclt\u00fcrel iktidar, T\u00fcrkiye\u2019deki ger\u00e7ek siyasi g\u00fcc\u00fcn ve vesayetin de can damar\u0131 olmu\u015ftur. Tek parti d\u00f6nemi mahsul\u00fc k\u00fclt\u00fcrel iktidar\u0131n haritas\u0131n\u0131 \u00e7izmeyi ve &#8220;vesayet\u00e7i demokrasi&#8221; zihniyetinin kodlar\u0131n\u0131 \u00e7\u00f6zmeyi sa\u011flayaca\u011f\u0131n\u0131 savunan bu kitap, T\u00fcrkiye siyasetini anlamak i\u00e7in bizi ufkun \u00f6tesine bakmaya davet ediyor. \ufffcTan\u0131t\u0131m Metni<\/p>\n","protected":false},"excerpt":{"rendered":"<p>T\u00fcrkiye\u2019deki siyasal iktidar m\u00fccadelesi,b\u00fcy\u00fck \u00f6l\u00e7\u00fcde, hayat tarzlar\u0131 \u00fczerinden y\u00fcr\u00fcm\u00fc\u015ft\u00fcr. Hik\u00e2yeyi, Tanzimat\u2019a kadar geri g\u00f6t\u00fcrmek m\u00fcmk\u00fcnse de, bu sahadaki en \u015fedit \u00e7at\u0131\u015fmalara, Cumhuriyet\u2019in \u00e7ok partili d\u00f6nemi sahne<span class=\"excerpt-hellip\"> [\u2026]<\/span><\/p>\n","protected":false},"featured_media":0,"template":"","meta":{"_monsterinsights_skip_tracking":false,"_monsterinsights_sitenote_active":false,"_monsterinsights_sitenote_note":"","_monsterinsights_sitenote_category":0},"product_brand":[],"product_cat":[13072,12291],"product_tag":[],"class_list":{"0":"post-709881","1":"product","2":"type-product","3":"status-publish","5":"product_cat-arastirma-inceleme-referans","6":"product_cat-edebiyat","7":"pa_cilt-ciltsiz","8":"pa_tur-kitap","9":"pa_yayinevi-liberte-yayinlari","10":"pa_yazar-yilmaz-colak","12":"first","13":"instock","14":"sale","15":"shipping-taxable","16":"purchasable","17":"product-type-simple"},"_links":{"self":[{"href":"https:\/\/roveyayinevi.com.tr\/index.php\/wp-json\/wp\/v2\/product\/709881","targetHints":{"allow":["GET"]}}],"collection":[{"href":"https:\/\/roveyayinevi.com.tr\/index.php\/wp-json\/wp\/v2\/product"}],"about":[{"href":"https:\/\/roveyayinevi.com.tr\/index.php\/wp-json\/wp\/v2\/types\/product"}],"wp:attachment":[{"href":"https:\/\/roveyayinevi.com.tr\/index.php\/wp-json\/wp\/v2\/media?parent=709881"}],"wp:term":[{"taxonomy":"product_brand","embeddable":true,"href":"https:\/\/roveyayinevi.com.tr\/index.php\/wp-json\/wp\/v2\/product_brand?post=709881"},{"taxonomy":"product_cat","embeddable":true,"href":"https:\/\/roveyayinevi.com.tr\/index.php\/wp-json\/wp\/v2\/product_cat?post=709881"},{"taxonomy":"product_tag","embeddable":true,"href":"https:\/\/roveyayinevi.com.tr\/index.php\/wp-json\/wp\/v2\/product_tag?post=709881"}],"curies":[{"name":"wp","href":"https:\/\/api.w.org\/{rel}","templated":true}]}}