{"id":709878,"date":"2025-08-27T16:30:27","date_gmt":"2025-08-27T13:30:27","guid":{"rendered":"https:\/\/roveyayinevi.com.tr\/index.php\/urun\/turkiyenin-avrupa-macerasi\/"},"modified":"2026-04-16T02:18:45","modified_gmt":"2026-04-15T23:18:45","slug":"turkiyenin-avrupa-macerasi","status":"publish","type":"product","link":"https:\/\/roveyayinevi.com.tr\/index.php\/urun\/turkiyenin-avrupa-macerasi\/","title":{"rendered":"T\u00fcrkiye&#8217;nin Avrupa Maceras\u0131"},"content":{"rendered":"<p>&#8220;T\u00fcrkiye&#8217;nin Avrupa Maceras\u0131 1959-1999&#8221;, Avrupa Birli\u011fi&#8217;yle ili\u015fkilerin ba\u015flang\u0131c\u0131ndan g\u00fcn\u00fcm\u00fcze kadar devam eden s\u00fcreci ele alan, yol boyu yap\u0131lan m\u00fczakerelerin, gizli pazarl\u0131klar\u0131n, verilen \u00f6d\u00fcnlerin, hik\u00e2yesine yer veren, konuyla az ya da \u00e7ok ilgili herkesin elinin alt\u0131nda bulunmas\u0131 gereken bir kitapt\u0131r. 1978 y\u0131l\u0131nda &#8220;Bir Pazar Hik\u00e2yesi&#8221; ad\u0131yla yay\u0131mlanm\u0131\u015f, daha sonra 1978&#8217;deki tam \u00fcyelik ba\u015fvurusu ve 1995&#8217;teki G\u00fcmr\u00fck Birli\u011fi m\u00fccadelesiyle geni\u015fletilerek, &#8220;T\u00fcrkiye&#8217;nin G\u00fcmr\u00fck Birli\u011fi Maceras\u0131&#8221; ad\u0131yla tekrar bas\u0131lm\u0131\u015f olan eserin son bask\u0131s\u0131, 1999&#8217;un sonuna kadarki geli\u015fmelerin yan\u0131 s\u0131ra, T\u00fcrkiye&#8217;nin Avrupa Birli\u011fi&#8217;ne aday \u00fclkeler listesine al\u0131nmas\u0131 a\u015famas\u0131n\u0131 da i\u00e7ermektedir. <\/p>\n","protected":false},"excerpt":{"rendered":"<p>&#8220;T\u00fcrkiye&#8217;nin Avrupa Maceras\u0131 1959-1999&#8221;, Avrupa Birli\u011fi&#8217;yle ili\u015fkilerin ba\u015flang\u0131c\u0131ndan g\u00fcn\u00fcm\u00fcze kadar devam eden s\u00fcreci ele alan, yol boyu yap\u0131lan m\u00fczakerelerin, gizli pazarl\u0131klar\u0131n, verilen \u00f6d\u00fcnlerin, hik\u00e2yesine yer veren,<span class=\"excerpt-hellip\"> [\u2026]<\/span><\/p>\n","protected":false},"featured_media":0,"template":"","meta":{"_monsterinsights_skip_tracking":false,"_monsterinsights_sitenote_active":false,"_monsterinsights_sitenote_note":"","_monsterinsights_sitenote_category":0},"product_brand":[],"product_cat":[12312,12304],"product_tag":[],"class_list":{"0":"post-709878","1":"product","2":"type-product","3":"status-publish","5":"product_cat-diger","6":"product_cat-tarih","7":"pa_cilt-ciltsiz","8":"pa_tur-kitap","9":"pa_yayinevi-astana-yayinlari","10":"pa_yazar-anil-cecen","12":"first","13":"instock","14":"sale","15":"shipping-taxable","16":"purchasable","17":"product-type-simple"},"_links":{"self":[{"href":"https:\/\/roveyayinevi.com.tr\/index.php\/wp-json\/wp\/v2\/product\/709878","targetHints":{"allow":["GET"]}}],"collection":[{"href":"https:\/\/roveyayinevi.com.tr\/index.php\/wp-json\/wp\/v2\/product"}],"about":[{"href":"https:\/\/roveyayinevi.com.tr\/index.php\/wp-json\/wp\/v2\/types\/product"}],"wp:attachment":[{"href":"https:\/\/roveyayinevi.com.tr\/index.php\/wp-json\/wp\/v2\/media?parent=709878"}],"wp:term":[{"taxonomy":"product_brand","embeddable":true,"href":"https:\/\/roveyayinevi.com.tr\/index.php\/wp-json\/wp\/v2\/product_brand?post=709878"},{"taxonomy":"product_cat","embeddable":true,"href":"https:\/\/roveyayinevi.com.tr\/index.php\/wp-json\/wp\/v2\/product_cat?post=709878"},{"taxonomy":"product_tag","embeddable":true,"href":"https:\/\/roveyayinevi.com.tr\/index.php\/wp-json\/wp\/v2\/product_tag?post=709878"}],"curies":[{"name":"wp","href":"https:\/\/api.w.org\/{rel}","templated":true}]}}