{"id":709877,"date":"2025-08-27T16:30:26","date_gmt":"2025-08-27T13:30:26","guid":{"rendered":"https:\/\/roveyayinevi.com.tr\/index.php\/urun\/resimli-deyimler-ve-atasozleri-sozlugu\/"},"modified":"2026-04-16T02:18:45","modified_gmt":"2026-04-15T23:18:45","slug":"resimli-deyimler-ve-atasozleri-sozlugu","status":"publish","type":"product","link":"https:\/\/roveyayinevi.com.tr\/index.php\/urun\/resimli-deyimler-ve-atasozleri-sozlugu\/","title":{"rendered":"Resimli Deyimler ve Atas\u00f6zleri S\u00f6zl\u00fc\u011f\u00fc"},"content":{"rendered":"<p>Resimli Deyimler ve Atas\u00f6zleri S\u00f6zl\u00fc\u011f\u00fc<\/p>\n","protected":false},"excerpt":{"rendered":"<p>Resimli Deyimler ve Atas\u00f6zleri S\u00f6zl\u00fc\u011f\u00fc<\/p>\n","protected":false},"featured_media":0,"template":"","meta":{"_monsterinsights_skip_tracking":false,"_monsterinsights_sitenote_active":false,"_monsterinsights_sitenote_note":"","_monsterinsights_sitenote_category":0},"product_brand":[],"product_cat":[19532,12566,13611],"product_tag":[],"class_list":{"0":"post-709877","1":"product","2":"type-product","3":"status-publish","5":"product_cat-atasozleri-deyimler-ve-terimleri-sozlugu","6":"product_cat-egitim","7":"product_cat-sozlukler-ve-konusma-kilavuzlari","8":"pa_cilt-ciltsiz","9":"pa_tur-kitap","10":"pa_yayinevi-evrensel-iletisim-yayinlari","11":"pa_yazar-evrensel-kolektif","13":"first","14":"instock","15":"sale","16":"shipping-taxable","17":"purchasable","18":"product-type-simple"},"_links":{"self":[{"href":"https:\/\/roveyayinevi.com.tr\/index.php\/wp-json\/wp\/v2\/product\/709877","targetHints":{"allow":["GET"]}}],"collection":[{"href":"https:\/\/roveyayinevi.com.tr\/index.php\/wp-json\/wp\/v2\/product"}],"about":[{"href":"https:\/\/roveyayinevi.com.tr\/index.php\/wp-json\/wp\/v2\/types\/product"}],"wp:attachment":[{"href":"https:\/\/roveyayinevi.com.tr\/index.php\/wp-json\/wp\/v2\/media?parent=709877"}],"wp:term":[{"taxonomy":"product_brand","embeddable":true,"href":"https:\/\/roveyayinevi.com.tr\/index.php\/wp-json\/wp\/v2\/product_brand?post=709877"},{"taxonomy":"product_cat","embeddable":true,"href":"https:\/\/roveyayinevi.com.tr\/index.php\/wp-json\/wp\/v2\/product_cat?post=709877"},{"taxonomy":"product_tag","embeddable":true,"href":"https:\/\/roveyayinevi.com.tr\/index.php\/wp-json\/wp\/v2\/product_tag?post=709877"}],"curies":[{"name":"wp","href":"https:\/\/api.w.org\/{rel}","templated":true}]}}