{"id":709876,"date":"2025-08-27T16:30:26","date_gmt":"2025-08-27T13:30:26","guid":{"rendered":"https:\/\/roveyayinevi.com.tr\/index.php\/urun\/pelikan-essential-academic-vocabulary\/"},"modified":"2026-04-16T02:18:45","modified_gmt":"2026-04-15T23:18:45","slug":"pelikan-essential-academic-vocabulary","status":"publish","type":"product","link":"https:\/\/roveyayinevi.com.tr\/index.php\/urun\/pelikan-essential-academic-vocabulary\/","title":{"rendered":"Pelikan Essential Academic Vocabulary"},"content":{"rendered":"<p>Essential Academic Vocabulary akademik metinleri okuyup anlamak ve yazma \u00e7al\u0131\u015fmalar\u0131na s\u00f6zc\u00fck zenginli\u011fi katmak i\u00e7in gerekli en \u00f6nemli s\u00f6zc\u00fckleri \u00f6\u011freten ve test eden kapsaml\u0131 bir referans ve test kitab\u0131d\u0131r. Basic Academic Vocabulary ve Advanced Academic Vocabulary olmak \u00fczere iki ana b\u00f6l\u00fcmden olu\u015fan kitab\u0131n birinci b\u00f6l\u00fcm\u00fcnde \u0130ngilizce haz\u0131rl\u0131k okulunda, YDS ve KPSS haz\u0131rl\u0131k \u00e7al\u0131\u015fmalar\u0131nda en \u00e7ok gereksinme duyulan s\u00f6zc\u00fckler \u00f6\u011fretilerek test edilmektedir. ikinci b\u00f6l\u00fcmde ise \u00dcDS, KPDS, TOEFL, COPE ve benzeri \u0130ngilizce yeterlik s\u0131navlar\u0131nda ge\u00e7ebilecek ileri d\u00fczeyde s\u00f6zc\u00fckler \u00f6rnekli olarak yer almaktad\u0131r. Kitapta \u00f6\u011fretilmeye \u00e7al\u0131\u015f\u0131lan s\u00f6zc\u00fckleri \u00f6\u011frenenler \u0130ngilizce gazete ve dergilerle birlikte hukuk, iktisat, sosyal bilimler, fen bilimleri ve t\u0131p dahil \u00e7ok \u00e7e\u015fitli akademik metinleri anlayabilecek s\u00f6zc\u00fck da\u011farc\u0131\u011f\u0131n\u0131 olu\u015fturabilirler. <\/p>\n","protected":false},"excerpt":{"rendered":"<p>Essential Academic Vocabulary akademik metinleri okuyup anlamak ve yazma \u00e7al\u0131\u015fmalar\u0131na s\u00f6zc\u00fck zenginli\u011fi katmak i\u00e7in gerekli en \u00f6nemli s\u00f6zc\u00fckleri \u00f6\u011freten ve test eden kapsaml\u0131 bir referans ve<span class=\"excerpt-hellip\"> [\u2026]<\/span><\/p>\n","protected":false},"featured_media":0,"template":"","meta":{"_monsterinsights_skip_tracking":false,"_monsterinsights_sitenote_active":false,"_monsterinsights_sitenote_note":"","_monsterinsights_sitenote_category":0},"product_brand":[],"product_cat":[12566,13611],"product_tag":[],"class_list":{"0":"post-709876","1":"product","2":"type-product","3":"status-publish","5":"product_cat-egitim","6":"product_cat-sozlukler-ve-konusma-kilavuzlari","7":"pa_cilt-ciltsiz","8":"pa_tur-kitap","9":"pa_yayinevi-pelikan-yayincilik-akademik-kitaplar","10":"pa_yazar-cesur-ozturk","12":"first","13":"instock","14":"sale","15":"shipping-taxable","16":"purchasable","17":"product-type-simple"},"_links":{"self":[{"href":"https:\/\/roveyayinevi.com.tr\/index.php\/wp-json\/wp\/v2\/product\/709876","targetHints":{"allow":["GET"]}}],"collection":[{"href":"https:\/\/roveyayinevi.com.tr\/index.php\/wp-json\/wp\/v2\/product"}],"about":[{"href":"https:\/\/roveyayinevi.com.tr\/index.php\/wp-json\/wp\/v2\/types\/product"}],"wp:attachment":[{"href":"https:\/\/roveyayinevi.com.tr\/index.php\/wp-json\/wp\/v2\/media?parent=709876"}],"wp:term":[{"taxonomy":"product_brand","embeddable":true,"href":"https:\/\/roveyayinevi.com.tr\/index.php\/wp-json\/wp\/v2\/product_brand?post=709876"},{"taxonomy":"product_cat","embeddable":true,"href":"https:\/\/roveyayinevi.com.tr\/index.php\/wp-json\/wp\/v2\/product_cat?post=709876"},{"taxonomy":"product_tag","embeddable":true,"href":"https:\/\/roveyayinevi.com.tr\/index.php\/wp-json\/wp\/v2\/product_tag?post=709876"}],"curies":[{"name":"wp","href":"https:\/\/api.w.org\/{rel}","templated":true}]}}