{"id":709871,"date":"2025-08-27T16:30:23","date_gmt":"2025-08-27T13:30:23","guid":{"rendered":"https:\/\/roveyayinevi.com.tr\/index.php\/urun\/fatih-sultan-mehmet-nasil-buyuk-insan-oldu\/"},"modified":"2026-04-16T02:18:45","modified_gmt":"2026-04-15T23:18:45","slug":"fatih-sultan-mehmet-nasil-buyuk-insan-oldu","status":"publish","type":"product","link":"https:\/\/roveyayinevi.com.tr\/index.php\/urun\/fatih-sultan-mehmet-nasil-buyuk-insan-oldu\/","title":{"rendered":"Fatih Sultan Mehmet Nas\u0131l B\u00fcy\u00fck \u0130nsan Oldu ?"},"content":{"rendered":"<p>\u201cEy, benim babam! Duydum ki Ha\u00e7l\u0131 ordular\u0131 ya\u015f\u0131m\u0131n k\u00fc\u00e7\u00fckl\u00fc\u011f\u00fcnden umuda kap\u0131lm\u0131\u015flar. \u00d6yleyse g\u00fcn, bu umudu bo\u015fa \u00e7\u0131karma g\u00fcn\u00fcd\u00fcr. O nedenle diyorum ki e\u011fer padi\u015fah ben isem, size emrediyorum: Gelip ordular\u0131m\u0131z\u0131n ba\u015f\u0131na ge\u00e7in! Yok, e\u011fer padi\u015fah siz iseniz, ben tahttan iniyorum, yine gelin ve g\u00f6revinizin ba\u015f\u0131na ge\u00e7in!\u201d Aradan birka\u00e7 g\u00fcn ge\u00e7mi\u015fti. Emir yerine getirilmi\u015f, mektup sahibine ula\u015fm\u0131\u015ft\u0131. Mehmet\u2019in babas\u0131 II. Murat mektubu dikkatle okurken y\u00fcz\u00fcnde gururlu bir g\u00fcl\u00fcmseme belirdi. \u201cBu ya\u015fta, bu zek\u00e2, haaa!..\u201d dedi kendi kendine. \u201c\u00c7ok hakl\u0131. \u00c7ok da g\u00fczel s\u00f6ylemi\u015f!\u201d Masas\u0131n\u0131n ba\u015f\u0131na ge\u00e7ti. Cevab\u0131n\u0131 yazmaya ba\u015flad\u0131: \u201cEy o\u011ful! Dedi\u011fini yapar, ordular\u0131m\u0131z\u0131n ba\u015f\u0131na ge\u00e7erim ama bir \u015fartla. Tahtta yine sen olacaks\u0131n.\u201d Acaba Mehmet mektubu al\u0131nca ne yapacakt\u0131? <\/p>\n","protected":false},"excerpt":{"rendered":"<p>\u201cEy, benim babam! Duydum ki Ha\u00e7l\u0131 ordular\u0131 ya\u015f\u0131m\u0131n k\u00fc\u00e7\u00fckl\u00fc\u011f\u00fcnden umuda kap\u0131lm\u0131\u015flar. \u00d6yleyse g\u00fcn, bu umudu bo\u015fa \u00e7\u0131karma g\u00fcn\u00fcd\u00fcr. O nedenle diyorum ki e\u011fer padi\u015fah ben isem,<span class=\"excerpt-hellip\"> [\u2026]<\/span><\/p>\n","protected":false},"featured_media":0,"template":"","meta":{"_monsterinsights_skip_tracking":false,"_monsterinsights_sitenote_active":false,"_monsterinsights_sitenote_note":"","_monsterinsights_sitenote_category":0},"product_brand":[],"product_cat":[12274,12284],"product_tag":[],"class_list":{"0":"post-709871","1":"product","2":"type-product","3":"status-publish","5":"product_cat-cocuk-ve-genclik-kitaplari","6":"product_cat-hikayeler","7":"pa_cilt-ciltsiz","8":"pa_tur-kitap","9":"pa_yayinevi-boyalikus-yayinlari","10":"pa_yazar-komisyon","12":"first","13":"instock","14":"sale","15":"shipping-taxable","16":"purchasable","17":"product-type-simple"},"_links":{"self":[{"href":"https:\/\/roveyayinevi.com.tr\/index.php\/wp-json\/wp\/v2\/product\/709871","targetHints":{"allow":["GET"]}}],"collection":[{"href":"https:\/\/roveyayinevi.com.tr\/index.php\/wp-json\/wp\/v2\/product"}],"about":[{"href":"https:\/\/roveyayinevi.com.tr\/index.php\/wp-json\/wp\/v2\/types\/product"}],"wp:attachment":[{"href":"https:\/\/roveyayinevi.com.tr\/index.php\/wp-json\/wp\/v2\/media?parent=709871"}],"wp:term":[{"taxonomy":"product_brand","embeddable":true,"href":"https:\/\/roveyayinevi.com.tr\/index.php\/wp-json\/wp\/v2\/product_brand?post=709871"},{"taxonomy":"product_cat","embeddable":true,"href":"https:\/\/roveyayinevi.com.tr\/index.php\/wp-json\/wp\/v2\/product_cat?post=709871"},{"taxonomy":"product_tag","embeddable":true,"href":"https:\/\/roveyayinevi.com.tr\/index.php\/wp-json\/wp\/v2\/product_tag?post=709871"}],"curies":[{"name":"wp","href":"https:\/\/api.w.org\/{rel}","templated":true}]}}