{"id":709869,"date":"2025-08-27T16:30:22","date_gmt":"2025-08-27T13:30:22","guid":{"rendered":"https:\/\/roveyayinevi.com.tr\/index.php\/urun\/cinsel-egitim-ve-toplumsal-cinsiyet\/"},"modified":"2026-04-16T02:18:45","modified_gmt":"2026-04-15T23:18:45","slug":"cinsel-egitim-ve-toplumsal-cinsiyet","status":"publish","type":"product","link":"https:\/\/roveyayinevi.com.tr\/index.php\/urun\/cinsel-egitim-ve-toplumsal-cinsiyet\/","title":{"rendered":"Cinsel E\u011fitim ve Toplumsal Cinsiyet"},"content":{"rendered":"<p>Erken \u00c7ocuklukta Cinsel E\u011fitim ve Toplumsal Cinsiyet\u201d kitab\u0131nda hem erken \u00e7ocukluk d\u00f6neminde cinsel e\u011fitime hem de cinsel e\u011fitimin bir par\u00e7as\u0131 olan toplumsal cinsiyet \u00fczerine odaklan\u0131lm\u0131\u015ft\u0131r.\u00c7ocuklar 2 ya\u015f civar\u0131nda kendi cinsiyetlerini etiketlemeye ve cinsiyetler aras\u0131 farkl\u0131l\u0131klar\u0131 \u00f6\u011frenmeye ba\u015flamaktad\u0131r. Alan yaz\u0131nda baz\u0131 ara\u015ft\u0131rmalar \u00e7ocuklar\u0131n 18 ayl\u0131k gibi \u00e7ok erken ya\u015flarda bile cinsiyet temelli davran\u0131\u015flar\u0131 g\u00f6sterdiklerini belirtmektedir. Dolay\u0131s\u0131 ile \u00e7ocu\u011fun gereksinim ve ya\u015f\u0131na uygun \u015fekilde cinsel e\u011fitime ba\u015flanmas\u0131 olduk\u00e7a \u00f6nem arz etmektedir. Ancak \u00fclkemizde ne aileler ne de e\u011fitim kurumlar\u0131 &#8220;cinsel e\u011fitim\u201d verme konusunda kendilerini sorumlu hissetmemektedir. Baz\u0131 y\u00fcksek\u00f6\u011fretim kurumlar\u0131 d\u0131\u015f\u0131nda neredeyse hi\u00e7 bir e\u011fitim kademesinde cinsel e\u011fitim verilmemekte bu durum da olduk\u00e7a olumsuz sonu\u00e7lar do\u011furabilmektedir. \u00d6\u011fretmenler ve aileler \u00e7ocuklar\u0131n cinsiyet ve cinsellikle ilgili sorular\u0131na nas\u0131l yan\u0131t vereceklerini, nas\u0131l etkinler uygulayabileceklerini bilmemektedirler. Dolay\u0131s\u0131 ile &#8220;Erken \u00c7ocuklukta Cinsel E\u011fitim ve Toplumsal Cinsiyet\u201d kitab\u0131n\u0131n ilk \u00fc\u00e7 \u00fcnitesi \u00f6\u011fretmen ve ailelerin cinsel e\u011fitimin ne oldu\u011fu; erken \u00e7ocuklukta cinsel e\u011fitimin i\u00e7eri\u011finin ne olabilece\u011fi ve \u00e7ocuklar\u0131n ne t\u00fcr sorular sorabilece\u011fi; \u00e7ocuklar\u0131n sorular\u0131na nas\u0131l yan\u0131t verilmesi gerekti\u011fi ve \u00f6\u011fretmenlerin cinsel e\u011fitimle ilgili s\u0131n\u0131f i\u00e7inde ne gibi etkinlikler uygulayabileceklerine ili\u015fkin sorular\u0131na yan\u0131t olabilecek \u015fekilde haz\u0131rlanm\u0131\u015ft\u0131r.&#8221;Erken \u00c7ocuklukta Cinsel E\u011fitim ve Toplumsal Cinsiyet\u201d kitab\u0131n\u0131n di\u011fer \u00fcniteleri ise erken \u00e7ocuklukta toplumsal cinsiyet kavram\u0131na odaklanm\u0131\u015f ve \u00e7ocuklar\u0131n toplumsal cinsiyet rollerini nas\u0131l edindikleri, hangi fakt\u00f6rlerin etkili oldu\u011fu, toplumsal cinsiyete ili\u015fkin aile, \u00f6\u011fretmen, medya, \u00e7ocuk edebiyat\u0131, oyun ve oyuncaklar gibi fakt\u00f6rlerin etkileri \u00fczerine durulmu\u015ftur. Alan yaz\u0131nda yap\u0131lan pek \u00e7ok ara\u015ft\u0131rma \u00e7ocuklar\u0131n da t\u0131pk\u0131 yeti\u015fkinler gibi cinsiyet rollerine ili\u015fkin g\u00fc\u00e7l\u00fc kal\u0131p yarg\u0131lara sahip olduklar\u0131n\u0131 belirtmektedir.Ancak ya\u015fam i\u00e7in kritik \u00f6neme sahip erken \u00e7ocukluk d\u00f6neminde, \u00e7e\u015fitli etkinlikler yoluyla \u00e7ocuklar\u0131n bu kal\u0131p yarg\u0131lar\u0131 aza indirilebilir. Dolay\u0131s\u0131 ile toplumsal cinsiyete ili\u015fkin kal\u0131p yarg\u0131lar\u0131n azalt\u0131lmas\u0131 ve e\u015fitlik\u00e7i bir bak\u0131\u015f a\u00e7\u0131s\u0131 kazand\u0131r\u0131lmas\u0131 amac\u0131yla erken \u00e7ocuklukd\u00f6neminde toplumsal cinsiyeti olu\u015fturan fakt\u00f6rler ayr\u0131nt\u0131l\u0131 olarak ele al\u0131nm\u0131\u015f; \u00f6\u011fretmenlere ve ailelere \u00f6neriler sunulmu\u015ftur. S\u0131n\u0131f\u0131nda \u00e7ocuklar\u0131n cinsiyetlere ili\u015fkin kal\u0131p yarg\u0131lar\u0131n\u0131 azaltmak isteyen \u00f6\u011fretmenlere y\u00f6nelik olarak etkinlik \u00f6rnekleri verilmi\u015ftir.<\/p>\n","protected":false},"excerpt":{"rendered":"<p>Erken \u00c7ocuklukta Cinsel E\u011fitim ve Toplumsal Cinsiyet\u201d kitab\u0131nda hem erken \u00e7ocukluk d\u00f6neminde cinsel e\u011fitime hem de cinsel e\u011fitimin bir par\u00e7as\u0131 olan toplumsal cinsiyet \u00fczerine odaklan\u0131lm\u0131\u015ft\u0131r.\u00c7ocuklar 2<span class=\"excerpt-hellip\"> [\u2026]<\/span><\/p>\n","protected":false},"featured_media":0,"template":"","meta":{"_monsterinsights_skip_tracking":false,"_monsterinsights_sitenote_active":false,"_monsterinsights_sitenote_note":"","_monsterinsights_sitenote_category":0},"product_brand":[],"product_cat":[12831,12324],"product_tag":[],"class_list":{"0":"post-709869","1":"product","2":"type-product","3":"status-publish","5":"product_cat-aile-ve-cocuk","6":"product_cat-sosyoloji","7":"pa_cilt-ciltsiz","8":"pa_tur-kitap","9":"pa_yayinevi-egiten-kitap","10":"pa_yazar-komisyon","12":"first","13":"instock","14":"sale","15":"shipping-taxable","16":"purchasable","17":"product-type-simple"},"_links":{"self":[{"href":"https:\/\/roveyayinevi.com.tr\/index.php\/wp-json\/wp\/v2\/product\/709869","targetHints":{"allow":["GET"]}}],"collection":[{"href":"https:\/\/roveyayinevi.com.tr\/index.php\/wp-json\/wp\/v2\/product"}],"about":[{"href":"https:\/\/roveyayinevi.com.tr\/index.php\/wp-json\/wp\/v2\/types\/product"}],"wp:attachment":[{"href":"https:\/\/roveyayinevi.com.tr\/index.php\/wp-json\/wp\/v2\/media?parent=709869"}],"wp:term":[{"taxonomy":"product_brand","embeddable":true,"href":"https:\/\/roveyayinevi.com.tr\/index.php\/wp-json\/wp\/v2\/product_brand?post=709869"},{"taxonomy":"product_cat","embeddable":true,"href":"https:\/\/roveyayinevi.com.tr\/index.php\/wp-json\/wp\/v2\/product_cat?post=709869"},{"taxonomy":"product_tag","embeddable":true,"href":"https:\/\/roveyayinevi.com.tr\/index.php\/wp-json\/wp\/v2\/product_tag?post=709869"}],"curies":[{"name":"wp","href":"https:\/\/api.w.org\/{rel}","templated":true}]}}