{"id":709866,"date":"2025-08-27T16:30:20","date_gmt":"2025-08-27T13:30:20","guid":{"rendered":"https:\/\/roveyayinevi.com.tr\/index.php\/urun\/kendi-dusen-aglamaz\/"},"modified":"2026-04-16T02:18:45","modified_gmt":"2026-04-15T23:18:45","slug":"kendi-dusen-aglamaz","status":"publish","type":"product","link":"https:\/\/roveyayinevi.com.tr\/index.php\/urun\/kendi-dusen-aglamaz\/","title":{"rendered":"Kendi D\u00fc\u015fen A\u011flamaz"},"content":{"rendered":"<p>\u015e\u0131mar\u0131k ve g\u00fczel prenses Alize ile g\u00f6rg\u00fc kurallar\u0131ndan habersiz, kaba saba ama bir o kadar yak\u0131\u015f\u0131kl\u0131 tamirci Serkan\u2019\u0131n a\u015fk\u0131na \u015fahit olmaya haz\u0131r m\u0131s\u0131n\u0131z?\u201cAlize yar\u0131 a\u00e7\u0131k penceresinden arabas\u0131n\u0131 tamir eden adama bak\u0131yordu. Bu adam tamirciden \u00e7ok motosiklet kullanan yak\u0131\u015f\u0131kl\u0131 z\u00fcppelere benziyordu. Kirli atletinin i\u00e7inde bile kendisini g\u00f6steren kaslar\u0131 dikkat \u00e7ekiciydi. Da\u011f\u0131n\u0131k siyah sa\u00e7lar\u0131, hafif sakall\u0131 kemikli y\u00fcz\u00fc ve bu y\u00fcze \u00e7ok yak\u0131\u015fan kemerli burnuyla de\u011fme mankene ta\u015f \u00e7\u0131kartacak kadar yak\u0131\u015f\u0131kl\u0131yd\u0131. En g\u00fczel yeri ise kesinlikle mavi g\u00f6zleriydi.\u201dAlize\u2019nin bo\u011faz k\u0131y\u0131s\u0131ndaki yal\u0131s\u0131ndan \u0130stanbul\u2019un arka sokaklar\u0131nda yer alan d\u00f6k\u00fcnt\u00fc bir gecekonduya ta\u015f\u0131nmas\u0131n\u0131n nedeni a\u015fk m\u0131 yoksa intikam m\u0131? \u00dcnl\u00fc i\u015fadam\u0131 Nurettin H\u0131fz\u0131zade k\u0131z\u0131n\u0131n \u015firket arabalar\u0131n\u0131 tamir eden adamla evlendi\u011fini \u00f6\u011frenince delirecek mi yoksa g\u00f6rmezden mi gelecek? Mahallenin dilberi Asuman bir zamanlar y\u00fcz vermedi\u011fi Serkan\u2019\u0131n pe\u015fine tekrar d\u00fc\u015fecek mi yoksa uzaktan izlemekle mi yetinecek? Susmay\u0131 bilmeyen kaynana \u015eaziye yal\u0131dan gelen gelinini kabullenecek mi yoksa can\u0131ndan m\u0131 bezdirecek?\u2018Kendi D\u00fc\u015fen A\u011flamaz\u2019 s\u0131rad\u0131\u015f\u0131 bir intikam hikayesini tutkulu bir a\u015fkla harmanlayan \u00e7arp\u0131c\u0131 bir roman.<\/p>\n","protected":false},"excerpt":{"rendered":"<p>\u015e\u0131mar\u0131k ve g\u00fczel prenses Alize ile g\u00f6rg\u00fc kurallar\u0131ndan habersiz, kaba saba ama bir o kadar yak\u0131\u015f\u0131kl\u0131 tamirci Serkan\u2019\u0131n a\u015fk\u0131na \u015fahit olmaya haz\u0131r m\u0131s\u0131n\u0131z?\u201cAlize yar\u0131 a\u00e7\u0131k penceresinden<span class=\"excerpt-hellip\"> [\u2026]<\/span><\/p>\n","protected":false},"featured_media":0,"template":"","meta":{"_monsterinsights_skip_tracking":false,"_monsterinsights_sitenote_active":false,"_monsterinsights_sitenote_note":"","_monsterinsights_sitenote_category":0},"product_brand":[],"product_cat":[12291,12711],"product_tag":[],"class_list":{"0":"post-709866","1":"product","2":"type-product","3":"status-publish","5":"product_cat-edebiyat","6":"product_cat-roman-oyku","7":"pa_cilt-ciltsiz","8":"pa_tur-kitap","9":"pa_yayinevi-muptela-yayinevi","10":"pa_yazar-aysegul-cicekoglu","12":"first","13":"instock","14":"sale","15":"shipping-taxable","16":"purchasable","17":"product-type-simple"},"_links":{"self":[{"href":"https:\/\/roveyayinevi.com.tr\/index.php\/wp-json\/wp\/v2\/product\/709866","targetHints":{"allow":["GET"]}}],"collection":[{"href":"https:\/\/roveyayinevi.com.tr\/index.php\/wp-json\/wp\/v2\/product"}],"about":[{"href":"https:\/\/roveyayinevi.com.tr\/index.php\/wp-json\/wp\/v2\/types\/product"}],"wp:attachment":[{"href":"https:\/\/roveyayinevi.com.tr\/index.php\/wp-json\/wp\/v2\/media?parent=709866"}],"wp:term":[{"taxonomy":"product_brand","embeddable":true,"href":"https:\/\/roveyayinevi.com.tr\/index.php\/wp-json\/wp\/v2\/product_brand?post=709866"},{"taxonomy":"product_cat","embeddable":true,"href":"https:\/\/roveyayinevi.com.tr\/index.php\/wp-json\/wp\/v2\/product_cat?post=709866"},{"taxonomy":"product_tag","embeddable":true,"href":"https:\/\/roveyayinevi.com.tr\/index.php\/wp-json\/wp\/v2\/product_tag?post=709866"}],"curies":[{"name":"wp","href":"https:\/\/api.w.org\/{rel}","templated":true}]}}