{"id":709864,"date":"2025-08-27T16:30:19","date_gmt":"2025-08-27T13:30:19","guid":{"rendered":"https:\/\/roveyayinevi.com.tr\/index.php\/urun\/cunku-biz-karincayiz\/"},"modified":"2026-04-03T02:24:13","modified_gmt":"2026-04-02T23:24:13","slug":"cunku-biz-karincayiz","status":"publish","type":"product","link":"https:\/\/roveyayinevi.com.tr\/index.php\/urun\/cunku-biz-karincayiz\/","title":{"rendered":"\u00c7\u00fcnk\u00fc Biz Kar\u0131ncay\u0131z"},"content":{"rendered":"<p>Henry Denton\u2019\u0131n bildi\u011fi baz\u0131 \u015feyler vard\u0131. Fakat baz\u0131 \u015feyleri de bilmiyordu.Henry, annesinin aileyi bir arada tutmak i\u00e7in \u00e7abalad\u0131\u011f\u0131n\u0131 ve bununla ba\u015f etmek i\u00e7in sigara ard\u0131na sigara yakt\u0131\u011f\u0131n\u0131 biliyordu. Abisinin \u00fcniversiteyi b\u0131rakt\u0131\u011f\u0131n\u0131 ve hamile bir k\u0131z arkada\u015f\u0131 oldu\u011funu biliyordu. Anneannesini yava\u015f yava\u015f Alzheimer\u2019a kaybetti\u011fini biliyordu. Ve erkek arkada\u015f\u0131n\u0131n ge\u00e7en sene intihar etti\u011fini de.Bilmedi\u011fi \u015fey ise, uzayl\u0131lar\u0131n onu on \u00fc\u00e7 ya\u015f\u0131ndayken neden ka\u00e7\u0131rd\u0131\u011f\u0131yd\u0131. Neden h\u00e2l\u00e2 onu ka\u00e7\u0131r\u0131p gemilerine g\u00f6t\u00fcrd\u00fcklerini de bilmiyordu. D\u00fcnyan\u0131n sonunun neden geldi\u011fini veya uzayl\u0131lar\u0131n ona neden b\u00fcy\u00fck, k\u0131rm\u0131z\u0131 bir d\u00fc\u011fmeye basarak bunu durdurmas\u0131 i\u00e7in bir f\u0131rsat tan\u0131d\u0131klar\u0131n\u0131 da bilmiyordu. Fakat durum b\u00f6yleydi ve karar vermesi i\u00e7in 144 g\u00fcn\u00fc kalm\u0131\u015ft\u0131.Soru, Henry\u2019nin d\u00fcnyay\u0131 kurtar\u0131lmaya de\u011fer bulup bulmad\u0131\u011f\u0131yd\u0131. En az\u0131ndan gizemli bir ge\u00e7mi\u015fi olan Diego Vega ile tan\u0131\u015fana kadar \u00f6yleydi. Diego, Henry\u2019ye bildi\u011fi her \u015feyi, evrendeki yerini ve b\u00fct\u00fcn bunlar\u0131n bir anlam\u0131 olup olmad\u0131\u011f\u0131n\u0131 sorgulat\u0131yordu. Fakat Henry d\u00fcnyay\u0131 kurtarmadan \u00f6nce kendisini kurtarman\u0131n bir yolunu bulmal\u0131yd\u0131 ve uzayl\u0131lar ona bunun i\u00e7in bir d\u00fc\u011fme vermemi\u015flerdi.<\/p>\n","protected":false},"excerpt":{"rendered":"<p>Henry Denton\u2019\u0131n bildi\u011fi baz\u0131 \u015feyler vard\u0131. Fakat baz\u0131 \u015feyleri de bilmiyordu.Henry, annesinin aileyi bir arada tutmak i\u00e7in \u00e7abalad\u0131\u011f\u0131n\u0131 ve bununla ba\u015f etmek i\u00e7in sigara ard\u0131na sigara<span class=\"excerpt-hellip\"> [\u2026]<\/span><\/p>\n","protected":false},"featured_media":0,"template":"","meta":{"_monsterinsights_skip_tracking":false,"_monsterinsights_sitenote_active":false,"_monsterinsights_sitenote_note":"","_monsterinsights_sitenote_category":0},"product_brand":[],"product_cat":[12291,12711],"product_tag":[],"class_list":{"0":"post-709864","1":"product","2":"type-product","3":"status-publish","5":"product_cat-edebiyat","6":"product_cat-roman-oyku","7":"pa_cilt-ciltli","8":"pa_tur-kitap","9":"pa_yayinevi-yabanci-yayinevi","10":"pa_yazar-shaun-david-hutchinson","12":"first","13":"instock","14":"sale","15":"shipping-taxable","16":"purchasable","17":"product-type-simple"},"_links":{"self":[{"href":"https:\/\/roveyayinevi.com.tr\/index.php\/wp-json\/wp\/v2\/product\/709864","targetHints":{"allow":["GET"]}}],"collection":[{"href":"https:\/\/roveyayinevi.com.tr\/index.php\/wp-json\/wp\/v2\/product"}],"about":[{"href":"https:\/\/roveyayinevi.com.tr\/index.php\/wp-json\/wp\/v2\/types\/product"}],"wp:attachment":[{"href":"https:\/\/roveyayinevi.com.tr\/index.php\/wp-json\/wp\/v2\/media?parent=709864"}],"wp:term":[{"taxonomy":"product_brand","embeddable":true,"href":"https:\/\/roveyayinevi.com.tr\/index.php\/wp-json\/wp\/v2\/product_brand?post=709864"},{"taxonomy":"product_cat","embeddable":true,"href":"https:\/\/roveyayinevi.com.tr\/index.php\/wp-json\/wp\/v2\/product_cat?post=709864"},{"taxonomy":"product_tag","embeddable":true,"href":"https:\/\/roveyayinevi.com.tr\/index.php\/wp-json\/wp\/v2\/product_tag?post=709864"}],"curies":[{"name":"wp","href":"https:\/\/api.w.org\/{rel}","templated":true}]}}