{"id":709862,"date":"2025-08-27T16:30:18","date_gmt":"2025-08-27T13:30:18","guid":{"rendered":"https:\/\/roveyayinevi.com.tr\/index.php\/urun\/jordanin-pesinde\/"},"modified":"2026-04-16T02:18:45","modified_gmt":"2026-04-15T23:18:45","slug":"jordanin-pesinde","status":"publish","type":"product","link":"https:\/\/roveyayinevi.com.tr\/index.php\/urun\/jordanin-pesinde\/","title":{"rendered":"Jordan&#8217;\u0131n Pe\u015finde"},"content":{"rendered":"<p>Hangi k\u0131z gece g\u00fcnd\u00fcz, yak\u0131\u015f\u0131kl\u0131 Amerikan futbolu oyuncular\u0131yla \u00e7evrili olmak istemezdi ki\u2026 Jordan Woods sadece onlarla \u00e7evrili de\u011fildi, ayn\u0131 zamanda onlar\u0131n tak\u0131m kaptan\u0131 ve okul tak\u0131m\u0131n\u0131n oyun kurucusuydu. \u00c7ocuklar\u0131n hepsi onu i\u00e7lerinden biri gibi g\u00f6r\u00fcyordu ve Jordan bunu hi\u00e7bir zaman sorun etmiyordu. Tabii ki atletizm bursu tehlikeye girmedi\u011fi ve en iyi futbol program\u0131na sahip \u00fcniversiteye girebilece\u011fi s\u00fcrece. Ancak Ty Green okuluna transfer oldu\u011funda, u\u011fruna sava\u015ft\u0131\u011f\u0131 her \u015fey tehlikeye girmi\u015fti. \u00c7ocuk sadece harika bir oyun kurucu olmakla kalm\u0131yordu, ayn\u0131 zamanda fazlas\u0131yla da \u00e7ekiciydi. Bu nedenle Jordan hayat\u0131nda ilk kez zay\u0131f hissediyordu. Bir yandan kalp k\u0131r\u0131kl\u0131\u011f\u0131 ka\u00e7\u0131n\u0131lmaz g\u00f6r\u00fcn\u00fcrken, bir yandan da bursu tehlikeye girebilirdi\u2026 Peki ama, Jordan bu ko\u015fullar alt\u0131nda her zamanki gibi so\u011fukkanl\u0131l\u0131\u011f\u0131n\u0131 koruyarak akl\u0131n\u0131 oyunda tutabilecek miydi?  \u201cHer kim futbol ve k\u0131zlar bir arada olmaz demi\u015fse, hen\u00fcz Jordan\u2019\u0131n Pe\u015finde\u2019yi okumam\u0131\u015f demektir. Elimden b\u0131rakamad\u0131m!\u201d- Simone Elkeles, Kusursuz Kimya roman\u0131n\u0131n New York Times \u00e7oksatan yazar\u0131\u201cKar\u015f\u0131s\u0131na \u00e7\u0131kan se\u00e7enekleri sorgulayan kimse Jordan\u2019\u0131n kararlar\u0131n\u0131 ve zaferlerini anlamakta hi\u00e7 zorlanmayacak.\u201d- Sarah Ockler, K\u0131r\u0131k Kalpler roman\u0131n\u0131n yazar\u0131 \ufffcTan\u0131t\u0131m Metni<\/p>\n","protected":false},"excerpt":{"rendered":"<p>Hangi k\u0131z gece g\u00fcnd\u00fcz, yak\u0131\u015f\u0131kl\u0131 Amerikan futbolu oyuncular\u0131yla \u00e7evrili olmak istemezdi ki\u2026 Jordan Woods sadece onlarla \u00e7evrili de\u011fildi, ayn\u0131 zamanda onlar\u0131n tak\u0131m kaptan\u0131 ve okul tak\u0131m\u0131n\u0131n<span class=\"excerpt-hellip\"> [\u2026]<\/span><\/p>\n","protected":false},"featured_media":0,"template":"","meta":{"_monsterinsights_skip_tracking":false,"_monsterinsights_sitenote_active":false,"_monsterinsights_sitenote_note":"","_monsterinsights_sitenote_category":0},"product_brand":[],"product_cat":[12291,12711],"product_tag":[],"class_list":{"0":"post-709862","1":"product","2":"type-product","3":"status-publish","5":"product_cat-edebiyat","6":"product_cat-roman-oyku","7":"pa_cilt-ciltsiz","8":"pa_tur-kitap","9":"pa_yayinevi-yabanci-yayinevi","10":"pa_yazar-miranda-kenneally","12":"first","13":"instock","14":"sale","15":"shipping-taxable","16":"purchasable","17":"product-type-simple"},"_links":{"self":[{"href":"https:\/\/roveyayinevi.com.tr\/index.php\/wp-json\/wp\/v2\/product\/709862","targetHints":{"allow":["GET"]}}],"collection":[{"href":"https:\/\/roveyayinevi.com.tr\/index.php\/wp-json\/wp\/v2\/product"}],"about":[{"href":"https:\/\/roveyayinevi.com.tr\/index.php\/wp-json\/wp\/v2\/types\/product"}],"wp:attachment":[{"href":"https:\/\/roveyayinevi.com.tr\/index.php\/wp-json\/wp\/v2\/media?parent=709862"}],"wp:term":[{"taxonomy":"product_brand","embeddable":true,"href":"https:\/\/roveyayinevi.com.tr\/index.php\/wp-json\/wp\/v2\/product_brand?post=709862"},{"taxonomy":"product_cat","embeddable":true,"href":"https:\/\/roveyayinevi.com.tr\/index.php\/wp-json\/wp\/v2\/product_cat?post=709862"},{"taxonomy":"product_tag","embeddable":true,"href":"https:\/\/roveyayinevi.com.tr\/index.php\/wp-json\/wp\/v2\/product_tag?post=709862"}],"curies":[{"name":"wp","href":"https:\/\/api.w.org\/{rel}","templated":true}]}}