{"id":709860,"date":"2025-08-27T16:30:17","date_gmt":"2025-08-27T13:30:17","guid":{"rendered":"https:\/\/roveyayinevi.com.tr\/index.php\/urun\/hesaplasma-3\/"},"modified":"2026-04-16T02:18:45","modified_gmt":"2026-04-15T23:18:45","slug":"hesaplasma-3","status":"publish","type":"product","link":"https:\/\/roveyayinevi.com.tr\/index.php\/urun\/hesaplasma-3\/","title":{"rendered":"Hesapla\u015fma"},"content":{"rendered":"<p>Bu k\u0131z\u0131 kazanmak i\u00e7in birka\u00e7 g\u00f6steri\u015fli hareketten fazlas\u0131 gerekiyordu&#8230;   Allie Hayes, hem biten ili\u015fkisinin ard\u0131ndan yas tutuyor hem de kariyerinde ne yapmak istedi\u011fine karar vermeye \u00e7al\u0131\u015f\u0131yordu. \u00c7\u00f6z\u00fcm\u00fcn sekste olmad\u0131\u011f\u0131n\u0131 bilse de yak\u0131\u015f\u0131kl\u0131 hokey oyuncusu Dean onu aksine ikna edecekti. Tabii yaln\u0131zca bir defal\u0131\u011f\u0131na. \u00c7\u00fcnk\u00fc gelece\u011fi ne kadar belirsiz olsa da, tek gecelik ili\u015fkiler kral\u0131n\u0131n bunun bir par\u00e7as\u0131 olmad\u0131\u011f\u0131na emindi.   Dean Heyward-Di Laurentis hem buz pistinde hem de d\u0131\u015f\u0131nda skor yapmakta ba\u015far\u0131l\u0131yd\u0131 ve ne isterse \u00e2n\u0131nda onun olurdu. Cazibesi ve aileden gelen serveti varken kendisine kar\u015f\u0131 koyabilecek bir kad\u0131nla hi\u00e7 tan\u0131\u015fmam\u0131\u015ft\u0131. Ta ki Allie\u2019ye kadar. Bu ate\u015fli sar\u0131\u015f\u0131n bir geceli\u011fine d\u00fcnyas\u0131n\u0131 sarsm\u0131\u015ft\u0131 ve \u015fimdi arkada\u015f m\u0131 olmak istiyordu? Asla. Bu tak\u0131lma, Dean bitti diyene kadar bitmeyecekti.   Aralar\u0131nda \u00e7ok daha fazlas\u0131 oldu\u011funa dair Allie\u2019yi ikna etmek i\u00e7in kollar\u0131 s\u0131vam\u0131\u015ft\u0131 ancak hayat\u0131n\u0131 alt\u00fcst edecek olaylar ya\u015fad\u0131\u011f\u0131nda olay\u0131n skor yapmaktan fazlas\u0131 oldu\u011funu anlayacakt\u0131.     \u201cVe yine gol!!! Ayn\u0131 zamanda hem komik, hem ba\u015f d\u00f6nd\u00fcr\u00fcc\u00fc hem de g\u00f6z ya\u015fart\u0131c\u0131.\u201d \u2014Katy Evans   \u201cHerkes \u015fu an ne yap\u0131yorsa b\u0131raks\u0131n ve Hesapla\u015fma\u2019y\u0131 okusun. Hem de hi\u00e7 vakit kaybetmeden!\u201d \u2014DearAuthor   \u201cElle Kennedy bizi g\u00fcld\u00fcrme, ba\u015f\u0131m\u0131z\u0131 d\u00f6nd\u00fcrme ve kahkahalara bo\u011fma konusunda ger\u00e7ek bir uzman. Hesapla\u015fma tam ihtiyac\u0131m\u0131z olan \u015feydi.\u201d \u2014Totally Booked Blog   \u201cTam da daha iyiye gidemez diye d\u00fc\u015f\u00fcnd\u00fc\u011f\u00fcm anda seriye, z\u0131t kutuplar\u0131n birbirini \u00e7ekmesi \u00fczerine zekice yaz\u0131lm\u0131\u015f, seksi ve kusursuz yeni bir roman daha eklendi.\u201d \u2014Natasha Is a BookJunkie   \u201cT\u0131pk\u0131 ba\u015fkahraman\u0131 gibi, Hesapla\u015fma da \u00fczerinde bir uyar\u0131 etiketiyle gelmeli: Kelimelerle anlat\u0131lmayacak kadar seksi. Elle Kennedy yetene\u011fini bir kez daha g\u00f6zler \u00f6n\u00fcne sermi\u015f. Off-Campus serisinin \u00fc\u00e7\u00fcnc\u00fc kitab\u0131 ba\u011f\u0131ml\u0131l\u0131k yapacak.\u201d \u2014Wit and Sin   \u201cHesapla\u015fma seriye muhte\u015fem bir katk\u0131 ve t\u00fcr\u00fcn\u00fcn en iyilerinden biri oldu\u011funu kan\u0131tlar nitelikte.\u201d \u2014Under the Covers   \u201cBu hik\u00e2yeye kendimi tamamen kapt\u0131rd\u0131m; beni a\u011flatt\u0131 ve g\u00fcld\u00fcrd\u00fc. Daha ilk sayfadan i\u00e7ine \u00e7ekip son c\u00fcmleye kadar okumaya mecbur b\u0131rakt\u0131.\u201d \u2014New Adult Addiction   \u201cElle Kennedy sevilesi karakterleri olan g\u00fc\u00e7l\u00fc bir romansa daha imza atm\u0131\u015f. \u00d6yle ki Off-Campus d\u00fcnyas\u0131ndan daha fazlas\u0131n\u0131 istememe engel olam\u0131yorum. Nokta.\u201d \u2014Book Binge <\/p>\n","protected":false},"excerpt":{"rendered":"<p>Bu k\u0131z\u0131 kazanmak i\u00e7in birka\u00e7 g\u00f6steri\u015fli hareketten fazlas\u0131 gerekiyordu&#8230; Allie Hayes, hem biten ili\u015fkisinin ard\u0131ndan yas tutuyor hem de kariyerinde ne yapmak istedi\u011fine karar vermeye \u00e7al\u0131\u015f\u0131yordu.<span class=\"excerpt-hellip\"> [\u2026]<\/span><\/p>\n","protected":false},"featured_media":0,"template":"","meta":{"_monsterinsights_skip_tracking":false,"_monsterinsights_sitenote_active":false,"_monsterinsights_sitenote_note":"","_monsterinsights_sitenote_category":0},"product_brand":[],"product_cat":[12291,12711],"product_tag":[],"class_list":{"0":"post-709860","1":"product","2":"type-product","3":"status-publish","5":"product_cat-edebiyat","6":"product_cat-roman-oyku","7":"pa_cilt-ciltsiz","8":"pa_tur-kitap","9":"pa_yayinevi-yabanci-yayinevi","10":"pa_yazar-elle-kennedy","12":"first","13":"instock","14":"sale","15":"shipping-taxable","16":"purchasable","17":"product-type-simple"},"_links":{"self":[{"href":"https:\/\/roveyayinevi.com.tr\/index.php\/wp-json\/wp\/v2\/product\/709860","targetHints":{"allow":["GET"]}}],"collection":[{"href":"https:\/\/roveyayinevi.com.tr\/index.php\/wp-json\/wp\/v2\/product"}],"about":[{"href":"https:\/\/roveyayinevi.com.tr\/index.php\/wp-json\/wp\/v2\/types\/product"}],"wp:attachment":[{"href":"https:\/\/roveyayinevi.com.tr\/index.php\/wp-json\/wp\/v2\/media?parent=709860"}],"wp:term":[{"taxonomy":"product_brand","embeddable":true,"href":"https:\/\/roveyayinevi.com.tr\/index.php\/wp-json\/wp\/v2\/product_brand?post=709860"},{"taxonomy":"product_cat","embeddable":true,"href":"https:\/\/roveyayinevi.com.tr\/index.php\/wp-json\/wp\/v2\/product_cat?post=709860"},{"taxonomy":"product_tag","embeddable":true,"href":"https:\/\/roveyayinevi.com.tr\/index.php\/wp-json\/wp\/v2\/product_tag?post=709860"}],"curies":[{"name":"wp","href":"https:\/\/api.w.org\/{rel}","templated":true}]}}