{"id":709858,"date":"2025-08-27T16:30:15","date_gmt":"2025-08-27T13:30:15","guid":{"rendered":"https:\/\/roveyayinevi.com.tr\/index.php\/urun\/umut\/"},"modified":"2026-04-16T02:18:45","modified_gmt":"2026-04-15T23:18:45","slug":"umut","status":"publish","type":"product","link":"https:\/\/roveyayinevi.com.tr\/index.php\/urun\/umut\/","title":{"rendered":"Umut"},"content":{"rendered":"<p>Siyad &#8211; Y\u00fczy\u0131l\u0131n En \u0130yi T\u00fcrk Filmi\u201cHalk, gelecek \u015feyin ne oldu\u011funu, hatta umudun ne oldu\u011funu da bilmiyor. Bizim halk\u0131m\u0131z devaml\u0131 bir bekleme i\u00e7indedir. Benim anlatt\u0131\u011f\u0131m umut, asl\u0131nda bu bekleyi\u015fin hik\u00e2yesidir. Aldat\u0131c\u0131 bir umudu anlatmak istedim. Umut, bizim hayat\u0131m\u0131z\u0131n bir par\u00e7as\u0131d\u0131r. Aya\u011f\u0131 yere basan bir insan bo\u015f \u015feyleri hayal edip umutlanmaz. Toplum belli bir d\u00fczeye ula\u015ft\u0131\u011f\u0131 zaman insanlarda hayale dayanan umutlar kalkar. \u201cUmut\u201d, d\u00fczen bozuklu\u011funun bir simgesidir.\u201d\u2013Y\u0131lmaz G\u00fcney\u201cY\u0131lmaz G\u00fcney\u2019in \u201cUmut\u201d filmindeki arabac\u0131 Cabbar\u2019\u0131 uzun bir s\u00fcre unutamad\u0131m. C\u0131rlak renklerle boyanm\u0131\u015f k\u00e2\u011f\u0131ttan kahramanlar\u0131n egemen oldu\u011fu sinemam\u0131zda, Cabbar, bir dolu ya\u015fayan, nefes alan biriydi, bizden, T\u00fcrk halk\u0131ndan&#8230; G\u00fcn\u00fcm\u00fcz sanat\u0131nda ba\u015far\u0131n\u0131n en emin yollar\u0131ndan biri, insan\u0131n bildi\u011fi, g\u00f6rd\u00fc\u011f\u00fc, ya\u015fad\u0131\u011f\u0131 yerleri, y\u00f6releri, olaylar\u0131 anlatmas\u0131 herhalde&#8230;\u201d\u2013Atilla Dorsay <\/p>\n","protected":false},"excerpt":{"rendered":"<p>Siyad &#8211; Y\u00fczy\u0131l\u0131n En \u0130yi T\u00fcrk Filmi\u201cHalk, gelecek \u015feyin ne oldu\u011funu, hatta umudun ne oldu\u011funu da bilmiyor. Bizim halk\u0131m\u0131z devaml\u0131 bir bekleme i\u00e7indedir. Benim anlatt\u0131\u011f\u0131m umut,<span class=\"excerpt-hellip\"> [\u2026]<\/span><\/p>\n","protected":false},"featured_media":0,"template":"","meta":{"_monsterinsights_skip_tracking":false,"_monsterinsights_sitenote_active":false,"_monsterinsights_sitenote_note":"","_monsterinsights_sitenote_category":0},"product_brand":[],"product_cat":[12291,14272],"product_tag":[],"class_list":{"0":"post-709858","1":"product","2":"type-product","3":"status-publish","5":"product_cat-edebiyat","6":"product_cat-tiyatro","7":"pa_cilt-ciltsiz","8":"pa_tur-kitap","9":"pa_yayinevi-ithaki-yayinlari","10":"pa_yazar-yilmaz-guney","12":"first","13":"instock","14":"sale","15":"shipping-taxable","16":"purchasable","17":"product-type-simple"},"_links":{"self":[{"href":"https:\/\/roveyayinevi.com.tr\/index.php\/wp-json\/wp\/v2\/product\/709858","targetHints":{"allow":["GET"]}}],"collection":[{"href":"https:\/\/roveyayinevi.com.tr\/index.php\/wp-json\/wp\/v2\/product"}],"about":[{"href":"https:\/\/roveyayinevi.com.tr\/index.php\/wp-json\/wp\/v2\/types\/product"}],"wp:attachment":[{"href":"https:\/\/roveyayinevi.com.tr\/index.php\/wp-json\/wp\/v2\/media?parent=709858"}],"wp:term":[{"taxonomy":"product_brand","embeddable":true,"href":"https:\/\/roveyayinevi.com.tr\/index.php\/wp-json\/wp\/v2\/product_brand?post=709858"},{"taxonomy":"product_cat","embeddable":true,"href":"https:\/\/roveyayinevi.com.tr\/index.php\/wp-json\/wp\/v2\/product_cat?post=709858"},{"taxonomy":"product_tag","embeddable":true,"href":"https:\/\/roveyayinevi.com.tr\/index.php\/wp-json\/wp\/v2\/product_tag?post=709858"}],"curies":[{"name":"wp","href":"https:\/\/api.w.org\/{rel}","templated":true}]}}