{"id":709857,"date":"2025-08-27T16:30:15","date_gmt":"2025-08-27T13:30:15","guid":{"rendered":"https:\/\/roveyayinevi.com.tr\/index.php\/urun\/hudutlarin-kanunu\/"},"modified":"2026-04-16T02:18:45","modified_gmt":"2026-04-15T23:18:45","slug":"hudutlarin-kanunu","status":"publish","type":"product","link":"https:\/\/roveyayinevi.com.tr\/index.php\/urun\/hudutlarin-kanunu\/","title":{"rendered":"Hudutlar\u0131n Kanunu"},"content":{"rendered":"<p>\u201c1960\u2019lar\u0131n T\u00fcrk sinemas\u0131 ger\u00e7ek\u00e7i olmayan bir d\u00fcnyada ya\u015famaktayd\u0131 ve toplumun gereksinimlerini kar\u015f\u0131lamaktan \u00e7ok uzaktayd\u0131. Hudutlar\u0131n Kanunu bu alg\u0131y\u0131 de\u011fi\u015ftiren filmlerden biridir. Sosyal sorunlara da fazlas\u0131yla de\u011finmi\u015ftir.\u201d\u2013 Fatih Ak\u0131n4. Antalya Film Festivali\u2019nde \u201cEn \u0130yi \u0130kinci Dram Filmi\u201d se\u00e7ilen ve Y\u0131lmaz G\u00fcney\u2019e \u201cEn \u0130yi Erkek Oyuncu \u00d6d\u00fcl\u00fc\u201dn\u00fc kazand\u0131ran, sinema tarihimizin en \u00f6nemli filmlerinden Hudutlar\u0131n Kanunu\u2019nun senaryosu, uzun bir aradan sonra yeniden okurlarla bulu\u015fuyor\u2026 <\/p>\n","protected":false},"excerpt":{"rendered":"<p>\u201c1960\u2019lar\u0131n T\u00fcrk sinemas\u0131 ger\u00e7ek\u00e7i olmayan bir d\u00fcnyada ya\u015famaktayd\u0131 ve toplumun gereksinimlerini kar\u015f\u0131lamaktan \u00e7ok uzaktayd\u0131. Hudutlar\u0131n Kanunu bu alg\u0131y\u0131 de\u011fi\u015ftiren filmlerden biridir. Sosyal sorunlara da fazlas\u0131yla de\u011finmi\u015ftir.\u201d\u2013<span class=\"excerpt-hellip\"> [\u2026]<\/span><\/p>\n","protected":false},"featured_media":0,"template":"","meta":{"_monsterinsights_skip_tracking":false,"_monsterinsights_sitenote_active":false,"_monsterinsights_sitenote_note":"","_monsterinsights_sitenote_category":0},"product_brand":[],"product_cat":[12291,14272],"product_tag":[],"class_list":{"0":"post-709857","1":"product","2":"type-product","3":"status-publish","5":"product_cat-edebiyat","6":"product_cat-tiyatro","7":"pa_cilt-ciltsiz","8":"pa_tur-kitap","9":"pa_yayinevi-ithaki-yayinlari","10":"pa_yazar-yilmaz-guney","12":"first","13":"instock","14":"sale","15":"shipping-taxable","16":"purchasable","17":"product-type-simple"},"_links":{"self":[{"href":"https:\/\/roveyayinevi.com.tr\/index.php\/wp-json\/wp\/v2\/product\/709857","targetHints":{"allow":["GET"]}}],"collection":[{"href":"https:\/\/roveyayinevi.com.tr\/index.php\/wp-json\/wp\/v2\/product"}],"about":[{"href":"https:\/\/roveyayinevi.com.tr\/index.php\/wp-json\/wp\/v2\/types\/product"}],"wp:attachment":[{"href":"https:\/\/roveyayinevi.com.tr\/index.php\/wp-json\/wp\/v2\/media?parent=709857"}],"wp:term":[{"taxonomy":"product_brand","embeddable":true,"href":"https:\/\/roveyayinevi.com.tr\/index.php\/wp-json\/wp\/v2\/product_brand?post=709857"},{"taxonomy":"product_cat","embeddable":true,"href":"https:\/\/roveyayinevi.com.tr\/index.php\/wp-json\/wp\/v2\/product_cat?post=709857"},{"taxonomy":"product_tag","embeddable":true,"href":"https:\/\/roveyayinevi.com.tr\/index.php\/wp-json\/wp\/v2\/product_tag?post=709857"}],"curies":[{"name":"wp","href":"https:\/\/api.w.org\/{rel}","templated":true}]}}