{"id":709855,"date":"2025-08-27T16:30:14","date_gmt":"2025-08-27T13:30:14","guid":{"rendered":"https:\/\/roveyayinevi.com.tr\/index.php\/urun\/kafkadan-yana-kafkaya-karsi\/"},"modified":"2026-04-16T02:18:45","modified_gmt":"2026-04-15T23:18:45","slug":"kafkadan-yana-kafkaya-karsi","status":"publish","type":"product","link":"https:\/\/roveyayinevi.com.tr\/index.php\/urun\/kafkadan-yana-kafkaya-karsi\/","title":{"rendered":"Kafka&#8217;dan Yana, Kafka&#8217;ya Kar\u015f\u0131"},"content":{"rendered":"<p>20. y\u00fczy\u0131l\u0131n en orijinal, en a\u00e7\u0131k s\u00f6zl\u00fc filozoflar\u0131ndan biri oldu\u011fu halde yak\u0131n bir tarihe kadar g\u00f6lgede b\u0131rak\u0131lan, \u201cUmutsuzsam bana ne! De\u011filmi\u015fim gibi devam!\u201d ilkesini benimseyen G\u00fcnther Anders nihayet T\u00fcrk\u00e7ede. Kafka\u2019dan Yana Kafka\u2019ya Kar\u015f\u0131, polemik\u00e7i yakla\u015f\u0131m\u0131yla, Kafka okurlar\u0131n\u0131 ve ele\u015ftiri t\u00fcr\u00fcn\u00fc sevenleri hayal k\u0131r\u0131kl\u0131\u011f\u0131na u\u011fratmayacak\u2026\u201cKafka&#8230; masada oturmu\u015f, \u00f6n\u00fcnde bo\u015f bir tabak, inatla, tabakta olmayan yeme\u011fi ka\u015f\u0131klayan birini and\u0131r\u0131r. Dolu zannedenlere, taba\u011f\u0131n ger\u00e7ekten de bo\u015f oldu\u011funu g\u00f6stermek istercesine.\u201d <\/p>\n","protected":false},"excerpt":{"rendered":"<p>20. y\u00fczy\u0131l\u0131n en orijinal, en a\u00e7\u0131k s\u00f6zl\u00fc filozoflar\u0131ndan biri oldu\u011fu halde yak\u0131n bir tarihe kadar g\u00f6lgede b\u0131rak\u0131lan, \u201cUmutsuzsam bana ne! De\u011filmi\u015fim gibi devam!\u201d ilkesini benimseyen G\u00fcnther<span class=\"excerpt-hellip\"> [\u2026]<\/span><\/p>\n","protected":false},"featured_media":0,"template":"","meta":{"_monsterinsights_skip_tracking":false,"_monsterinsights_sitenote_active":false,"_monsterinsights_sitenote_note":"","_monsterinsights_sitenote_category":0},"product_brand":[],"product_cat":[20351,12388],"product_tag":[],"class_list":{"0":"post-709855","1":"product","2":"type-product","3":"status-publish","5":"product_cat-dusunce","6":"product_cat-felsefe","7":"pa_cilt-ciltsiz","8":"pa_tur-kitap","9":"pa_yayinevi-ithaki-yayinlari","10":"pa_yazar-gunther-anders","12":"first","13":"instock","14":"sale","15":"shipping-taxable","16":"purchasable","17":"product-type-simple"},"_links":{"self":[{"href":"https:\/\/roveyayinevi.com.tr\/index.php\/wp-json\/wp\/v2\/product\/709855","targetHints":{"allow":["GET"]}}],"collection":[{"href":"https:\/\/roveyayinevi.com.tr\/index.php\/wp-json\/wp\/v2\/product"}],"about":[{"href":"https:\/\/roveyayinevi.com.tr\/index.php\/wp-json\/wp\/v2\/types\/product"}],"wp:attachment":[{"href":"https:\/\/roveyayinevi.com.tr\/index.php\/wp-json\/wp\/v2\/media?parent=709855"}],"wp:term":[{"taxonomy":"product_brand","embeddable":true,"href":"https:\/\/roveyayinevi.com.tr\/index.php\/wp-json\/wp\/v2\/product_brand?post=709855"},{"taxonomy":"product_cat","embeddable":true,"href":"https:\/\/roveyayinevi.com.tr\/index.php\/wp-json\/wp\/v2\/product_cat?post=709855"},{"taxonomy":"product_tag","embeddable":true,"href":"https:\/\/roveyayinevi.com.tr\/index.php\/wp-json\/wp\/v2\/product_tag?post=709855"}],"curies":[{"name":"wp","href":"https:\/\/api.w.org\/{rel}","templated":true}]}}