{"id":709854,"date":"2025-08-27T16:30:14","date_gmt":"2025-08-27T13:30:14","guid":{"rendered":"https:\/\/roveyayinevi.com.tr\/index.php\/urun\/sandman-3-dus-ulke\/"},"modified":"2026-04-16T02:18:45","modified_gmt":"2026-04-15T23:18:45","slug":"sandman-3-dus-ulke","status":"publish","type":"product","link":"https:\/\/roveyayinevi.com.tr\/index.php\/urun\/sandman-3-dus-ulke\/","title":{"rendered":"Sandman 3: D\u00fc\u015f \u00dclke"},"content":{"rendered":"<p>Sandman\u2019in bu s\u0131rad\u0131\u015f\u0131 cildinde birbirinden farkl\u0131 d\u00f6rt macera bir araya geliyor: William Shakespeare\u2019in ilk Bir Yaz Gecesi R\u00fcyas\u0131 performans\u0131n\u0131 konu edinen ve oyunla ayn\u0131 ad\u0131 ta\u015f\u0131yan Du\u0308nya Fantazi \u00d6d\u00fcll\u00fc \u00f6yk\u00fc; bir romanc\u0131ya ilham vermesi i\u00e7in esir tutulan ilham perisi Kalliope\u2019nin hik\u00e2yesi; insanl\u0131\u011f\u0131n tahakku\u0308mu\u0308ne kedig\u00f6z\u00fc misali \u0131\u015f\u0131k tutan bir fabl; son olarak da \u00f6lmeyi arzulayan, \u00f6l\u00fcms\u00fcz, yok edilemez bir kad\u0131n\u0131n son an\u0131lar\u0131. Bunlara ek olarak, yazar ve \u00e7izer taraf\u0131ndan notlarla desteklenen \ufffcTan\u0131t\u0131m Metni<\/p>\n","protected":false},"excerpt":{"rendered":"<p>Sandman\u2019in bu s\u0131rad\u0131\u015f\u0131 cildinde birbirinden farkl\u0131 d\u00f6rt macera bir araya geliyor: William Shakespeare\u2019in ilk Bir Yaz Gecesi R\u00fcyas\u0131 performans\u0131n\u0131 konu edinen ve oyunla ayn\u0131 ad\u0131 ta\u015f\u0131yan<span class=\"excerpt-hellip\"> [\u2026]<\/span><\/p>\n","protected":false},"featured_media":0,"template":"","meta":{"_monsterinsights_skip_tracking":false,"_monsterinsights_sitenote_active":false,"_monsterinsights_sitenote_note":"","_monsterinsights_sitenote_category":0},"product_brand":[],"product_cat":[12689,12274],"product_tag":[],"class_list":{"0":"post-709854","1":"product","2":"type-product","3":"status-publish","5":"product_cat-cizgi-roman-cocuk-ve-genclik-kitaplari","6":"product_cat-cocuk-ve-genclik-kitaplari","7":"pa_cilt-ciltsiz","8":"pa_tur-kitap","9":"pa_yayinevi-ithaki-yayinlari","10":"pa_yazar-neil-gaiman","12":"first","13":"instock","14":"sale","15":"shipping-taxable","16":"purchasable","17":"product-type-simple"},"_links":{"self":[{"href":"https:\/\/roveyayinevi.com.tr\/index.php\/wp-json\/wp\/v2\/product\/709854","targetHints":{"allow":["GET"]}}],"collection":[{"href":"https:\/\/roveyayinevi.com.tr\/index.php\/wp-json\/wp\/v2\/product"}],"about":[{"href":"https:\/\/roveyayinevi.com.tr\/index.php\/wp-json\/wp\/v2\/types\/product"}],"wp:attachment":[{"href":"https:\/\/roveyayinevi.com.tr\/index.php\/wp-json\/wp\/v2\/media?parent=709854"}],"wp:term":[{"taxonomy":"product_brand","embeddable":true,"href":"https:\/\/roveyayinevi.com.tr\/index.php\/wp-json\/wp\/v2\/product_brand?post=709854"},{"taxonomy":"product_cat","embeddable":true,"href":"https:\/\/roveyayinevi.com.tr\/index.php\/wp-json\/wp\/v2\/product_cat?post=709854"},{"taxonomy":"product_tag","embeddable":true,"href":"https:\/\/roveyayinevi.com.tr\/index.php\/wp-json\/wp\/v2\/product_tag?post=709854"}],"curies":[{"name":"wp","href":"https:\/\/api.w.org\/{rel}","templated":true}]}}