{"id":709852,"date":"2025-08-27T16:30:12","date_gmt":"2025-08-27T13:30:12","guid":{"rendered":"https:\/\/roveyayinevi.com.tr\/index.php\/urun\/hucrem-selimiye-uclemesi-1\/"},"modified":"2026-04-16T02:18:45","modified_gmt":"2026-04-15T23:18:45","slug":"hucrem-selimiye-uclemesi-1","status":"publish","type":"product","link":"https:\/\/roveyayinevi.com.tr\/index.php\/urun\/hucrem-selimiye-uclemesi-1\/","title":{"rendered":"H\u00fccrem: Selimiye \u00dc\u00e7lemesi 1"},"content":{"rendered":"<p>Y\u0131lmaz G\u00fcney\u2019in 1972-74 y\u0131llar\u0131nda Selimiye Cezaevi\u2019ndeki deneyimlerinden yola \u00e7\u0131karak kaleme ald\u0131\u011f\u0131 Selimiye \u00dc\u00e7lemesi\u2019nin ilk kitab\u0131 H\u00fccrem, ayn\u0131 zamanda onun sanat anlay\u0131\u015f\u0131n\u0131 g\u00f6steren bir manifesto niteli\u011finde.\u201cAmac\u0131m, geli\u015fig\u00fczel hik\u00e2yeler, romanlar yazmak de\u011fildir. A\u00e7\u0131klanmas\u0131n\u0131 zorunlu g\u00f6rd\u00fc\u011f\u00fcm toplumsal, siyasal olaylar\u0131n yaz\u0131lmas\u0131, hayat\u0131n di\u011fer alanlar\u0131nda ya\u015fayan \u00fcr\u00fcnlerle kayna\u015ft\u0131r\u0131lmas\u0131, s\u0131n\u0131f m\u00fccadelesinin y\u00fckseli\u015fine, yayg\u0131nla\u015fmas\u0131na, derinle\u015fmesine katk\u0131da bulun <\/p>\n","protected":false},"excerpt":{"rendered":"<p>Y\u0131lmaz G\u00fcney\u2019in 1972-74 y\u0131llar\u0131nda Selimiye Cezaevi\u2019ndeki deneyimlerinden yola \u00e7\u0131karak kaleme ald\u0131\u011f\u0131 Selimiye \u00dc\u00e7lemesi\u2019nin ilk kitab\u0131 H\u00fccrem, ayn\u0131 zamanda onun sanat anlay\u0131\u015f\u0131n\u0131 g\u00f6steren bir manifesto niteli\u011finde.\u201cAmac\u0131m, geli\u015fig\u00fczel<span class=\"excerpt-hellip\"> [\u2026]<\/span><\/p>\n","protected":false},"featured_media":0,"template":"","meta":{"_monsterinsights_skip_tracking":false,"_monsterinsights_sitenote_active":false,"_monsterinsights_sitenote_note":"","_monsterinsights_sitenote_category":0},"product_brand":[],"product_cat":[12291,12711],"product_tag":[],"class_list":{"0":"post-709852","1":"product","2":"type-product","3":"status-publish","5":"product_cat-edebiyat","6":"product_cat-roman-oyku","7":"pa_cilt-ciltsiz","8":"pa_tur-kitap","9":"pa_yayinevi-ithaki-yayinlari","10":"pa_yazar-yilmaz-guney","12":"first","13":"instock","14":"sale","15":"shipping-taxable","16":"purchasable","17":"product-type-simple"},"_links":{"self":[{"href":"https:\/\/roveyayinevi.com.tr\/index.php\/wp-json\/wp\/v2\/product\/709852","targetHints":{"allow":["GET"]}}],"collection":[{"href":"https:\/\/roveyayinevi.com.tr\/index.php\/wp-json\/wp\/v2\/product"}],"about":[{"href":"https:\/\/roveyayinevi.com.tr\/index.php\/wp-json\/wp\/v2\/types\/product"}],"wp:attachment":[{"href":"https:\/\/roveyayinevi.com.tr\/index.php\/wp-json\/wp\/v2\/media?parent=709852"}],"wp:term":[{"taxonomy":"product_brand","embeddable":true,"href":"https:\/\/roveyayinevi.com.tr\/index.php\/wp-json\/wp\/v2\/product_brand?post=709852"},{"taxonomy":"product_cat","embeddable":true,"href":"https:\/\/roveyayinevi.com.tr\/index.php\/wp-json\/wp\/v2\/product_cat?post=709852"},{"taxonomy":"product_tag","embeddable":true,"href":"https:\/\/roveyayinevi.com.tr\/index.php\/wp-json\/wp\/v2\/product_tag?post=709852"}],"curies":[{"name":"wp","href":"https:\/\/api.w.org\/{rel}","templated":true}]}}