{"id":709849,"date":"2025-08-27T16:30:11","date_gmt":"2025-08-27T13:30:11","guid":{"rendered":"https:\/\/roveyayinevi.com.tr\/index.php\/urun\/imgelem\/"},"modified":"2026-04-16T02:18:45","modified_gmt":"2026-04-15T23:18:45","slug":"imgelem","status":"publish","type":"product","link":"https:\/\/roveyayinevi.com.tr\/index.php\/urun\/imgelem\/","title":{"rendered":"\u0130mgelem"},"content":{"rendered":"<p>\u0130lk olarak 1936\u2019da yay\u0131mlanan ve bug\u00fcn itibariyle Sartre felsefesinin tamamlay\u0131c\u0131 par\u00e7alar\u0131ndan biri olan \u0130mgelem filozofun \u00f6zellikle Descartes ve Bergson\u2019a y\u00f6nelik \u00f6nemli ele\u015ftirilerini ve Husserl fenomenolojisi  \u00fczerine de\u011ferlendirmelerini i\u00e7eriyor.\u201cAncak, bir imgeyi imge olarak dolay\u0131ms\u0131zca kavramak ile genelde imgelerin do\u011fas\u0131 \u00fcst\u00fcne d\u00fc\u015f\u00fcnceler kurmak ba\u015fka ba\u015fka \u015feylerdir. \u0130mge olarak varolu\u015fa ili\u015fkin hakiki bir kuram olu\u015fturman\u0131n tek yolu, bu konuda d\u00fc\u015f\u00fcn\u00fcml\u00fc bir deneyden do\u011frudan kaynaklanmayan herhangi bir \u015fey ileri s\u00fcrmekten kesinlikle ka\u00e7\u0131nmakt\u0131r. Ger\u00e7ekten de, imge olarak varolu\u015f g\u00fc\u00e7l\u00fckle ele ge\u00e7irilebilecek bir varl\u0131k kipidir. Zihnimizi yormam\u0131z\u0131 gerektirir; ama en \u00f6nemlisi, t\u00fcm varolu\u015f kiplerini fizik varolu\u015fu \u00f6rnek alarak kurma yolundaki neredeyse alt edilmez al\u0131\u015fkanl\u0131\u011f\u0131m\u0131zdan kurtulmam\u0131z gerekir. Varl\u0131k kiplerinin birbirine b\u00f6yle kar\u0131\u015ft\u0131r\u0131lmas\u0131, ba\u015fka her yerde oldu\u011fundan daha ak\u0131l\u00e7eler burada, \u00e7\u00fcnk\u00fc imge olarak k\u00e2\u011f\u0131t yapra\u011f\u0131 ile ger\u00e7eklik olarak k\u00e2\u011f\u0131t yapra\u011f\u0131, birbirinden farkl\u0131 iki varolu\u015f d\u00fczleminde tek ve ayn\u0131 yaprakt\u0131r zaten.\u201d <\/p>\n","protected":false},"excerpt":{"rendered":"<p>\u0130lk olarak 1936\u2019da yay\u0131mlanan ve bug\u00fcn itibariyle Sartre felsefesinin tamamlay\u0131c\u0131 par\u00e7alar\u0131ndan biri olan \u0130mgelem filozofun \u00f6zellikle Descartes ve Bergson\u2019a y\u00f6nelik \u00f6nemli ele\u015ftirilerini ve Husserl fenomenolojisi \u00fczerine<span class=\"excerpt-hellip\"> [\u2026]<\/span><\/p>\n","protected":false},"featured_media":0,"template":"","meta":{"_monsterinsights_skip_tracking":false,"_monsterinsights_sitenote_active":false,"_monsterinsights_sitenote_note":"","_monsterinsights_sitenote_category":0},"product_brand":[],"product_cat":[13590,12337],"product_tag":[],"class_list":{"0":"post-709849","1":"product","2":"type-product","3":"status-publish","5":"product_cat-arastirma-inceleme-politika-siyaset","6":"product_cat-politika-siyaset","7":"pa_cilt-ciltsiz","8":"pa_tur-kitap","9":"pa_yayinevi-ithaki-yayinlari","10":"pa_yazar-jean-paul-sartre","12":"first","13":"instock","14":"sale","15":"shipping-taxable","16":"purchasable","17":"product-type-simple"},"_links":{"self":[{"href":"https:\/\/roveyayinevi.com.tr\/index.php\/wp-json\/wp\/v2\/product\/709849","targetHints":{"allow":["GET"]}}],"collection":[{"href":"https:\/\/roveyayinevi.com.tr\/index.php\/wp-json\/wp\/v2\/product"}],"about":[{"href":"https:\/\/roveyayinevi.com.tr\/index.php\/wp-json\/wp\/v2\/types\/product"}],"wp:attachment":[{"href":"https:\/\/roveyayinevi.com.tr\/index.php\/wp-json\/wp\/v2\/media?parent=709849"}],"wp:term":[{"taxonomy":"product_brand","embeddable":true,"href":"https:\/\/roveyayinevi.com.tr\/index.php\/wp-json\/wp\/v2\/product_brand?post=709849"},{"taxonomy":"product_cat","embeddable":true,"href":"https:\/\/roveyayinevi.com.tr\/index.php\/wp-json\/wp\/v2\/product_cat?post=709849"},{"taxonomy":"product_tag","embeddable":true,"href":"https:\/\/roveyayinevi.com.tr\/index.php\/wp-json\/wp\/v2\/product_tag?post=709849"}],"curies":[{"name":"wp","href":"https:\/\/api.w.org\/{rel}","templated":true}]}}