{"id":709847,"date":"2025-08-27T16:30:10","date_gmt":"2025-08-27T13:30:10","guid":{"rendered":"https:\/\/roveyayinevi.com.tr\/index.php\/urun\/baudelaire\/"},"modified":"2026-04-16T02:18:45","modified_gmt":"2026-04-15T23:18:45","slug":"baudelaire","status":"publish","type":"product","link":"https:\/\/roveyayinevi.com.tr\/index.php\/urun\/baudelaire\/","title":{"rendered":"Baudelaire"},"content":{"rendered":"<p>\u2018Hak etti\u011fi gibi ya\u015fayamad\u0131.\u2019 Baudelaire\u2019in ya\u015fam\u0131, bu teselli edici s\u00f6z\u00fcn g\u00f6rkemli bir \u00f6rne\u011fi gibi g\u00f6r\u00fcn\u00fcyor. Ku\u015fkusuz ne bu anneyi, ne \u00f6m\u00fcr boyu katland\u0131\u011f\u0131 bu rahats\u0131zl\u0131\u011f\u0131, ne bu vasi mahkemesini, ne bu cimri metresi ne de bu frengiyi hak etmi\u015fti. Hele erken \u00f6l\u00fcm\u00fcnden daha haks\u0131z ne olabilir ki? Ancak, d\u00fc\u015f\u00fcn\u00fcnce, bir ku\u015fku beliriyor insanda: \u00c7\u00fcnk\u00fc Baudelaire\u2019in kendisini de incelersek, o da kusursuz ve g\u00f6r\u00fcn\u00fc\u015fe bak\u0131l\u0131rsa \u00e7eli\u015fkisiz de\u011fil: bu yoldan \u00e7\u0131km\u0131\u015f adam bir daha geri d\u00f6nmemecesine, en baya\u011f\u0131 ve en keskin ahl\u00e2k\u0131 benimsemi\u015f; bu ince ruhlu ki\u015fi en sefil fahi\u015felerle d <\/p>\n","protected":false},"excerpt":{"rendered":"<p>\u2018Hak etti\u011fi gibi ya\u015fayamad\u0131.\u2019 Baudelaire\u2019in ya\u015fam\u0131, bu teselli edici s\u00f6z\u00fcn g\u00f6rkemli bir \u00f6rne\u011fi gibi g\u00f6r\u00fcn\u00fcyor. Ku\u015fkusuz ne bu anneyi, ne \u00f6m\u00fcr boyu katland\u0131\u011f\u0131 bu rahats\u0131zl\u0131\u011f\u0131, ne<span class=\"excerpt-hellip\"> [\u2026]<\/span><\/p>\n","protected":false},"featured_media":0,"template":"","meta":{"_monsterinsights_skip_tracking":false,"_monsterinsights_sitenote_active":false,"_monsterinsights_sitenote_note":"","_monsterinsights_sitenote_category":0},"product_brand":[],"product_cat":[12291,13376],"product_tag":[],"class_list":{"0":"post-709847","1":"product","2":"type-product","3":"status-publish","5":"product_cat-edebiyat","6":"product_cat-fransiz-edebiyati","7":"pa_cilt-ciltsiz","8":"pa_tur-kitap","9":"pa_yayinevi-ithaki-yayinlari","10":"pa_yazar-jean-paul-sartre","12":"first","13":"instock","14":"sale","15":"shipping-taxable","16":"purchasable","17":"product-type-simple"},"_links":{"self":[{"href":"https:\/\/roveyayinevi.com.tr\/index.php\/wp-json\/wp\/v2\/product\/709847","targetHints":{"allow":["GET"]}}],"collection":[{"href":"https:\/\/roveyayinevi.com.tr\/index.php\/wp-json\/wp\/v2\/product"}],"about":[{"href":"https:\/\/roveyayinevi.com.tr\/index.php\/wp-json\/wp\/v2\/types\/product"}],"wp:attachment":[{"href":"https:\/\/roveyayinevi.com.tr\/index.php\/wp-json\/wp\/v2\/media?parent=709847"}],"wp:term":[{"taxonomy":"product_brand","embeddable":true,"href":"https:\/\/roveyayinevi.com.tr\/index.php\/wp-json\/wp\/v2\/product_brand?post=709847"},{"taxonomy":"product_cat","embeddable":true,"href":"https:\/\/roveyayinevi.com.tr\/index.php\/wp-json\/wp\/v2\/product_cat?post=709847"},{"taxonomy":"product_tag","embeddable":true,"href":"https:\/\/roveyayinevi.com.tr\/index.php\/wp-json\/wp\/v2\/product_tag?post=709847"}],"curies":[{"name":"wp","href":"https:\/\/api.w.org\/{rel}","templated":true}]}}