{"id":709846,"date":"2025-08-27T16:30:10","date_gmt":"2025-08-27T13:30:10","guid":{"rendered":"https:\/\/roveyayinevi.com.tr\/index.php\/urun\/karanlikta-fisildayan\/"},"modified":"2026-04-16T02:18:45","modified_gmt":"2026-04-15T23:18:45","slug":"karanlikta-fisildayan","status":"publish","type":"product","link":"https:\/\/roveyayinevi.com.tr\/index.php\/urun\/karanlikta-fisildayan\/","title":{"rendered":"Karanl\u0131kta F\u0131s\u0131ldayan"},"content":{"rendered":"<p>Cthulhu Mitosu\u2019nun bir par\u00e7as\u0131 olan ve kendisinden sonra bir\u00e7ok yazara ilham veren Karanl\u0131kta F\u0131s\u0131ldayan, Profes\u00f6r Alberth Wilmarth\u2019\u0131n bilinmeyene do\u011fru \u00e7\u0131kt\u0131\u011f\u0131 korku dolu bir yolculu\u011fu konu al\u0131yor.   Vermont civar\u0131nda ya\u015fanan b\u00fcy\u00fck bir selin ard\u0131ndan baz\u0131 a\u00e7\u0131klanamayan fenomenler ya\u015fanmaya ba\u015flar. Profes\u00f6r t\u00fcm bunlara mant\u0131kl\u0131 a\u00e7\u0131klamalar getirmeye \u00e7al\u0131\u015fsa da \u00e7evredeki bir \u00e7iftli\u011fin sahibinden alaca\u011f\u0131 mektuplar ve bu mektuplar\u0131nda ona anlatt\u0131klar\u0131 Profes\u00f6r\u2019\u00fcn bilime ve mant\u0131\u011fa olan ba\u011fl\u0131l\u0131\u011f\u0131n\u0131 sarsmaya ba\u015flayacakt\u0131r. T\u00fcm bunlar yaln\u0131z ya\u015fayan bir \u00e7ift\u00e7inin sanr\u0131lar\u0131ndan m\u0131 ibarettir, yoksa her \u015feyin arkas\u0131nda \u00e7ok daha habis bir \u015fey mi yatmaktad\u0131r?   Tepelerin aras\u0131nda ya\u015fayanlar\u0131 ziyaret etmek ister misiniz? <\/p>\n","protected":false},"excerpt":{"rendered":"<p>Cthulhu Mitosu\u2019nun bir par\u00e7as\u0131 olan ve kendisinden sonra bir\u00e7ok yazara ilham veren Karanl\u0131kta F\u0131s\u0131ldayan, Profes\u00f6r Alberth Wilmarth\u2019\u0131n bilinmeyene do\u011fru \u00e7\u0131kt\u0131\u011f\u0131 korku dolu bir yolculu\u011fu konu al\u0131yor.<span class=\"excerpt-hellip\"> [\u2026]<\/span><\/p>\n","protected":false},"featured_media":0,"template":"","meta":{"_monsterinsights_skip_tracking":false,"_monsterinsights_sitenote_active":false,"_monsterinsights_sitenote_note":"","_monsterinsights_sitenote_category":0},"product_brand":[],"product_cat":[12291,17033],"product_tag":[],"class_list":{"0":"post-709846","1":"product","2":"type-product","3":"status-publish","5":"product_cat-edebiyat","6":"product_cat-korku-gerilim","7":"pa_cilt-ciltsiz","8":"pa_tur-kitap","9":"pa_yayinevi-ithaki-yayinlari","10":"pa_yazar-howard-phillips-lovecraft","12":"first","13":"instock","14":"sale","15":"shipping-taxable","16":"purchasable","17":"product-type-simple"},"_links":{"self":[{"href":"https:\/\/roveyayinevi.com.tr\/index.php\/wp-json\/wp\/v2\/product\/709846","targetHints":{"allow":["GET"]}}],"collection":[{"href":"https:\/\/roveyayinevi.com.tr\/index.php\/wp-json\/wp\/v2\/product"}],"about":[{"href":"https:\/\/roveyayinevi.com.tr\/index.php\/wp-json\/wp\/v2\/types\/product"}],"wp:attachment":[{"href":"https:\/\/roveyayinevi.com.tr\/index.php\/wp-json\/wp\/v2\/media?parent=709846"}],"wp:term":[{"taxonomy":"product_brand","embeddable":true,"href":"https:\/\/roveyayinevi.com.tr\/index.php\/wp-json\/wp\/v2\/product_brand?post=709846"},{"taxonomy":"product_cat","embeddable":true,"href":"https:\/\/roveyayinevi.com.tr\/index.php\/wp-json\/wp\/v2\/product_cat?post=709846"},{"taxonomy":"product_tag","embeddable":true,"href":"https:\/\/roveyayinevi.com.tr\/index.php\/wp-json\/wp\/v2\/product_tag?post=709846"}],"curies":[{"name":"wp","href":"https:\/\/api.w.org\/{rel}","templated":true}]}}