{"id":709844,"date":"2025-08-27T16:30:09","date_gmt":"2025-08-27T13:30:09","guid":{"rendered":"https:\/\/roveyayinevi.com.tr\/index.php\/urun\/ciftlerde-tukenmislik-sebepleri-ve-cozumu\/"},"modified":"2026-04-16T02:18:45","modified_gmt":"2026-04-15T23:18:45","slug":"ciftlerde-tukenmislik-sebepleri-ve-cozumu","status":"publish","type":"product","link":"https:\/\/roveyayinevi.com.tr\/index.php\/urun\/ciftlerde-tukenmislik-sebepleri-ve-cozumu\/","title":{"rendered":"\u00c7iftlerde T\u00fckenmi\u015flik: Sebepleri ve \u00c7\u00f6z\u00fcm\u00fc"},"content":{"rendered":"<p>\u0130\u00e7inde ya\u015fad\u0131\u011f\u0131m\u0131z k\u00fclt\u00fcrde yeti\u015fmi\u015f bir\u00e7ok insan\u0131n a\u015fk ve evlili\u011fe dair beklentileri epey y\u00fcksek. Hepimiz beraberliklerimize b\u00fcy\u00fck hayallerle ba\u015fl\u0131yor, ili\u015fkilerimize b\u00fcy\u00fck anlamlar y\u00fckl\u00fcyoruz. Ancak bir s\u00fcre sonra sevdi\u011fimiz insan\u0131n \u00fczerindeki yald\u0131zlar d\u00f6k\u00fclmeye, ili\u015fkimizin tepesindeki mutluluk halesi solmaya ba\u015fl\u0131yor. Peki bu yoku\u015f a\u015fa\u011f\u0131 s\u00fcre\u00e7 i\u015fin tabiat\u0131ndan m\u0131d\u0131r, ba\u015fka bir deyi\u015fle ili\u015fkilerin s\u0131radanla\u015fmas\u0131 kader midir?\u201cT\u00fckenmi\u015flik sendromu\u201d daha \u00e7ok i\u015f ba\u011flam\u0131nda kar\u015f\u0131m\u0131za \u00e7\u0131ksa ve o alana \u00f6zg\u00fc say\u0131lsa da, duygusal ili\u015fkilerde de kar\u015f\u0131la\u015f\u0131labilen bir kavram. A\u015fklar\u0131n\u0131n sonsuza dek s\u00fcrmesini umut eden ve ili\u015fkileriyle fazla \u00f6zde\u015fle\u015fen idealist ki\u015filer, g\u00fcnl\u00fck ya\u015fam\u0131n \u00e7\u0131plak ger\u00e7ekleriyle y\u00fcz y\u00fcze kal\u0131nca ka\u00e7\u0131n\u0131lmaz g\u00f6r\u00fcnen bir sonla, yani b\u00fcy\u00fck bir hayal k\u0131r\u0131kl\u0131\u011f\u0131yla kar\u015f\u0131la\u015f\u0131yor. \u0130\u015fte beklentiler ile ger\u00e7eklik aras\u0131nda olu\u015fan bu makas, hem fiziksel hem de duygusal ve zihinsel t\u00fckenmi\u015fli\u011fe kap\u0131 aral\u0131yor. Bu tuzaktan korunman\u0131n yollar\u0131 nelerdir? Romantik imgeler t\u00fckenmi\u015flik s\u00fcrecini ne y\u00f6nde etkiliyor? A\u015fkta ve i\u015fte tatmin edici ve dengeli bir hayat s\u00fcrmek nas\u0131l m\u00fcmk\u00fcn olabilir? T\u00fckenmi\u015flikte \u00e7evrenin etkisi nedir? Kad\u0131nlar ve erkekler t\u00fckenmi\u015flikle nas\u0131l ba\u015fa \u00e7\u0131k\u0131yorlar? Romantizmi canl\u0131 tutman\u0131n, sevgi ve ba\u011fl\u0131l\u0131\u011f\u0131 koruman\u0131n ipu\u00e7lar\u0131 nelerdir? Elinizdeki kitap, bu sorulara cevap ar\u0131yor.Klinik psikolog Ayala Malach Pines, \u00c7iftlerde T\u00fckenmi\u015flik\u2019te uzun y\u0131llara yay\u0131lan akademik ara\u015ft\u0131rmalar\u0131n\u0131n sonu\u00e7lar\u0131 \u0131\u015f\u0131\u011f\u0131nda \u00e7ift terapisine dair deneyimini aktar\u0131yor. \u00c7iftleri t\u00fckenmeye g\u00f6t\u00fcren nedenleri, t\u00fckenmi\u015fli\u011fin tehlike sinyallerini ve belirtilerini derinlemesine irdelerken bu ka\u00e7\u0131n\u0131lmaz gibi g\u00f6r\u00fcnen olgunun \u00f6n\u00fcne ge\u00e7menin etkin yollar\u0131n\u0131 g\u00f6steriyor. Hem terapistler hem de ili\u015fkilerinde s\u0131k\u0131nt\u0131 ya\u015fay\u0131p bunlar\u0131 a\u015fmak isteyenler i\u00e7in vazge\u00e7ilmez bir ba\u015fvuru kayna\u011f\u0131.<\/p>\n","protected":false},"excerpt":{"rendered":"<p>\u0130\u00e7inde ya\u015fad\u0131\u011f\u0131m\u0131z k\u00fclt\u00fcrde yeti\u015fmi\u015f bir\u00e7ok insan\u0131n a\u015fk ve evlili\u011fe dair beklentileri epey y\u00fcksek. Hepimiz beraberliklerimize b\u00fcy\u00fck hayallerle ba\u015fl\u0131yor, ili\u015fkilerimize b\u00fcy\u00fck anlamlar y\u00fckl\u00fcyoruz. Ancak bir s\u00fcre sonra<span class=\"excerpt-hellip\"> [\u2026]<\/span><\/p>\n","protected":false},"featured_media":0,"template":"","meta":{"_monsterinsights_skip_tracking":false,"_monsterinsights_sitenote_active":false,"_monsterinsights_sitenote_note":"","_monsterinsights_sitenote_category":0},"product_brand":[],"product_cat":[26396,13488],"product_tag":[],"class_list":{"0":"post-709844","1":"product","2":"type-product","3":"status-publish","5":"product_cat-kadin-erkek-iliskileri","6":"product_cat-toplum-ve-insan","7":"pa_cilt-ciltsiz","8":"pa_tur-kitap","9":"pa_yayinevi-iletisim-yayinlari","10":"pa_yazar-ayala-malach-pines","12":"first","13":"instock","14":"sale","15":"shipping-taxable","16":"purchasable","17":"product-type-simple"},"_links":{"self":[{"href":"https:\/\/roveyayinevi.com.tr\/index.php\/wp-json\/wp\/v2\/product\/709844","targetHints":{"allow":["GET"]}}],"collection":[{"href":"https:\/\/roveyayinevi.com.tr\/index.php\/wp-json\/wp\/v2\/product"}],"about":[{"href":"https:\/\/roveyayinevi.com.tr\/index.php\/wp-json\/wp\/v2\/types\/product"}],"wp:attachment":[{"href":"https:\/\/roveyayinevi.com.tr\/index.php\/wp-json\/wp\/v2\/media?parent=709844"}],"wp:term":[{"taxonomy":"product_brand","embeddable":true,"href":"https:\/\/roveyayinevi.com.tr\/index.php\/wp-json\/wp\/v2\/product_brand?post=709844"},{"taxonomy":"product_cat","embeddable":true,"href":"https:\/\/roveyayinevi.com.tr\/index.php\/wp-json\/wp\/v2\/product_cat?post=709844"},{"taxonomy":"product_tag","embeddable":true,"href":"https:\/\/roveyayinevi.com.tr\/index.php\/wp-json\/wp\/v2\/product_tag?post=709844"}],"curies":[{"name":"wp","href":"https:\/\/api.w.org\/{rel}","templated":true}]}}