{"id":709843,"date":"2025-08-27T16:30:08","date_gmt":"2025-08-27T13:30:08","guid":{"rendered":"https:\/\/roveyayinevi.com.tr\/index.php\/urun\/sokakta-siyaset-turkiyede-protesto-eylemleri-protestocular-ve-polis\/"},"modified":"2026-04-16T02:18:45","modified_gmt":"2026-04-15T23:18:45","slug":"sokakta-siyaset-turkiyede-protesto-eylemleri-protestocular-ve-polis","status":"publish","type":"product","link":"https:\/\/roveyayinevi.com.tr\/index.php\/urun\/sokakta-siyaset-turkiyede-protesto-eylemleri-protestocular-ve-polis\/","title":{"rendered":"Sokakta Siyaset: T\u00fcrkiye\u2019de Protesto Eylemleri, Protestocular ve Polis"},"content":{"rendered":"<p>\u201cSokak, \u00e7at\u0131\u015fma, m\u00fczakere ve temsil alan\u0131d\u0131r. Sokak, mevcut haklar\u0131 koruman\u0131n, yeni hak taleplerinde bulunman\u0131n, kamu politikalar\u0131na m\u00fcdahale etmenin arac\u0131 ve mek\u00e2n\u0131d\u0131r. Sokak, siyasal d\u00fc\u015f\u00fcnceyi d\u0131\u015fa vurman\u0131n, d\u00fc\u015f\u00fcnceyi simgesel d\u00fczeyde a\u00e7\u0131klaman\u0131n arac\u0131d\u0131r. D\u00fc\u015f\u00fcnceler sokakta pankartlar, d\u00f6vizler, semboller, rit\u00fceller, grafitiler, mizah, k\u0131l\u0131k k\u0131yafetler, aksesuarlar arac\u0131l\u0131\u011f\u0131yla a\u00e7\u0131klan\u0131r. Temsili demokrasilerde se\u00e7imden se\u00e7ime aktif hale gelen yurtta\u015f\u0131n, iki se\u00e7im aras\u0131 d\u00f6nemde de etkin olmas\u0131n\u0131 sa\u011flayan kolektif eylemler, \u00f6zelde de sokak eylemleri, demokrasinin yayg\u0131nla\u015ft\u0131r\u0131lmas\u0131n\u0131n ve derinle\u015ftirilmesinin yollar\u0131ndan biridir.\u201dSokak g\u00f6sterileri, kamusal alandaki protesto eylemleri son y\u0131llarda b\u00fct\u00fcn d\u00fcnyada yayg\u0131n. T\u00fcrkiye\u2019de de bu k\u00fcresel e\u011filime ko\u015fut bir geli\u015fme varken, son y\u0131llarda sokakta siyaset \u00f6zellikle muhalif siyaset gitgide \u201ctehlikeli\u201d hale geldi. Hatta bu temel yurtta\u015f hakk\u0131n\u0131 kriminalize eden bir tutum hakimiyet kazand\u0131.Elinizdeki kitap \u0130stanbul, Ankara, \u0130zmir, Diyarbak\u0131r, Adana, Mersin\u2019den farkl\u0131 saiklere ve taleplere dayanan deneyimleri g\u00f6zleyerek, T\u00fcrkiye\u2019de sokak siyasetinin \u201cdo\u011fas\u0131n\u0131\u201d ara\u015ft\u0131r\u0131yor. Protestocular\u0131n toplumsal profili nas\u0131l \u00e7izilebilir? Ne istiyorlar? Eylem repertuar\u0131 nas\u0131l bi\u00e7imleniyor, nas\u0131l \u00e7e\u015fitleniyor?Polisin eylemlere ve eylemcilere bak\u0131\u015f\u0131n\u0131, zihniyet ve davran\u0131\u015f kal\u0131plar\u0131n\u0131 da g\u00f6z ard\u0131 etmiyor \u00e7al\u0131\u015fma. Kar\u015f\u0131l\u0131kl\u0131 geli\u015ftirilen stratejileri sokak siyasetinin bir dinami\u011fi olarak ele al\u0131yor. Ay\u015fen Uysal bu kapsaml\u0131 incelemesiyle sokak g\u00f6sterilerini ve protestolar\u0131n\u0131 hem anlamaya katk\u0131da bulunuyor hem de onlar\u0131 me\u015fru ve \u201cnormal\u201d bir siyasal-toplumsal faaliyet olarak kabul etmeye&#8230;<\/p>\n","protected":false},"excerpt":{"rendered":"<p>\u201cSokak, \u00e7at\u0131\u015fma, m\u00fczakere ve temsil alan\u0131d\u0131r. Sokak, mevcut haklar\u0131 koruman\u0131n, yeni hak taleplerinde bulunman\u0131n, kamu politikalar\u0131na m\u00fcdahale etmenin arac\u0131 ve mek\u00e2n\u0131d\u0131r. Sokak, siyasal d\u00fc\u015f\u00fcnceyi d\u0131\u015fa vurman\u0131n,<span class=\"excerpt-hellip\"> [\u2026]<\/span><\/p>\n","protected":false},"featured_media":0,"template":"","meta":{"_monsterinsights_skip_tracking":false,"_monsterinsights_sitenote_active":false,"_monsterinsights_sitenote_note":"","_monsterinsights_sitenote_category":0},"product_brand":[],"product_cat":[13590,12337],"product_tag":[],"class_list":{"0":"post-709843","1":"product","2":"type-product","3":"status-publish","5":"product_cat-arastirma-inceleme-politika-siyaset","6":"product_cat-politika-siyaset","7":"pa_cilt-ciltsiz","8":"pa_tur-kitap","9":"pa_yayinevi-iletisim-yayinlari","10":"pa_yazar-aysen-uysal","12":"first","13":"instock","14":"sale","15":"shipping-taxable","16":"purchasable","17":"product-type-simple"},"_links":{"self":[{"href":"https:\/\/roveyayinevi.com.tr\/index.php\/wp-json\/wp\/v2\/product\/709843","targetHints":{"allow":["GET"]}}],"collection":[{"href":"https:\/\/roveyayinevi.com.tr\/index.php\/wp-json\/wp\/v2\/product"}],"about":[{"href":"https:\/\/roveyayinevi.com.tr\/index.php\/wp-json\/wp\/v2\/types\/product"}],"wp:attachment":[{"href":"https:\/\/roveyayinevi.com.tr\/index.php\/wp-json\/wp\/v2\/media?parent=709843"}],"wp:term":[{"taxonomy":"product_brand","embeddable":true,"href":"https:\/\/roveyayinevi.com.tr\/index.php\/wp-json\/wp\/v2\/product_brand?post=709843"},{"taxonomy":"product_cat","embeddable":true,"href":"https:\/\/roveyayinevi.com.tr\/index.php\/wp-json\/wp\/v2\/product_cat?post=709843"},{"taxonomy":"product_tag","embeddable":true,"href":"https:\/\/roveyayinevi.com.tr\/index.php\/wp-json\/wp\/v2\/product_tag?post=709843"}],"curies":[{"name":"wp","href":"https:\/\/api.w.org\/{rel}","templated":true}]}}