{"id":709842,"date":"2025-08-27T16:30:08","date_gmt":"2025-08-27T13:30:08","guid":{"rendered":"https:\/\/roveyayinevi.com.tr\/index.php\/urun\/iste-bacon-ciltli\/"},"modified":"2026-04-16T02:18:45","modified_gmt":"2026-04-15T23:18:45","slug":"iste-bacon-ciltli","status":"publish","type":"product","link":"https:\/\/roveyayinevi.com.tr\/index.php\/urun\/iste-bacon-ciltli\/","title":{"rendered":"\u0130\u015fte Bacon (Ciltli)"},"content":{"rendered":"<p>Bacon, Caravaggio, C\u00e9zanne, Dal\u00ed, Gaudi, Gauguin, Goya, Kandinsky, Leonardo da Vinci, Magritte, Matisse, Monet, Pollock, Rembrandt, Van Gogh, Warhol, Frank Lloyd Wright. Farkl\u0131 \u00fclkelerden, farkl\u0131 ak\u0131mlardan, sanat d\u00fcnyas\u0131nda iz b\u0131rakm\u0131\u015f on yedi sanat\u00e7\u0131. \u00d6d\u00fcll\u00fc \u00e7izerlerin kitaplara \u00f6zel \u00e7izdikleri ill\u00fcstrasyonlarla her biri kendi ba\u015f\u0131na da bir sanat eseri aday\u0131 olan on yedi kitap. hep kitap \u201c\u0130\u015fte\u201d dizisiyle sanat severleri keyifli bir yolculu\u011fa \u00e7\u0131kar\u0131yor. Dizinin bu ayki kitaplar\u0131, \u0130\u015fte Bacon ve \u0130\u015fte C\u00e9zanne.Hedeflerini her zaman en y\u00fckse\u011fe koydu\u011fu i\u00e7in s\u00fcrekli ba\u015far\u0131 ile fiyasko aras\u0131nda gidip gelen bir ressam. Eserlerinin \u00e7o\u011funu imha eden bir yandan da \u00e7ok sevdi\u011fi eski \u00fcstatlara benzemek i\u00e7in yan\u0131p tutu\u015fan bir adam. S\u0131ra d\u0131\u015f\u0131 eserlerinin yan\u0131 s\u0131ra marjinal ya\u015fam tarz\u0131yla da etraf\u0131ndakileri hayrete d\u00fc\u015f\u00fcren, kimseyebenzemeyen, hi\u00e7 e\u011fitimi olmamas\u0131na ra\u011fmen \u00f6zg\u00fcnl\u00fc\u011f\u00fcyle \u00f6ne \u00e7\u0131kan bir sanat\u00e7\u0131. St\u00fcdyosunun zemininde bir katmana d\u00f6n\u00fc\u015fen g\u00f6rsel kaynaklar\u0131yla, o kaynaklardan yola \u00e7\u0131karak yapt\u0131\u011f\u0131 resimlerle sadece resimde de\u011fil sanat\u0131n her alan\u0131ndan insanlara ilham vermi\u015f bir d\u00e2hi: \u0130\u015fte Bacon!Yazar Kitty Hauser\u2019\u0131n kalemiyle Christina Christoforou\u2019nun bu kitaba \u00f6zel yapt\u0131\u011f\u0131 \u00e7izimler, bizi resimlerinin yorumlanmas\u0131ndan nefret eden bir d\u00e2hinin kimsenin tam olarak \u00e7\u00f6zemedi\u011fi hayal d\u00fcnyas\u0131na davet ediyor.<\/p>\n","protected":false},"excerpt":{"rendered":"<p>Bacon, Caravaggio, C\u00e9zanne, Dal\u00ed, Gaudi, Gauguin, Goya, Kandinsky, Leonardo da Vinci, Magritte, Matisse, Monet, Pollock, Rembrandt, Van Gogh, Warhol, Frank Lloyd Wright. Farkl\u0131 \u00fclkelerden, farkl\u0131 ak\u0131mlardan,<span class=\"excerpt-hellip\"> [\u2026]<\/span><\/p>\n","protected":false},"featured_media":0,"template":"","meta":{"_monsterinsights_skip_tracking":false,"_monsterinsights_sitenote_active":false,"_monsterinsights_sitenote_note":"","_monsterinsights_sitenote_category":0},"product_brand":[],"product_cat":[15733,12408],"product_tag":[],"class_list":{"0":"post-709842","1":"product","2":"type-product","3":"status-publish","5":"product_cat-resim","6":"product_cat-sanat","7":"pa_cilt-ciltli","8":"pa_tur-kitap","9":"pa_yayinevi-hep-kitap","10":"pa_yazar-kitty-hauser","12":"first","13":"instock","14":"sale","15":"shipping-taxable","16":"purchasable","17":"product-type-simple"},"_links":{"self":[{"href":"https:\/\/roveyayinevi.com.tr\/index.php\/wp-json\/wp\/v2\/product\/709842","targetHints":{"allow":["GET"]}}],"collection":[{"href":"https:\/\/roveyayinevi.com.tr\/index.php\/wp-json\/wp\/v2\/product"}],"about":[{"href":"https:\/\/roveyayinevi.com.tr\/index.php\/wp-json\/wp\/v2\/types\/product"}],"wp:attachment":[{"href":"https:\/\/roveyayinevi.com.tr\/index.php\/wp-json\/wp\/v2\/media?parent=709842"}],"wp:term":[{"taxonomy":"product_brand","embeddable":true,"href":"https:\/\/roveyayinevi.com.tr\/index.php\/wp-json\/wp\/v2\/product_brand?post=709842"},{"taxonomy":"product_cat","embeddable":true,"href":"https:\/\/roveyayinevi.com.tr\/index.php\/wp-json\/wp\/v2\/product_cat?post=709842"},{"taxonomy":"product_tag","embeddable":true,"href":"https:\/\/roveyayinevi.com.tr\/index.php\/wp-json\/wp\/v2\/product_tag?post=709842"}],"curies":[{"name":"wp","href":"https:\/\/api.w.org\/{rel}","templated":true}]}}