{"id":709841,"date":"2025-08-27T16:30:07","date_gmt":"2025-08-27T13:30:07","guid":{"rendered":"https:\/\/roveyayinevi.com.tr\/index.php\/urun\/iste-cezanne-ciltli\/"},"modified":"2026-04-16T02:18:45","modified_gmt":"2026-04-15T23:18:45","slug":"iste-cezanne-ciltli","status":"publish","type":"product","link":"https:\/\/roveyayinevi.com.tr\/index.php\/urun\/iste-cezanne-ciltli\/","title":{"rendered":"\u0130\u015fte Cezanne (Ciltli)"},"content":{"rendered":"<p>Bacon, Caravaggio, C\u00e9zanne, Dal\u00ed, Gaudi, Gauguin, Goya, Kandinsky, Leonardo da Vinci, Magritte, Matisse, Monet, Pollock, Rembrandt, Van Gogh, Warhol, Frank Lloyd Wright. Farkl\u0131 \u00fclkelerden, farkl\u0131 ak\u0131mlardan, sanat d\u00fcnyas\u0131nda iz b\u0131rakm\u0131\u015f on yedi sanat\u00e7\u0131. \u00d6d\u00fcll\u00fc \u00e7izerlerin kitaplara \u00f6zel \u00e7izdikleri ill\u00fcstrasyonlarla her biri kendi ba\u015f\u0131na da bir sanat eseri aday\u0131 olan on yedi kitap. hep kitap \u201c\u0130\u015fte\u201d dizisiyle sanatseverleri keyifli bir yolculu\u011fa \u00e7\u0131kar\u0131yor. Dizinin bu ayki kitaplar\u0131, \u0130\u015fte Bacon ve \u0130\u015fte C\u00e9zanne.\u0130\u00e7e kapan\u0131k, \u015f\u00fcpheci, daima huzursuz&#8230; Kariyerinin b\u00fcy\u00fck bir b\u00f6l\u00fcm\u00fc resimleriyle alay eden ya da onlardan rahats\u0131z olan ele\u015ftirmenler ve halk taraf\u0131ndan reddedilmenin s\u0131k\u0131nt\u0131s\u0131yla ge\u00e7en bir d\u00e2hi. Hayat\u0131n\u0131n sonuna do\u011fru \u00e7ift katarakt te\u015fhisi konmas\u0131na ra\u011fmen f\u0131r\u00e7ay\u0131 bir an olsun elinden b\u0131rakmam\u0131\u015f, eserleriyle kendinden sonraki ressamlara sadece ilham de\u011fil, cesaret de vermi\u015f bir adam. Sanat\u0131n\u0131n izinde bir gezgine d\u00f6n\u00fc\u015fen, hayat\u0131 boyunca \u00f6\u011frenmekten vazge\u00e7meyen, kendisiyse ba\u015fl\u0131 ba\u015f\u0131na okul say\u0131labilecek bir bilgin: \u0130\u015fte C\u00e9zanne!Sanat teorisyeni Jorella Andrews\u2019un kalemiyle \u00e7izer Patrick Vale\u2019in bu kitaba \u00f6zel \u00e7izdi\u011fi ill\u00fcstrasyonlar bizi bir tutkunun pe\u015finden C\u00e9zanne\u2019\u0131n ad\u0131mlar\u0131n\u0131 izlemeye \u00e7a\u011f\u0131r\u0131yor.<\/p>\n","protected":false},"excerpt":{"rendered":"<p>Bacon, Caravaggio, C\u00e9zanne, Dal\u00ed, Gaudi, Gauguin, Goya, Kandinsky, Leonardo da Vinci, Magritte, Matisse, Monet, Pollock, Rembrandt, Van Gogh, Warhol, Frank Lloyd Wright. Farkl\u0131 \u00fclkelerden, farkl\u0131 ak\u0131mlardan,<span class=\"excerpt-hellip\"> [\u2026]<\/span><\/p>\n","protected":false},"featured_media":0,"template":"","meta":{"_monsterinsights_skip_tracking":false,"_monsterinsights_sitenote_active":false,"_monsterinsights_sitenote_note":"","_monsterinsights_sitenote_category":0},"product_brand":[],"product_cat":[15733,12408],"product_tag":[],"class_list":{"0":"post-709841","1":"product","2":"type-product","3":"status-publish","5":"product_cat-resim","6":"product_cat-sanat","7":"pa_cilt-ciltli","8":"pa_tur-kitap","9":"pa_yayinevi-hep-kitap","10":"pa_yazar-jorella-andrews","12":"first","13":"instock","14":"sale","15":"shipping-taxable","16":"purchasable","17":"product-type-simple"},"_links":{"self":[{"href":"https:\/\/roveyayinevi.com.tr\/index.php\/wp-json\/wp\/v2\/product\/709841","targetHints":{"allow":["GET"]}}],"collection":[{"href":"https:\/\/roveyayinevi.com.tr\/index.php\/wp-json\/wp\/v2\/product"}],"about":[{"href":"https:\/\/roveyayinevi.com.tr\/index.php\/wp-json\/wp\/v2\/types\/product"}],"wp:attachment":[{"href":"https:\/\/roveyayinevi.com.tr\/index.php\/wp-json\/wp\/v2\/media?parent=709841"}],"wp:term":[{"taxonomy":"product_brand","embeddable":true,"href":"https:\/\/roveyayinevi.com.tr\/index.php\/wp-json\/wp\/v2\/product_brand?post=709841"},{"taxonomy":"product_cat","embeddable":true,"href":"https:\/\/roveyayinevi.com.tr\/index.php\/wp-json\/wp\/v2\/product_cat?post=709841"},{"taxonomy":"product_tag","embeddable":true,"href":"https:\/\/roveyayinevi.com.tr\/index.php\/wp-json\/wp\/v2\/product_tag?post=709841"}],"curies":[{"name":"wp","href":"https:\/\/api.w.org\/{rel}","templated":true}]}}