{"id":709840,"date":"2025-08-27T16:30:07","date_gmt":"2025-08-27T13:30:07","guid":{"rendered":"https:\/\/roveyayinevi.com.tr\/index.php\/urun\/dumeni-yaraticiliga-kirmak-hikaye-denizine-yelken-acmak-icin-bir-21-yuzyil-kilavuzu\/"},"modified":"2026-04-16T02:18:45","modified_gmt":"2026-04-15T23:18:45","slug":"dumeni-yaraticiliga-kirmak-hikaye-denizine-yelken-acmak-icin-bir-21-yuzyil-kilavuzu","status":"publish","type":"product","link":"https:\/\/roveyayinevi.com.tr\/index.php\/urun\/dumeni-yaraticiliga-kirmak-hikaye-denizine-yelken-acmak-icin-bir-21-yuzyil-kilavuzu\/","title":{"rendered":"D\u00fcmeni Yarat\u0131c\u0131l\u0131\u011fa K\u0131rmak: Hikaye Denizine Yelken A\u00e7mak \u0130\u00e7in Bir 21. Y\u00fczy\u0131l K\u0131lavuzu"},"content":{"rendered":"<p>Bir i\u00e7g\u00fcd\u00fcd\u00fcr asl\u0131nda yazarl\u0131k. Kimseye tam olarak anlat\u0131lamayacak bir \u00e7a\u011fr\u0131 gibi ele ge\u00e7irir insan\u0131 ve kurulan bir hayal b\u00fct\u00fcn ger\u00e7ekli\u011fe bask\u0131n \u00e7\u0131kar. K\u00e2\u011f\u0131da d\u00f6k\u00fclenden \u00e7o\u011fu kez memnun kal\u0131nmaz, eksiklikler fark edilir ancak ad\u0131 konulamaz. \u0130\u015fte bu noktada, Amerika\u2019n\u0131n ya\u015fayan en \u00f6nemli yazarlar\u0131ndan Ursula K. Le Guin size kendi s\u0131rlar\u0131n\u0131 a\u00e7\u0131yor ve yarat\u0131c\u0131l\u0131k denen bu f\u0131rt\u0131nal\u0131 denizde t\u00fcm yazarlar\u0131n elinden tutup, onlara dalgalarla nas\u0131l bo\u011fu\u015facaklar\u0131n\u0131 g\u00f6steriyor.Modern \u00e7a\u011fda yaz\u0131 yazman\u0131n zorluklar\u0131 da var bu kitapta; \u201cDo\u011fru yerde do\u011fru kelimeyi kullanarak bir ritim yakalamak m\u00fcmk\u00fcn m\u00fc?\u201d, \u201cBak\u0131\u015f a\u00e7\u0131s\u0131nda tutarl\u0131l\u0131k metni nas\u0131l etkiler?\u201d gibi sorular\u0131n yan\u0131tlar\u0131 da. D\u00fcmeni Yarat\u0131c\u0131l\u0131\u011fa K\u0131rmak, yaln\u0131zca bir kitap de\u011fil; al\u0131\u015ft\u0131rmalar ve p\u00fcf noktalar\u0131 ile d\u00fcnya edebiyat\u0131na damga vurmu\u015f isimlerin gizemlerinin pe\u015fine d\u00fc\u015fece\u011finiz bir harita, sizi ve hayallerinizi yutmak \u00fczere olan bilinmezlere kar\u015f\u0131 rotan\u0131z\u0131 belirlemenizi sa\u011flayacak bir pusula da ayn\u0131 zamanda. Haydi, siz de d\u00fcmeni yarat\u0131c\u0131l\u0131\u011fa k\u0131r\u0131n! <\/p>\n","protected":false},"excerpt":{"rendered":"<p>Bir i\u00e7g\u00fcd\u00fcd\u00fcr asl\u0131nda yazarl\u0131k. Kimseye tam olarak anlat\u0131lamayacak bir \u00e7a\u011fr\u0131 gibi ele ge\u00e7irir insan\u0131 ve kurulan bir hayal b\u00fct\u00fcn ger\u00e7ekli\u011fe bask\u0131n \u00e7\u0131kar. K\u00e2\u011f\u0131da d\u00f6k\u00fclenden \u00e7o\u011fu kez<span class=\"excerpt-hellip\"> [\u2026]<\/span><\/p>\n","protected":false},"featured_media":0,"template":"","meta":{"_monsterinsights_skip_tracking":false,"_monsterinsights_sitenote_active":false,"_monsterinsights_sitenote_note":"","_monsterinsights_sitenote_category":0},"product_brand":[],"product_cat":[12777,12291],"product_tag":[],"class_list":{"0":"post-709840","1":"product","2":"type-product","3":"status-publish","5":"product_cat-deneme","6":"product_cat-edebiyat","7":"pa_cilt-ciltsiz","8":"pa_tur-kitap","9":"pa_yayinevi-hep-kitap","10":"pa_yazar-ursula-k-le-guin","12":"first","13":"instock","14":"sale","15":"shipping-taxable","16":"purchasable","17":"product-type-simple"},"_links":{"self":[{"href":"https:\/\/roveyayinevi.com.tr\/index.php\/wp-json\/wp\/v2\/product\/709840","targetHints":{"allow":["GET"]}}],"collection":[{"href":"https:\/\/roveyayinevi.com.tr\/index.php\/wp-json\/wp\/v2\/product"}],"about":[{"href":"https:\/\/roveyayinevi.com.tr\/index.php\/wp-json\/wp\/v2\/types\/product"}],"wp:attachment":[{"href":"https:\/\/roveyayinevi.com.tr\/index.php\/wp-json\/wp\/v2\/media?parent=709840"}],"wp:term":[{"taxonomy":"product_brand","embeddable":true,"href":"https:\/\/roveyayinevi.com.tr\/index.php\/wp-json\/wp\/v2\/product_brand?post=709840"},{"taxonomy":"product_cat","embeddable":true,"href":"https:\/\/roveyayinevi.com.tr\/index.php\/wp-json\/wp\/v2\/product_cat?post=709840"},{"taxonomy":"product_tag","embeddable":true,"href":"https:\/\/roveyayinevi.com.tr\/index.php\/wp-json\/wp\/v2\/product_tag?post=709840"}],"curies":[{"name":"wp","href":"https:\/\/api.w.org\/{rel}","templated":true}]}}