{"id":709837,"date":"2025-08-27T16:30:05","date_gmt":"2025-08-27T13:30:05","guid":{"rendered":"https:\/\/roveyayinevi.com.tr\/index.php\/urun\/madeline-finn-ile-kutuphane-kopegi\/"},"modified":"2026-04-16T02:18:44","modified_gmt":"2026-04-15T23:18:44","slug":"madeline-finn-ile-kutuphane-kopegi","status":"publish","type":"product","link":"https:\/\/roveyayinevi.com.tr\/index.php\/urun\/madeline-finn-ile-kutuphane-kopegi\/","title":{"rendered":"Madeline Finn ile K\u00fct\u00fcphane K\u00f6pe\u011fi"},"content":{"rendered":"<p>Madeline Finn, okuma yazmay\u0131 yeni \u00f6\u011freniyor ve s\u00f6yledi\u011fine g\u00f6- re okumay\u0131 pek sevmiyor. Di\u011fer yandan da \u00f6\u011fretmeninin s\u0131n\u0131fta okumay\u0131 s\u00f6ken ve ak\u0131c\u0131 okuyan arkada\u015flar\u0131na verdi\u011fi y\u0131ld\u0131z \u00e7\u0131kart- mas\u0131ndan almak istiyor. \u201cDaha \u00e7ok \u00e7al\u0131\u015fmal\u0131s\u0131n\u201d anlam\u0131na gelen kalpli \u00e7\u0131kartmalarla idare etmek zorunda kal\u0131yor. Derken bir cu- martesi g\u00fcn\u00fc k\u00fct\u00fcphanede Bonnie isimli bir k\u00f6pe\u011fe kitap okuma- ya ba\u015fl\u0131yor. Hata yapt\u0131\u011f\u0131nda ya da tak\u0131ld\u0131\u011f\u0131nda Bonnie ona hi\u00e7 g\u00fcl- medi\u011fi i\u00e7in kendini daha rahat hissediyor. Bonnie sayesinde Ma- deline Finn okuman\u0131n tad\u0131na var\u0131yor. Yeni bir \u015fey \u00f6\u011frenirken sab\u0131rl\u0131 olmaya ve denemekten vazge\u00e7me- meye dair g\u00fczel bir hik\u00e2ye\u2026 <\/p>\n","protected":false},"excerpt":{"rendered":"<p>Madeline Finn, okuma yazmay\u0131 yeni \u00f6\u011freniyor ve s\u00f6yledi\u011fine g\u00f6- re okumay\u0131 pek sevmiyor. Di\u011fer yandan da \u00f6\u011fretmeninin s\u0131n\u0131fta okumay\u0131 s\u00f6ken ve ak\u0131c\u0131 okuyan arkada\u015flar\u0131na verdi\u011fi y\u0131ld\u0131z<span class=\"excerpt-hellip\"> [\u2026]<\/span><\/p>\n","protected":false},"featured_media":0,"template":"","meta":{"_monsterinsights_skip_tracking":false,"_monsterinsights_sitenote_active":false,"_monsterinsights_sitenote_note":"","_monsterinsights_sitenote_category":0},"product_brand":[],"product_cat":[12913,12274],"product_tag":[],"class_list":{"0":"post-709837","1":"product","2":"type-product","3":"status-publish","5":"product_cat-3-6-yas-kitaplari","6":"product_cat-cocuk-ve-genclik-kitaplari","7":"pa_cilt-ciltsiz","8":"pa_tur-kitap","9":"pa_yayinevi-hep-kitap","10":"pa_yazar-lisa-papp","12":"first","13":"instock","14":"sale","15":"shipping-taxable","16":"purchasable","17":"product-type-simple"},"_links":{"self":[{"href":"https:\/\/roveyayinevi.com.tr\/index.php\/wp-json\/wp\/v2\/product\/709837","targetHints":{"allow":["GET"]}}],"collection":[{"href":"https:\/\/roveyayinevi.com.tr\/index.php\/wp-json\/wp\/v2\/product"}],"about":[{"href":"https:\/\/roveyayinevi.com.tr\/index.php\/wp-json\/wp\/v2\/types\/product"}],"wp:attachment":[{"href":"https:\/\/roveyayinevi.com.tr\/index.php\/wp-json\/wp\/v2\/media?parent=709837"}],"wp:term":[{"taxonomy":"product_brand","embeddable":true,"href":"https:\/\/roveyayinevi.com.tr\/index.php\/wp-json\/wp\/v2\/product_brand?post=709837"},{"taxonomy":"product_cat","embeddable":true,"href":"https:\/\/roveyayinevi.com.tr\/index.php\/wp-json\/wp\/v2\/product_cat?post=709837"},{"taxonomy":"product_tag","embeddable":true,"href":"https:\/\/roveyayinevi.com.tr\/index.php\/wp-json\/wp\/v2\/product_tag?post=709837"}],"curies":[{"name":"wp","href":"https:\/\/api.w.org\/{rel}","templated":true}]}}