{"id":709835,"date":"2025-08-27T16:29:33","date_gmt":"2025-08-27T13:29:33","guid":{"rendered":"https:\/\/roveyayinevi.com.tr\/index.php\/urun\/kansersavar-mutfak\/"},"modified":"2026-04-16T02:18:44","modified_gmt":"2026-04-15T23:18:44","slug":"kansersavar-mutfak","status":"publish","type":"product","link":"https:\/\/roveyayinevi.com.tr\/index.php\/urun\/kansersavar-mutfak\/","title":{"rendered":"Kansersavar Mutfak"},"content":{"rendered":"<p>Kanserle m\u00fccadele, kanser h\u00fccrelerinin akl\u0131 ile beden akl\u0131n\u0131n m\u00fccadelesidir. Bedenimiz kanser h\u00fccrelerine kar\u015f\u0131 savunmas\u0131z de\u011fildir. Daha do\u011fu\u015ftan, biz kanser olmadan bize bah\u015fedilmi\u015f bir \u2018kanserle m\u00fccadele donan\u0131m\u0131\u2019 ile do\u011fuyoruz ve bu donan\u0131m bir kanserojen denizinde y\u00fczmemize ra\u011fmen kanser olmam\u0131z\u0131 engelliyor. Bir \u015fekilde bu donan\u0131ma zarar verip de kanser oldu\u011fumuzda da i\u015f bitmiyor; bu sistem iyile\u015ftirilirse bizim de iyile\u015fmemizi sa\u011fl\u0131yor ki burada da tabiat akl\u0131 devreye giriyor. Tabiat, bizim kanserle sava\u015fan sistemimizi \u2018kam\u00e7\u0131layan\u2019 cevherlerle dolu, beslenirken de \u2018\u015fifalanabiliyoruz\u2019 e\u011fer tabiattan bilim \u0131\u015f\u0131\u011f\u0131nda ak\u0131ll\u0131ca istifade edebilirsek.Patoloji ve Fitoterapi Uzman\u0131 Dr. Elif G\u00fcvelo\u011flu, Kansersavar Mutfak kitab\u0131n\u0131, y\u0131llar\u0131n tecr\u00fcbesi ile i\u015fte tam da bunun i\u00e7in yazd\u0131!Kuruyemi\u015flerden baharatlara, sebzelerden baharatlara, iksirlerden \u015furuplara, \u00e7aylardan tatl\u0131lara, salatalardan \u00e7orbalara ve tur\u015fulara t\u00fcm kansersavar besinler, farkl\u0131 tarifler e\u015fli\u011finde bu kitapta. Bu besinlerle hem kanserden korunmak hem de kanser tedavisine destek olmak m\u00fcmk\u00fcn!Afiyet, \u015fifa olsun&#8230; <\/p>\n","protected":false},"excerpt":{"rendered":"<p>Kanserle m\u00fccadele, kanser h\u00fccrelerinin akl\u0131 ile beden akl\u0131n\u0131n m\u00fccadelesidir. Bedenimiz kanser h\u00fccrelerine kar\u015f\u0131 savunmas\u0131z de\u011fildir. Daha do\u011fu\u015ftan, biz kanser olmadan bize bah\u015fedilmi\u015f bir \u2018kanserle m\u00fccadele donan\u0131m\u0131\u2019<span class=\"excerpt-hellip\"> [\u2026]<\/span><\/p>\n","protected":false},"featured_media":0,"template":"","meta":{"_monsterinsights_skip_tracking":false,"_monsterinsights_sitenote_active":false,"_monsterinsights_sitenote_note":"","_monsterinsights_sitenote_category":0},"product_brand":[],"product_cat":[13402,13365],"product_tag":[],"class_list":{"0":"post-709835","1":"product","2":"type-product","3":"status-publish","5":"product_cat-beslenme-ve-diyet","6":"product_cat-saglik","7":"pa_cilt-ciltsiz","8":"pa_tur-kitap","9":"pa_yayinevi-hayykitap","10":"pa_yazar-elif-guveloglu","12":"first","13":"instock","14":"sale","15":"shipping-taxable","16":"purchasable","17":"product-type-simple"},"_links":{"self":[{"href":"https:\/\/roveyayinevi.com.tr\/index.php\/wp-json\/wp\/v2\/product\/709835","targetHints":{"allow":["GET"]}}],"collection":[{"href":"https:\/\/roveyayinevi.com.tr\/index.php\/wp-json\/wp\/v2\/product"}],"about":[{"href":"https:\/\/roveyayinevi.com.tr\/index.php\/wp-json\/wp\/v2\/types\/product"}],"wp:attachment":[{"href":"https:\/\/roveyayinevi.com.tr\/index.php\/wp-json\/wp\/v2\/media?parent=709835"}],"wp:term":[{"taxonomy":"product_brand","embeddable":true,"href":"https:\/\/roveyayinevi.com.tr\/index.php\/wp-json\/wp\/v2\/product_brand?post=709835"},{"taxonomy":"product_cat","embeddable":true,"href":"https:\/\/roveyayinevi.com.tr\/index.php\/wp-json\/wp\/v2\/product_cat?post=709835"},{"taxonomy":"product_tag","embeddable":true,"href":"https:\/\/roveyayinevi.com.tr\/index.php\/wp-json\/wp\/v2\/product_tag?post=709835"}],"curies":[{"name":"wp","href":"https:\/\/api.w.org\/{rel}","templated":true}]}}