{"id":709831,"date":"2025-08-27T16:29:31","date_gmt":"2025-08-27T13:29:31","guid":{"rendered":"https:\/\/roveyayinevi.com.tr\/index.php\/urun\/cocugunuz-buyurken-sizi-neler-bekler\/"},"modified":"2026-04-16T02:18:44","modified_gmt":"2026-04-15T23:18:44","slug":"cocugunuz-buyurken-sizi-neler-bekler","status":"publish","type":"product","link":"https:\/\/roveyayinevi.com.tr\/index.php\/urun\/cocugunuz-buyurken-sizi-neler-bekler\/","title":{"rendered":"\u00c7ocu\u011funuz B\u00fcy\u00fcrken Sizi Neler Bekler?"},"content":{"rendered":"<p>Anne babalar\u0131n, b\u00fcy\u00fcmekte olan \u00e7ocuklar\u0131n\u0131n bak\u0131m, sa\u011fl\u0131k ve g\u00fcvenli\u011fi konusunda bilmek isteyecekleri her \u015feyi ayr\u0131nt\u0131l\u0131 ve g\u00fcvenilir bir bi\u00e7imde a\u00e7\u0131klayan kapsaml\u0131 bir rehber. \u00c7ocu\u011fun tuvalet e\u011fitiminden a\u011flama n\u00f6betlerine, uykusundan beslenme problemlerine, oyun grubundan anaokulu se\u00e7imine, g\u00fcvenli\u011finden karde\u015fleriyle ili\u015fkilerine ve \u00f6zel ihtiya\u00e7lar\u0131na kadar pek \u00e7ok konuda yararl\u0131 bilgiler ve anla\u015f\u0131lmas\u0131 kolay \u00e7\u00f6z\u00fcmler. &#8220;B\u00fcy\u00fck bir zeka ve sa\u011fduyunun \u00fcr\u00fcn\u00fc birinci s\u0131n\u0131f bir kaynak. Bu kitab\u0131n, bir anne ya da baban\u0131n hi\u00e7bir sorusunu yan\u0131ts\u0131z b\u0131rakamayaca\u011f\u0131ndan eminim.&#8221; -Dr. Mark D. Widome, Pennsylvania Eyalet \u00dcniversitesi Pediatri Profes\u00f6r\u00fc- &#8220;Bu e\u015fsiz rehber bize nezaket, sayg\u0131 ve payla\u015fma gibi de\u011ferleri, \u00f6zg\u00fcven ve d\u00fcr\u00fcstl\u00fck gibi temel ihtiya\u00e7lar\u0131 \u00e7ocu\u011fa \u00f6\u011fretmek i\u00e7in vaktin hi\u00e7 de \u00e7ok erken olmad\u0131\u011f\u0131n\u0131 anlat\u0131yor. Bu kitap her anne baban\u0131n k\u00fct\u00fcphanesinde bulunmal\u0131.&#8221; -Marian Wright Edelman- Amerika\u2019n\u0131n en g\u00fcvenilir gebelik ve bebek bak\u0131m\u0131 kitaplar\u0131 &#8220;Bebe\u011finizi Beklerken Sizi Neler Bekler&#8221; ve &#8220;Bebe\u011finizin \u0130lk Y\u0131l\u0131nda Sizi Neler Bekler&#8221;in devam\u0131 olan bu kitapta yazarlar bu kez de \u00e7ocu\u011funu b\u00fcy\u00fctmekte olan anne babalara yard\u0131mc\u0131 olmay\u0131 hedefliyorlar. &#8220;\u00c7ocu\u011funuz B\u00fcy\u00fcrken Sizi Neler Bekler&#8221;, \u00e7ocu\u011funuzun fiziksel ve sosyal geli\u015fimini daha sa\u011fl\u0131kl\u0131 bir bi\u00e7imde takip ederken, ayn\u0131 zamanda kendinize de zaman ay\u0131rman\u0131z\u0131 kolayla\u015ft\u0131racak pek \u00e7ok bilgi i\u00e7eriyor. Sorular\u0131n\u0131za Rahatlat\u0131c\u0131 Yan\u0131tlar: &#8211; \u00c7ocu\u011fum i\u00e7in do\u011fru doktoru nas\u0131l se\u00e7ebilirim? &#8211; \u00c7ocu\u011fumu g\u00fcne\u015fe \u00e7\u0131karmal\u0131 m\u0131y\u0131m? &#8211; \u00c7ocu\u011fum hala alt\u0131n\u0131 \u0131slat\u0131yor! Ne yapabilirim? &#8211; Aspirin zararl\u0131 m\u0131d\u0131r? &#8211; \u00c7ocu\u011fumu biberondan nas\u0131l vazge\u00e7irebilirim? &#8211; D\u00fcztabanl\u0131\u011f\u0131n \u00e7\u00f6z\u00fcm\u00fc nedir? &#8211; Uygun bir bak\u0131c\u0131n\u0131n \u00f6zellikleri nelerdir? &#8211; Bo\u015fan\u0131yoruz. Bunun \u00e7ocu\u011fumuzu olumsuz etkilememesi i\u00e7in nas\u0131l davranmal\u0131y\u0131z? \ufffcTan\u0131t\u0131m Metni<\/p>\n","protected":false},"excerpt":{"rendered":"<p>Anne babalar\u0131n, b\u00fcy\u00fcmekte olan \u00e7ocuklar\u0131n\u0131n bak\u0131m, sa\u011fl\u0131k ve g\u00fcvenli\u011fi konusunda bilmek isteyecekleri her \u015feyi ayr\u0131nt\u0131l\u0131 ve g\u00fcvenilir bir bi\u00e7imde a\u00e7\u0131klayan kapsaml\u0131 bir rehber. \u00c7ocu\u011fun tuvalet e\u011fitiminden<span class=\"excerpt-hellip\"> [\u2026]<\/span><\/p>\n","protected":false},"featured_media":0,"template":"","meta":{"_monsterinsights_skip_tracking":false,"_monsterinsights_sitenote_active":false,"_monsterinsights_sitenote_note":"","_monsterinsights_sitenote_category":0},"product_brand":[],"product_cat":[14902,13365],"product_tag":[],"class_list":{"0":"post-709831","1":"product","2":"type-product","3":"status-publish","5":"product_cat-annelik-ve-cocuk-bakimi","6":"product_cat-saglik","7":"pa_cilt-ciltli","8":"pa_tur-kitap","9":"pa_yayinevi-epsilon-yayinlari","10":"pa_yazar-arlene-eisenberg","12":"first","13":"instock","14":"sale","15":"shipping-taxable","16":"purchasable","17":"product-type-simple"},"_links":{"self":[{"href":"https:\/\/roveyayinevi.com.tr\/index.php\/wp-json\/wp\/v2\/product\/709831","targetHints":{"allow":["GET"]}}],"collection":[{"href":"https:\/\/roveyayinevi.com.tr\/index.php\/wp-json\/wp\/v2\/product"}],"about":[{"href":"https:\/\/roveyayinevi.com.tr\/index.php\/wp-json\/wp\/v2\/types\/product"}],"wp:attachment":[{"href":"https:\/\/roveyayinevi.com.tr\/index.php\/wp-json\/wp\/v2\/media?parent=709831"}],"wp:term":[{"taxonomy":"product_brand","embeddable":true,"href":"https:\/\/roveyayinevi.com.tr\/index.php\/wp-json\/wp\/v2\/product_brand?post=709831"},{"taxonomy":"product_cat","embeddable":true,"href":"https:\/\/roveyayinevi.com.tr\/index.php\/wp-json\/wp\/v2\/product_cat?post=709831"},{"taxonomy":"product_tag","embeddable":true,"href":"https:\/\/roveyayinevi.com.tr\/index.php\/wp-json\/wp\/v2\/product_tag?post=709831"}],"curies":[{"name":"wp","href":"https:\/\/api.w.org\/{rel}","templated":true}]}}