{"id":709829,"date":"2025-08-27T16:29:30","date_gmt":"2025-08-27T13:29:30","guid":{"rendered":"https:\/\/roveyayinevi.com.tr\/index.php\/urun\/kurtlar-medyasi\/"},"modified":"2026-04-16T02:18:44","modified_gmt":"2026-04-15T23:18:44","slug":"kurtlar-medyasi","status":"publish","type":"product","link":"https:\/\/roveyayinevi.com.tr\/index.php\/urun\/kurtlar-medyasi\/","title":{"rendered":"Kurtlar Medyas\u0131"},"content":{"rendered":"<p>\u00c7a\u011fda\u015fla\u015fmay\u0131 ama\u00e7 edinmi\u015f her \u00fclkenin hayalidir d\u00fcr\u00fcstl\u00fck. Bu u\u011furda halk\u0131n istek ve niyetleri, kurulu sisteminse ama\u00e7lar\u0131 vard\u0131r. Ne var ki, bu isteklerle, sistemin ama\u00e7lar\u0131n\u0131n uyu\u015fmad\u0131\u011f\u0131 noktada, inanc\u0131m\u0131z\u0131n d\u00fcsturu olan helal kazan\u00e7tan tutun da yalan s\u00f6ylemeye kadar t\u00fcm de\u011ferlerini hi\u00e7e sayan bir toplumun bireyleri olmak kaderimiz olur. Son 50 y\u0131l\u0131n T\u00fcrkiye&#8217;sinde bizlere vaaz edilenlere ra\u011fmen, haks\u0131z kazan\u00e7, adam kay\u0131rma, toplumu toplum yapan adalet, sevgi, sayg\u0131 gibi kavramlar ayaklar alt\u0131na al\u0131nm\u0131\u015ft\u0131r. Milli birlik ve beraberli\u011fi sa\u011flam temellere oturtmak ad\u0131na yap\u0131lan her t\u00fcrl\u00fc giri\u015fim, bildi\u011fimiz ama onlar\u0131n g\u00f6r\u00fcnmeyen elleri taraf\u0131ndan bilin\u00e7li ve sistematik olarak sekteye u\u011frat\u0131lm\u0131\u015ft\u0131r. Adaletten bahsedenler, \u00e7\u0131karlar\u0131 pahas\u0131na e\u015fine dostuna bu milletin \u015fuurunu ve ruhunu pe\u015fke\u015f \u00e7ekmi\u015flerdir. Yan yana bar\u0131\u015f\u0131k ya\u015famaya al\u0131\u015fm\u0131\u015f ister inan\u00e7l\u0131 ister inan\u00e7s\u0131z ortak de\u011ferlerin bir oldu\u011fu vicdanlar\u0131m\u0131z \u015fimdi birbirine yan g\u00f6zle bakar olmu\u015ftur \u0130\u015fte bu kitapta, Ayd\u0131n Do\u011fan, Nazl\u0131 Il\u0131cak, \u0130shak Alaton, Rahmi Ko\u00e7, \u00c7ilerler, H\u00fcsamettin \u00d6zkan, Fehmi Koru, Mustafa Sar\u0131g\u00fcl, Rasim Ozan K\u00fctahyal\u0131, Nagehan Al\u00e7\u0131 ve daha bir\u00e7ok ismin devleti y\u00f6neten \u015fahsiyetlerin zaman zaman iradesi d\u0131\u015f\u0131nda delikler bulup oralardan s\u0131zarak, \u00e7o\u011fu bilinen d\u0131\u015f g\u00fc\u00e7lerin de deste\u011fi ile nas\u0131l bug\u00fcnlere gelebildikleri ve bizleri de inand\u0131rmaya \u00e7al\u0131\u015ft\u0131klar\u0131 rezillikleri, belgeleyen yaz\u0131lar\u0131m\u0131 say\u0131n okurlar\u0131m\u0131n de\u011ferlendirmelerine sunuyorum.<\/p>\n","protected":false},"excerpt":{"rendered":"<p>\u00c7a\u011fda\u015fla\u015fmay\u0131 ama\u00e7 edinmi\u015f her \u00fclkenin hayalidir d\u00fcr\u00fcstl\u00fck. Bu u\u011furda halk\u0131n istek ve niyetleri, kurulu sisteminse ama\u00e7lar\u0131 vard\u0131r. Ne var ki, bu isteklerle, sistemin ama\u00e7lar\u0131n\u0131n uyu\u015fmad\u0131\u011f\u0131 noktada,<span class=\"excerpt-hellip\"> [\u2026]<\/span><\/p>\n","protected":false},"featured_media":0,"template":"","meta":{"_monsterinsights_skip_tracking":false,"_monsterinsights_sitenote_active":false,"_monsterinsights_sitenote_note":"","_monsterinsights_sitenote_category":0},"product_brand":[],"product_cat":[15983,13488],"product_tag":[],"class_list":{"0":"post-709829","1":"product","2":"type-product","3":"status-publish","5":"product_cat-iletisim-ve-medya","6":"product_cat-toplum-ve-insan","7":"pa_cilt-ciltsiz","8":"pa_tur-kitap","9":"pa_yayinevi-nergiz-yayinlari","10":"pa_yazar-tevfik-diker","12":"first","13":"instock","14":"sale","15":"shipping-taxable","16":"purchasable","17":"product-type-simple"},"_links":{"self":[{"href":"https:\/\/roveyayinevi.com.tr\/index.php\/wp-json\/wp\/v2\/product\/709829","targetHints":{"allow":["GET"]}}],"collection":[{"href":"https:\/\/roveyayinevi.com.tr\/index.php\/wp-json\/wp\/v2\/product"}],"about":[{"href":"https:\/\/roveyayinevi.com.tr\/index.php\/wp-json\/wp\/v2\/types\/product"}],"wp:attachment":[{"href":"https:\/\/roveyayinevi.com.tr\/index.php\/wp-json\/wp\/v2\/media?parent=709829"}],"wp:term":[{"taxonomy":"product_brand","embeddable":true,"href":"https:\/\/roveyayinevi.com.tr\/index.php\/wp-json\/wp\/v2\/product_brand?post=709829"},{"taxonomy":"product_cat","embeddable":true,"href":"https:\/\/roveyayinevi.com.tr\/index.php\/wp-json\/wp\/v2\/product_cat?post=709829"},{"taxonomy":"product_tag","embeddable":true,"href":"https:\/\/roveyayinevi.com.tr\/index.php\/wp-json\/wp\/v2\/product_tag?post=709829"}],"curies":[{"name":"wp","href":"https:\/\/api.w.org\/{rel}","templated":true}]}}