{"id":709828,"date":"2025-08-27T16:29:29","date_gmt":"2025-08-27T13:29:29","guid":{"rendered":"https:\/\/roveyayinevi.com.tr\/index.php\/urun\/sidki-babanin-oglu-ali-baki-gul-baba-divani\/"},"modified":"2026-04-16T02:18:44","modified_gmt":"2026-04-15T23:18:44","slug":"sidki-babanin-oglu-ali-baki-gul-baba-divani","status":"publish","type":"product","link":"https:\/\/roveyayinevi.com.tr\/index.php\/urun\/sidki-babanin-oglu-ali-baki-gul-baba-divani\/","title":{"rendered":"S\u0131dk\u0131 Baba\u2019n\u0131n O\u011flu &#8211; Ali Baki G\u00fcl Baba Divan\u0131"},"content":{"rendered":"<p>M\u00fclkiyet kavram\u0131n\u0131n nas\u0131l do\u011fdu\u011fu, tarihsel olarak nas\u0131l de\u011fi\u015fime u\u011frad\u0131\u011f\u0131, yabanc\u0131lar\u0131n m\u00fclk edinmesinin i\u00e7ve d\u0131\u015f dinamikleri, m\u00fclk ediniminin yasala\u015fmas\u0131, bu al\u0131\u015f sat\u0131\u015f\u0131n ar\u015fiv belgelerine yans\u0131y\u0131\u015flar\u0131, istatistikleri vehukuksal boyutlar\u0131 bu kitapta farkl\u0131 a\u00e7\u0131lardan ayr\u0131nt\u0131l\u0131 olarak ele al\u0131nm\u0131\u015ft\u0131r. <\/p>\n","protected":false},"excerpt":{"rendered":"<p>M\u00fclkiyet kavram\u0131n\u0131n nas\u0131l do\u011fdu\u011fu, tarihsel olarak nas\u0131l de\u011fi\u015fime u\u011frad\u0131\u011f\u0131, yabanc\u0131lar\u0131n m\u00fclk edinmesinin i\u00e7ve d\u0131\u015f dinamikleri, m\u00fclk ediniminin yasala\u015fmas\u0131, bu al\u0131\u015f sat\u0131\u015f\u0131n ar\u015fiv belgelerine yans\u0131y\u0131\u015flar\u0131, istatistikleri vehukuksal<span class=\"excerpt-hellip\"> [\u2026]<\/span><\/p>\n","protected":false},"featured_media":0,"template":"","meta":{"_monsterinsights_skip_tracking":false,"_monsterinsights_sitenote_active":false,"_monsterinsights_sitenote_note":"","_monsterinsights_sitenote_category":0},"product_brand":[],"product_cat":[12718,12719,15238],"product_tag":[],"class_list":{"0":"post-709828","1":"product","2":"type-product","3":"status-publish","5":"product_cat-din","6":"product_cat-islam","7":"product_cat-tasavvuf","8":"pa_cilt-ciltsiz","9":"pa_tur-kitap","10":"pa_yayinevi-helke-yayinlari","11":"pa_yazar-baki-yasa-altinok","13":"first","14":"instock","15":"sale","16":"shipping-taxable","17":"purchasable","18":"product-type-simple"},"_links":{"self":[{"href":"https:\/\/roveyayinevi.com.tr\/index.php\/wp-json\/wp\/v2\/product\/709828","targetHints":{"allow":["GET"]}}],"collection":[{"href":"https:\/\/roveyayinevi.com.tr\/index.php\/wp-json\/wp\/v2\/product"}],"about":[{"href":"https:\/\/roveyayinevi.com.tr\/index.php\/wp-json\/wp\/v2\/types\/product"}],"wp:attachment":[{"href":"https:\/\/roveyayinevi.com.tr\/index.php\/wp-json\/wp\/v2\/media?parent=709828"}],"wp:term":[{"taxonomy":"product_brand","embeddable":true,"href":"https:\/\/roveyayinevi.com.tr\/index.php\/wp-json\/wp\/v2\/product_brand?post=709828"},{"taxonomy":"product_cat","embeddable":true,"href":"https:\/\/roveyayinevi.com.tr\/index.php\/wp-json\/wp\/v2\/product_cat?post=709828"},{"taxonomy":"product_tag","embeddable":true,"href":"https:\/\/roveyayinevi.com.tr\/index.php\/wp-json\/wp\/v2\/product_tag?post=709828"}],"curies":[{"name":"wp","href":"https:\/\/api.w.org\/{rel}","templated":true}]}}