{"id":709826,"date":"2025-08-27T16:29:28","date_gmt":"2025-08-27T13:29:28","guid":{"rendered":"https:\/\/roveyayinevi.com.tr\/index.php\/urun\/milli-durus\/"},"modified":"2026-03-03T02:27:40","modified_gmt":"2026-03-02T23:27:40","slug":"milli-durus","status":"publish","type":"product","link":"https:\/\/roveyayinevi.com.tr\/index.php\/urun\/milli-durus\/","title":{"rendered":"Milli Duru\u015f"},"content":{"rendered":"<p>Osmanl\u0131&#8217;n\u0131n \u00e7\u00f6k\u00fc\u015f d\u00f6neminde s\u00f6ylenenler, yap\u0131lan-lar ve kurgulananlarla g\u00fcn\u00fcm\u00fczde ya\u015fananlar aras\u0131nda b\u00fcy\u00fck benzerlikler var. T\u00fcrkiye adeta m\u00fctareke d\u00f6ne-mini ya\u015f\u0131yor. T\u00fcrkiye AB&#8217;ye girmek istiyor (!) Kar\u015f\u0131 taraf y\u0131llard\u0131r &#8220;\u00f6nce uyut, sonra unut&#8221; politikas\u0131n\u0131 s\u00fcrd\u00fcr\u00fcyor. T\u00fcrki-ye ise stratejik m\u00fcttefik olarak kimi zaman ABD&#8217;yi, kimi zaman Rusya\u2019y\u0131, kimi zaman da ba\u015fka de\u011fi\u015fik \u00fclkeleri tan\u0131ml\u0131yor. Ge\u00e7ti\u011fimiz s\u00fcre\u00e7te, K\u00fcreselle\u015fme ya da AB&#8217;ye uyum bahane edilerek at\u0131lan ad\u0131mlar, \u00fclkenin birli\u011fini, b\u00fct\u00fcn-l\u00fc\u011f\u00fcn\u00fc ve dirli\u011fini \u00f6l\u00e7\u00fcs\u00fcz bir bi\u00e7imde d\u0131\u015f m\u00fcdahalele-re a\u00e7\u0131k hale getirmi\u015ftir. T\u00fcrkiye AB, ABD ve \u00c7ok Uluslu \u015eirketlerin k\u0131skac\u0131 alt\u0131nda art\u0131k nefes alamaz, nefes ve-remez bir durumdad\u0131r. Daha da \u00f6nemlisi onca olan bi-tene kar\u015f\u0131 milli refleks ve milli duru\u015f g\u00f6sterecek ki\u015fi ve kurumlar sindirilmi\u015f, susturulmu\u015f ve devre d\u0131\u015f\u0131 b\u0131ra-k\u0131lm\u0131\u015f olmas\u0131d\u0131r. AB, y\u0131llard\u0131r ak\u0131tt\u0131\u011f\u0131 avrolarla ciddi say\u0131da genci, sendikay\u0131, siyasiyi, sivil toplum kurulu\u015funu ve ayd\u0131n\u0131 T\u00fcrkiye aleyhine \u00f6rg\u00fctlemi\u015ftir. D\u00fcnyaya kavanozun dibinden bakmay\u0131 ve bakt\u0131rmay\u0131 al\u0131\u015fkanl\u0131k haline ge-tirmi\u015f olan besleme ayd\u0131n\u0131n tersine bu eser milli bir zemin \u00fczerinde, milli k\u00fclt\u00fcr\u00fc ve milli de\u011ferleri eksen alan bir anlay\u0131\u015fla \u00fclkeyi ve T\u00fcrk k\u00fclt\u00fcr\u00fcn\u00fc tehdit eden sorunlar\u0131 ele alm\u0131\u015ft\u0131r. <\/p>\n","protected":false},"excerpt":{"rendered":"<p>Osmanl\u0131&#8217;n\u0131n \u00e7\u00f6k\u00fc\u015f d\u00f6neminde s\u00f6ylenenler, yap\u0131lan-lar ve kurgulananlarla g\u00fcn\u00fcm\u00fczde ya\u015fananlar aras\u0131nda b\u00fcy\u00fck benzerlikler var. T\u00fcrkiye adeta m\u00fctareke d\u00f6ne-mini ya\u015f\u0131yor. T\u00fcrkiye AB&#8217;ye girmek istiyor (!) Kar\u015f\u0131 taraf y\u0131llard\u0131r<span class=\"excerpt-hellip\"> [\u2026]<\/span><\/p>\n","protected":false},"featured_media":0,"template":"","meta":{"_monsterinsights_skip_tracking":false,"_monsterinsights_sitenote_active":false,"_monsterinsights_sitenote_note":"","_monsterinsights_sitenote_category":0},"product_brand":[],"product_cat":[12337,14543],"product_tag":[],"class_list":{"0":"post-709826","1":"product","2":"type-product","3":"status-publish","5":"product_cat-politika-siyaset","6":"product_cat-turkiye-siyaseti-ve-politikasi","7":"pa_cilt-ciltsiz","8":"pa_tur-kitap","9":"pa_yayinevi-kripto-basim-yayin","10":"pa_yazar-ozcan-yeniceri","12":"first","13":"instock","14":"sale","15":"shipping-taxable","16":"purchasable","17":"product-type-simple"},"_links":{"self":[{"href":"https:\/\/roveyayinevi.com.tr\/index.php\/wp-json\/wp\/v2\/product\/709826","targetHints":{"allow":["GET"]}}],"collection":[{"href":"https:\/\/roveyayinevi.com.tr\/index.php\/wp-json\/wp\/v2\/product"}],"about":[{"href":"https:\/\/roveyayinevi.com.tr\/index.php\/wp-json\/wp\/v2\/types\/product"}],"wp:attachment":[{"href":"https:\/\/roveyayinevi.com.tr\/index.php\/wp-json\/wp\/v2\/media?parent=709826"}],"wp:term":[{"taxonomy":"product_brand","embeddable":true,"href":"https:\/\/roveyayinevi.com.tr\/index.php\/wp-json\/wp\/v2\/product_brand?post=709826"},{"taxonomy":"product_cat","embeddable":true,"href":"https:\/\/roveyayinevi.com.tr\/index.php\/wp-json\/wp\/v2\/product_cat?post=709826"},{"taxonomy":"product_tag","embeddable":true,"href":"https:\/\/roveyayinevi.com.tr\/index.php\/wp-json\/wp\/v2\/product_tag?post=709826"}],"curies":[{"name":"wp","href":"https:\/\/api.w.org\/{rel}","templated":true}]}}