{"id":709825,"date":"2025-08-27T16:29:28","date_gmt":"2025-08-27T13:29:28","guid":{"rendered":"https:\/\/roveyayinevi.com.tr\/index.php\/urun\/turk-mitolojisi\/"},"modified":"2026-04-16T02:18:44","modified_gmt":"2026-04-15T23:18:44","slug":"turk-mitolojisi","status":"publish","type":"product","link":"https:\/\/roveyayinevi.com.tr\/index.php\/urun\/turk-mitolojisi\/","title":{"rendered":"T\u00fcrk Mitolojisi"},"content":{"rendered":"<p>T\u00fcrk mitoloji, destan ve efsanelerindeki \u201c\u015eifreler\u201d di-yebilece\u011fimiz, \u201cArketipler ve Motifler\u201d, olabildi\u011fince bilimsel kaynaklar referans al\u0131narak \u00e7\u00f6z\u00fcmlenmeye \u00e7al\u0131\u015f\u0131lan bu eserde, T\u00fcrk evren tasar\u0131m\u0131 ve T\u00fcrk d\u00fc-\u015f\u00fcnce ve mant\u0131k sistemi, T\u00fcrk yarat\u0131l\u0131\u015f mitolojileri de-di\u011fimiz Altay ve Yakut T\u00fcrklerinin s\u00f6ylence k\u00fclt\u00fcr\u00fcn-deki anlat\u0131lar\u0131 ve bu anlat\u0131larda ad\u0131 ge\u00e7en Tanr\u0131 ve Tan-r\u0131\u00e7alar, G\u00f6kt\u00fcrk ve Uygur T\u00fcreyi\u015f mitolojilerindeki ay-r\u0131nt\u0131lar, bir kozmoloji mit\u2019i olan ve evrenin yarat\u0131l\u0131\u015f\u0131 alegorik bir dille ve \u015fifreli olarak anlat\u0131lan O\u011fuz Ka\u011fan Destan\u0131 ilgin\u00e7 detay ve foto\u011fraflarla incelenmi\u015ftir. Bir toplumun d\u00fc\u015f\u00fcnce bi\u00e7imini anlamak i\u00e7in, bilin-\u00e7alt\u0131nda kalan ve ku\u015faktan ku\u015fa\u011fa aktar\u0131lan s\u00f6ylence-lerini bilmemizin gerekmektedir. \u00d6rne\u011fin yeni do\u011fum yapm\u0131\u015f kad\u0131na neden k\u0131rm\u0131z\u0131 e\u015farp ba\u011fland\u0131\u011f\u0131n\u0131, al-basmas\u0131n\u0131n ne oldu\u011funu, ya da neden r\u00fcyada sa\u00e7 kesmenin \u00f6l\u00fcm olarak yorumland\u0131\u011f\u0131n\u0131 anlamak i\u00e7in T\u00fcrk Mitlerini de bilmek gerekir. Mitolojiler ile ba\u011flant\u0131l\u0131 b\u00fct\u00fcn imgeler ve simgeler toplulu\u011fu, ger\u00e7ekte o top-lumun bilin\u00e7alt\u0131n\u0131n kalbidir ve bilinenden \u00e7ok daha \u00f6nemli i\u015flevlere sahiptir. En \u00f6nemli ve temel i\u015flevi bi-lincimizi evrimle\u015ftirmek, Tanr\u0131yla b\u00fct\u00fcnle\u015fmek ve uf-kumuzu sonsuzlu\u011fa a\u00e7makt\u0131r.<\/p>\n","protected":false},"excerpt":{"rendered":"<p>T\u00fcrk mitoloji, destan ve efsanelerindeki \u201c\u015eifreler\u201d di-yebilece\u011fimiz, \u201cArketipler ve Motifler\u201d, olabildi\u011fince bilimsel kaynaklar referans al\u0131narak \u00e7\u00f6z\u00fcmlenmeye \u00e7al\u0131\u015f\u0131lan bu eserde, T\u00fcrk evren tasar\u0131m\u0131 ve T\u00fcrk d\u00fc-\u015f\u00fcnce ve<span class=\"excerpt-hellip\"> [\u2026]<\/span><\/p>\n","protected":false},"featured_media":0,"template":"","meta":{"_monsterinsights_skip_tracking":false,"_monsterinsights_sitenote_active":false,"_monsterinsights_sitenote_note":"","_monsterinsights_sitenote_category":0},"product_brand":[],"product_cat":[12304,13650],"product_tag":[],"class_list":{"0":"post-709825","1":"product","2":"type-product","3":"status-publish","5":"product_cat-tarih","6":"product_cat-turk-tarihi-arastirmalari","7":"pa_cilt-ciltsiz","8":"pa_tur-kitap","9":"pa_yayinevi-kripto-basim-yayin","10":"pa_yazar-nuray-bilgili","12":"first","13":"instock","14":"sale","15":"shipping-taxable","16":"purchasable","17":"product-type-simple"},"_links":{"self":[{"href":"https:\/\/roveyayinevi.com.tr\/index.php\/wp-json\/wp\/v2\/product\/709825","targetHints":{"allow":["GET"]}}],"collection":[{"href":"https:\/\/roveyayinevi.com.tr\/index.php\/wp-json\/wp\/v2\/product"}],"about":[{"href":"https:\/\/roveyayinevi.com.tr\/index.php\/wp-json\/wp\/v2\/types\/product"}],"wp:attachment":[{"href":"https:\/\/roveyayinevi.com.tr\/index.php\/wp-json\/wp\/v2\/media?parent=709825"}],"wp:term":[{"taxonomy":"product_brand","embeddable":true,"href":"https:\/\/roveyayinevi.com.tr\/index.php\/wp-json\/wp\/v2\/product_brand?post=709825"},{"taxonomy":"product_cat","embeddable":true,"href":"https:\/\/roveyayinevi.com.tr\/index.php\/wp-json\/wp\/v2\/product_cat?post=709825"},{"taxonomy":"product_tag","embeddable":true,"href":"https:\/\/roveyayinevi.com.tr\/index.php\/wp-json\/wp\/v2\/product_tag?post=709825"}],"curies":[{"name":"wp","href":"https:\/\/api.w.org\/{rel}","templated":true}]}}